{"id":1702,"date":"2024-05-06T17:06:17","date_gmt":"2024-05-06T17:06:17","guid":{"rendered":"https:\/\/swissbeautypro.com\/?post_type=product&#038;p=1702"},"modified":"2024-09-11T22:54:22","modified_gmt":"2024-09-11T22:54:22","slug":"facial-rejuvenation-protocol","status":"publish","type":"product","link":"https:\/\/swissbeautypro.com\/fr\/produit\/facial-rejuvenation-protocol\/","title":{"rendered":"PROTOCOLE DE RAJEUNISSEMENT DU VISAGE"},"content":{"rendered":"<p class=\" translation-block\">Le protocole de rajeunissement du visage est indiqu\u00e9 pour traiter les signes du vieillissement de la peau. Ses principes actifs ont des effets r\u00e9g\u00e9n\u00e9rants, antioxydants, raffermissants et liftants.<\/p>\n<p><strong><span style=\"color: #000000;\">Comprend<\/span><\/strong><\/p>\n<p>\u2022 1 Enzyme Powder<br \/>\n\u2022 1 Contouring Face Mask<br \/>\n\u2022 1 Skin Warrior Ageless<br \/>\n\u2022 1 Cure Peptide Serum<\/p>\n<p><strong><span style=\"color: #000000;\">\u00c9tape 1:<\/span><\/strong> <span style=\"color: #993300;\"><a style=\"color: #993300; text-decoration: underline;\" href=\"https:\/\/swissbeautypro.com\/product\/enzyme-powder-includes-measuring-cup\/\">Enzyme Powder<\/a><\/span><\/p>\n<p class=\" translation-block\">Cette \u00e9tape est essentielle pour pr\u00e9parer la peau avant tout acte m\u00e9dico-esth\u00e9tique. Il permet de \nnettoyer la peau en profondeur et de dilater les pores pour \u00e9liminer toutes les impuret\u00e9s, y compris \nles cr\u00e8mes et le maquillage. De plus, ses composants enzymatiques effectuent une exfoliation \nsuperficielle de la couche corn\u00e9e en \u00e9liminant les cellules mortes.<\/p>\n<p class=\" translation-block\">Active ingredients:<br>\r\n\u2022 Papain<br>\r\n\u2022 Allantoin<\/p>\n<p><span style=\"color: #000000;\"><strong>\u00c9tape 2:<\/strong> <span style=\"color: #993300;\"><a style=\"color: #993300; text-decoration: underline;\" href=\"https:\/\/swissbeautypro.com\/product\/contouring-face-mask\/\">Contouring Face Mask<\/a><\/span><\/span><\/p>\n<p class=\" translation-block\">Ce masque est formul\u00e9 avec de l'Argil\u00e9rine, un Hexapeptide 3 et 8 qui agit au niveau de la jonction \nneuromusculaire en diminuant la contraction musculaire et les mouvements r\u00e9p\u00e9titifs. Il r\u00e9duit ainsi \nles ridules d'expression. De plus, il contient de l'allanto\u00efne, un k\u00e9ratolytique qui favorise la \nr\u00e9g\u00e9n\u00e9ration cellulaire et apporte des b\u00e9n\u00e9fices hydratants.<\/p>\n<p><span style=\"color: #000000;\"><strong>\u00c9tape 3<\/strong> <span style=\"text-decoration: underline;\"><span style=\"color: #993300;\"><a style=\"color: #993300; text-decoration: underline;\" href=\"https:\/\/swissbeautypro.com\/product\/skin-warrior-ageless\/\">Skin Warrior Agels Hydrojelly Mask<\/a><\/span><\/span><\/span><\/p>\n<p class=\" translation-block\">Il contient une formule rafra\u00eechissante infus\u00e9e de ginseng, connu pour ses propri\u00e9t\u00e9s apaisantes et \nhydratantes, de fleur de lotus qui contient des acides gras, des flavono\u00efdes et des prot\u00e9ines, qui \naident \u00e0 renforcer le tissu conjonctif et \u00e0 garder la peau lisse et douce. Elle contient \u00e9galement de la \ncoenzyme Q10, un puissant antioxydant qui aide \u00e0 neutraliser l'action des radicaux libres et \u00e0 \nr\u00e9duire le stress oxydatif.<\/p>\n<p><strong><span style=\"color: #000000;\">\u00c9tape 4<\/span><\/strong> <span style=\"color: #993300;\"><a style=\"color: #993300; text-decoration: underline;\" href=\"https:\/\/swissbeautypro.com\/product\/peptide-serum\/\">Peptide Cure Serum<\/a><\/span><\/p>\n<p class=\" translation-block\">S\u00e9rum \u00e0 base de principes actifs qui stimulent la synth\u00e8se du collag\u00e8ne et de l'acide hyaluronique, \nam\u00e9liorant ainsi la tonicit\u00e9 et l'\u00e9lasticit\u00e9 de la peau. Contient de l'allanto\u00efne, de l'argil\u00e9rine, de \nl'acide hyaluronique et de l'extrait d\u2019avocat.<\/p>\n<p><strong><span style=\"color: #000000;\">Comment appliquer:<\/span><\/strong><\/p>\n<p><span style=\"color: #000000;\"><strong>\u00c9tape 1:<\/strong><\/span><\/p>\n<p class=\" translation-block\">\u2022 M\u00e9langez 2,5 g de poudre d'enzyme (1\/2 tasse \u00e0 mesurer) avec 5 ml d'eau (tasse \u00e0 mesurer pleine).<br>\n\u2022 M\u00e9langez pendant 1 minute jusqu'\u00e0 obtenir une mousse.<br>\n\u2022 Appliquer sur tout le visage \u00e0 l'aide d'un pinceau \u00e9ventail et masser.<br>\n\u2022 Laisser poser 7 minutes.<br>\n\u2022 Retirez le produit avec un chiffon humide ou une gaze.<br>\n* Pour les peaux sensibles, laisser agir 5 minutes et retirer.<\/p>\n<p><strong><span style=\"color: #000000;\">\u00c9tape 2:<\/span><\/strong><\/p>\n<p class=\" translation-block\">\u2022 M\u00e9langer 5 gr. de Contouring Face Mask (mesure compl\u00e8te) avec 2,5 ml d'eau (1\/2 mesure), \njusqu'\u00e0 l'obtention d'une consistance fluide. <br>\n\u2022 Appliquer le produit sur le visage et le cou de mani\u00e8re ascendante, en passant sur les lignes \nd'expression : Front, entre les sourcils, lignes verticales des l\u00e8vres, lignes p\u00e9riorbiculaires et \nsillons du visage (nasojugal, nasog\u00e9nien, nasog\u00e9nien). <br>\n\u2022 Laisser s\u00e9cher et agir pendant 10 minutes. <br>\n\u2022 Humidifier le visage jusqu'\u00e0 ce que la tension se rel\u00e2che, puis retirer \u00e0 l'aide d'un chiffon ou \nd'une gaze humide.<\/p>\n<p><strong><span style=\"color: #000000;\">\u00c9tape 3<\/span><\/strong><\/p>\n<p class=\" translation-block\">\u2022 M\u00e9langer 50 g de Skin Warrior Ageless Hydrojelly Mask avec 40 ml d'eau jusqu'\u00e0 obtention \nd'une consistance de gel. <br>\n\u2022 Appliquer sur la surface de la peau \u00e0 traiter, en \u00e9talant le m\u00e9lange uniform\u00e9ment. Veillez \u00e0 \nlaisser une couche \u00e9paisse sur les bords ext\u00e9rieurs du masque. <br>\n\u2022 Laissez agir pendant 15 \u00e0 20 minutes. <br>\n\u2022 Soulevez les bords et retirez le masque en un seul geste.<\/p>\n<p><strong><span style=\"color: #000000;\">\u00c9tape 4<\/span><\/strong><\/p>\n<p>- Appliquez 3 \u00e0 4 gouttes de s\u00e9rum sur la zone trait\u00e9e et massez jusqu'\u00e0 absorption compl\u00e8te.<\/p>\n<p><em><strong><span style=\"color: #000000;\">* Vous pouvez p\u00e9n\u00e9trer le s\u00e9rum avec du courant galvanique ou des \u00e9quipements \u00e0 haute \nfr\u00e9quence.<\/span><\/strong><\/em><\/p>","protected":false},"excerpt":{"rendered":"<p><span style=\"color: #000000;\">Livraison 2-3 jours ouvrables<\/span><\/p>","protected":false},"featured_media":1665,"comment_status":"open","ping_status":"closed","template":"","meta":[],"product_cat":[137],"product_tag":[],"class_list":{"0":"post-1702","1":"product","2":"type-product","3":"status-publish","4":"has-post-thumbnail","6":"product_cat-facial-rejuvenation","8":"first","9":"outofstock","10":"taxable","11":"shipping-taxable","12":"product-type-simple"},"_links":{"self":[{"href":"https:\/\/swissbeautypro.com\/fr\/wp-json\/wp\/v2\/product\/1702","targetHints":{"allow":["GET"]}}],"collection":[{"href":"https:\/\/swissbeautypro.com\/fr\/wp-json\/wp\/v2\/product"}],"about":[{"href":"https:\/\/swissbeautypro.com\/fr\/wp-json\/wp\/v2\/types\/product"}],"replies":[{"embeddable":true,"href":"https:\/\/swissbeautypro.com\/fr\/wp-json\/wp\/v2\/comments?post=1702"}],"version-history":[{"count":6,"href":"https:\/\/swissbeautypro.com\/fr\/wp-json\/wp\/v2\/product\/1702\/revisions"}],"predecessor-version":[{"id":2877,"href":"https:\/\/swissbeautypro.com\/fr\/wp-json\/wp\/v2\/product\/1702\/revisions\/2877"}],"wp:featuredmedia":[{"embeddable":true,"href":"https:\/\/swissbeautypro.com\/fr\/wp-json\/wp\/v2\/media\/1665"}],"wp:attachment":[{"href":"https:\/\/swissbeautypro.com\/fr\/wp-json\/wp\/v2\/media?parent=1702"}],"wp:term":[{"taxonomy":"product_cat","embeddable":true,"href":"https:\/\/swissbeautypro.com\/fr\/wp-json\/wp\/v2\/product_cat?post=1702"},{"taxonomy":"product_tag","embeddable":true,"href":"https:\/\/swissbeautypro.com\/fr\/wp-json\/wp\/v2\/product_tag?post=1702"}],"curies":[{"name":"wp","href":"https:\/\/api.w.org\/{rel}","templated":true}]}}