{"id":1759,"date":"2024-05-08T16:20:10","date_gmt":"2024-05-08T16:20:10","guid":{"rendered":"https:\/\/swissbeautypro.com\/?post_type=product&#038;p=1759"},"modified":"2026-03-11T19:22:58","modified_gmt":"2026-03-11T19:22:58","slug":"vita-sheet-mask","status":"publish","type":"product","link":"https:\/\/swissbeautypro.com\/fr\/produit\/vita-sheet-mask\/","title":{"rendered":"VITA SHEET MASK"},"content":{"rendered":"<p><strong><span style=\"color: #000000;\">INGR\u00c9DIENTS ACTIFS :<\/span><\/strong><\/p>\n<p>- Vitamine C<\/p>\n<p>- Niacinamide<\/p>\n<p class=\" translation-block\">Fabriqu\u00e9 \u00e0 partir de cellulose 100% naturelle, biod\u00e9gradable et respectueuse de la peau. Le masque \nforme une sorte de barri\u00e8re qui retient les ingr\u00e9dients et emp\u00eache l'\u00e9vaporation. Appliquer le \nmasque sur le visage pendant 10 \u00e0 15 minutes. Une fois le temps \u00e9coul\u00e9, retirer le masque et \nterminer par une cr\u00e8me hydratante (cr\u00e8me aux peptides).<\/p>\n<p><strong><span style=\"color: #000000;\">B\u00c9N\u00c9FICES<\/span><\/strong><\/p>\n<p>Stimule les cellules de la peau<br \/>\nStimule la production de collag\u00e8ne<br \/>\nAtt\u00e9nue les rides et ridules<br \/>\nRosac\u00e9e<br \/>\nHyperpigmentation et dommages caus\u00e9s par le soleil<\/p>\n<p><strong><span style=\"color: #000000;\">APPLICAZIONI:<\/span><\/strong><\/p>\n<p>- 10 masques<\/p>","protected":false},"excerpt":{"rendered":"<p><span style=\"color: #000000;\">Livraison 2-3 jours ouvrables<\/span><\/p>","protected":false},"featured_media":1760,"comment_status":"open","ping_status":"closed","template":"","meta":[],"product_cat":[139],"product_tag":[140,84],"class_list":{"0":"post-1759","1":"product","2":"type-product","3":"status-publish","4":"has-post-thumbnail","6":"product_brand-esthemax","7":"product_cat-sheet-masks","8":"product_tag-anti-age","9":"product_tag-pigmentation","11":"first","12":"outofstock","13":"taxable","14":"shipping-taxable","15":"product-type-simple"},"_links":{"self":[{"href":"https:\/\/swissbeautypro.com\/fr\/wp-json\/wp\/v2\/product\/1759","targetHints":{"allow":["GET"]}}],"collection":[{"href":"https:\/\/swissbeautypro.com\/fr\/wp-json\/wp\/v2\/product"}],"about":[{"href":"https:\/\/swissbeautypro.com\/fr\/wp-json\/wp\/v2\/types\/product"}],"replies":[{"embeddable":true,"href":"https:\/\/swissbeautypro.com\/fr\/wp-json\/wp\/v2\/comments?post=1759"}],"version-history":[{"count":6,"href":"https:\/\/swissbeautypro.com\/fr\/wp-json\/wp\/v2\/product\/1759\/revisions"}],"predecessor-version":[{"id":2875,"href":"https:\/\/swissbeautypro.com\/fr\/wp-json\/wp\/v2\/product\/1759\/revisions\/2875"}],"wp:featuredmedia":[{"embeddable":true,"href":"https:\/\/swissbeautypro.com\/fr\/wp-json\/wp\/v2\/media\/1760"}],"wp:attachment":[{"href":"https:\/\/swissbeautypro.com\/fr\/wp-json\/wp\/v2\/media?parent=1759"}],"wp:term":[{"taxonomy":"product_cat","embeddable":true,"href":"https:\/\/swissbeautypro.com\/fr\/wp-json\/wp\/v2\/product_cat?post=1759"},{"taxonomy":"product_tag","embeddable":true,"href":"https:\/\/swissbeautypro.com\/fr\/wp-json\/wp\/v2\/product_tag?post=1759"}],"curies":[{"name":"wp","href":"https:\/\/api.w.org\/{rel}","templated":true}]}}