{"id":2223,"date":"2024-06-10T17:17:09","date_gmt":"2024-06-10T17:17:09","guid":{"rendered":"https:\/\/swissbeautypro.com\/?post_type=product&#038;p=2223"},"modified":"2024-09-12T22:21:51","modified_gmt":"2024-09-12T22:21:51","slug":"mousse-nettoyante-hydratante-douce","status":"publish","type":"product","link":"https:\/\/swissbeautypro.com\/fr\/produit\/mousse-nettoyante-hydratante-douce\/","title":{"rendered":"Mousse Nettoyante Hydratante Douce"},"content":{"rendered":"<p><span style=\"color: #000000;\"><strong>ACTION:<\/strong><\/span><\/p>\n<p class=\" translation-block\">\u2022 nettoie la peau de toutes sortes d'impuret\u00e9s <br>\n\u2022 r\u00e9tablit l'hydratation naturelle de la peau et l'apaise <br>\n\u2022 redonne \u00e0 la peau sa fra\u00eecheur naturelle, sa douceur et son confort<\/p>\n<p><strong><span style=\"color: #000000;\">TYPE DE PEAU \/ PR\u00c9OCCUPATIONS CUTAN\u00c9ES :<\/span> <\/strong><\/p>\n<p>Pour les peaux normales, s\u00e8ches et sensibles<\/p>\n<p><strong><span style=\"color: #000000;\">INGR\u00c9DIENTS ACTIFS :<\/span><\/strong><\/p>\n<p>Composants nettoyants d\u00e9licats ; prot\u00e9ines de lactos\u00e9rum ; lactose ; allanto\u00efne ; huile de jojoba ; \npant\u00e9nol ; vitamine E<\/p>\n<p><strong><span style=\"color: #000000;\">MODE D\u2019EMPLOI :<\/span><\/strong><\/p>\n<p class=\" translation-block\">\u2022 Appliquer la mousse (presser la pompe 1 \u00e0 2 fois) sur le visage, le cou et le d\u00e9collet\u00e9. <br>\n\u2022 Masser doucement pendant 1 \u00e0 2 minutes, puis rincer. <br>\n\u2022 Tonifier la peau \u00e0 l'aide d'un coton imbib\u00e9 de LK tonic (lotion). <br>\n\u2022 Appliquer 1 \u00e0 2 doses de s\u00e9rum ou de fluide concentr\u00e9 Linda Kristel et laisser p\u00e9n\u00e9trer. <br>\n\u2022 Appliquer la cr\u00e8me apr\u00e8s l'avoir m\u00e9lang\u00e9e sur la paume avec 1-3 gouttes de s\u00e9rum actif de Linda Kristel. <br> \n\u2022 Convient pour le d\u00e9maquillage des yeux. <br>\n\u2022 Utiliser quotidiennement matin et soir.<\/p>\n<p><strong><span style=\"color: #000000;\">CONTENU:<\/span> <\/strong><\/p>\n<p>150 ML.<\/p>\n<p><em><span style=\"color: #ff99cc;\"><strong>Sell Linda Kristel products in your salon and ensure great home care results for your clients.<\/strong><\/span><\/em><\/p>","protected":false},"excerpt":{"rendered":"<p><span style=\"color: #000000;\">Livraison 2-3 jours ouvrables<\/span><\/p>","protected":false},"featured_media":2227,"comment_status":"open","ping_status":"closed","template":"","meta":[],"product_cat":[92],"product_tag":[87,73,80],"class_list":{"0":"post-2223","1":"product","2":"type-product","3":"status-publish","4":"has-post-thumbnail","6":"product_brand-linda-kristel","7":"product_cat-cleansers","8":"product_tag-all-skin-types","9":"product_tag-dry-skin","10":"product_tag-sensitive-skin","12":"first","13":"instock","14":"taxable","15":"shipping-taxable","16":"product-type-simple"},"_links":{"self":[{"href":"https:\/\/swissbeautypro.com\/fr\/wp-json\/wp\/v2\/product\/2223","targetHints":{"allow":["GET"]}}],"collection":[{"href":"https:\/\/swissbeautypro.com\/fr\/wp-json\/wp\/v2\/product"}],"about":[{"href":"https:\/\/swissbeautypro.com\/fr\/wp-json\/wp\/v2\/types\/product"}],"replies":[{"embeddable":true,"href":"https:\/\/swissbeautypro.com\/fr\/wp-json\/wp\/v2\/comments?post=2223"}],"version-history":[{"count":3,"href":"https:\/\/swissbeautypro.com\/fr\/wp-json\/wp\/v2\/product\/2223\/revisions"}],"predecessor-version":[{"id":2871,"href":"https:\/\/swissbeautypro.com\/fr\/wp-json\/wp\/v2\/product\/2223\/revisions\/2871"}],"wp:featuredmedia":[{"embeddable":true,"href":"https:\/\/swissbeautypro.com\/fr\/wp-json\/wp\/v2\/media\/2227"}],"wp:attachment":[{"href":"https:\/\/swissbeautypro.com\/fr\/wp-json\/wp\/v2\/media?parent=2223"}],"wp:term":[{"taxonomy":"product_cat","embeddable":true,"href":"https:\/\/swissbeautypro.com\/fr\/wp-json\/wp\/v2\/product_cat?post=2223"},{"taxonomy":"product_tag","embeddable":true,"href":"https:\/\/swissbeautypro.com\/fr\/wp-json\/wp\/v2\/product_tag?post=2223"}],"curies":[{"name":"wp","href":"https:\/\/api.w.org\/{rel}","templated":true}]}}