{"id":2228,"date":"2024-06-10T17:35:16","date_gmt":"2024-06-10T17:35:16","guid":{"rendered":"https:\/\/swissbeautypro.com\/?post_type=product&#038;p=2228"},"modified":"2024-09-12T17:14:45","modified_gmt":"2024-09-12T17:14:45","slug":"lait-demaquillant-equilibrant","status":"publish","type":"product","link":"https:\/\/swissbeautypro.com\/fr\/produit\/lait-demaquillant-equilibrant\/","title":{"rendered":"Lait Demaquillant Equilibrant"},"content":{"rendered":"<p><span style=\"color: #000000;\"><strong>ACTION:<\/strong><\/span><\/p>\n<p class=\" translation-block\">\u2022 Elimine en douceur le maquillage, l'exc\u00e8s de s\u00e9bum et les impuret\u00e9s <br>\n\u2022 Restaure la barri\u00e8re hydro-lipidique<\/p>\n<p><span style=\"color: #000000;\"><strong>TYPE DE PEAU \/ PR\u00c9OCCUPATIONS CUTAN\u00c9ES :<\/strong> <\/span><\/p>\n<p>Pour les peaux normales, grasses et sujettes \u00e0 l'acn\u00e9.<\/p>\n<p><span style=\"color: #000000;\"><strong>INGR\u00c9DIENTS ACTIFS :<\/strong><\/span><\/p>\n<p class=\" translation-block\">Composants nettoyants d\u00e9licats ; extraits de mousse d'Islande, d'Iris florentina, de mauve, d'Aloe vera, de camomille ; panth\u00e9nol ; collag\u00e8ne hydrolys\u00e9.<\/p>\n<p><strong><span style=\"color: #000000;\">MODE D\u2019EMPLOI :<\/span><\/strong><\/p>\n<p class=\" translation-block\">\u2022 Appliquer le lait (presser la pompe 1-2 fois) sur le visage, le cou et le d\u00e9collet\u00e9. <br>\n\u2022 Masser doucement pendant 1 \u00e0 2 minutes, puis rincer. <br>\n\u2022 Tonifier la peau \u00e0 l'aide d'un coton imbib\u00e9 de LK tonic (lotion). <br>\n\u2022 Appliquer 1 \u00e0 2 doses de s\u00e9rum ou de fluide concentr\u00e9 Linda Kristel et laisser p\u00e9n\u00e9trer. <br>\n\u2022 Appliquer la cr\u00e8me apr\u00e8s l'avoir m\u00e9lang\u00e9e sur la paume avec 1-3 gouttes de s\u00e9rum actif de Linda Kristel. <br>\n\u2022 Convient pour le d\u00e9maquillage des yeux.<br> \n\u2022 Utiliser quotidiennement matin et soir.<\/p>\n<p><span style=\"color: #000000;\"><strong>CONTENU:<\/strong> <\/span><\/p>\n<p>250 ML.<\/p>\n<p><span style=\"color: #ff99cc;\">Sell Linda Kristel products in your salon and ensure great home care results for your clients.<\/span><\/p>","protected":false},"excerpt":{"rendered":"<p><span style=\"color: #000000;\">Livraison 2-3 jours ouvrables<\/span><\/p>","protected":false},"featured_media":2231,"comment_status":"open","ping_status":"closed","template":"","meta":[],"product_cat":[92],"product_tag":[87,83,88],"class_list":{"0":"post-2228","1":"product","2":"type-product","3":"status-publish","4":"has-post-thumbnail","6":"product_brand-linda-kristel","7":"product_cat-cleansers","8":"product_tag-all-skin-types","9":"product_tag-blemishes","10":"product_tag-oily-skin","12":"first","13":"instock","14":"taxable","15":"shipping-taxable","16":"product-type-simple"},"_links":{"self":[{"href":"https:\/\/swissbeautypro.com\/fr\/wp-json\/wp\/v2\/product\/2228","targetHints":{"allow":["GET"]}}],"collection":[{"href":"https:\/\/swissbeautypro.com\/fr\/wp-json\/wp\/v2\/product"}],"about":[{"href":"https:\/\/swissbeautypro.com\/fr\/wp-json\/wp\/v2\/types\/product"}],"replies":[{"embeddable":true,"href":"https:\/\/swissbeautypro.com\/fr\/wp-json\/wp\/v2\/comments?post=2228"}],"version-history":[{"count":3,"href":"https:\/\/swissbeautypro.com\/fr\/wp-json\/wp\/v2\/product\/2228\/revisions"}],"predecessor-version":[{"id":2870,"href":"https:\/\/swissbeautypro.com\/fr\/wp-json\/wp\/v2\/product\/2228\/revisions\/2870"}],"wp:featuredmedia":[{"embeddable":true,"href":"https:\/\/swissbeautypro.com\/fr\/wp-json\/wp\/v2\/media\/2231"}],"wp:attachment":[{"href":"https:\/\/swissbeautypro.com\/fr\/wp-json\/wp\/v2\/media?parent=2228"}],"wp:term":[{"taxonomy":"product_cat","embeddable":true,"href":"https:\/\/swissbeautypro.com\/fr\/wp-json\/wp\/v2\/product_cat?post=2228"},{"taxonomy":"product_tag","embeddable":true,"href":"https:\/\/swissbeautypro.com\/fr\/wp-json\/wp\/v2\/product_tag?post=2228"}],"curies":[{"name":"wp","href":"https:\/\/api.w.org\/{rel}","templated":true}]}}