{"id":2232,"date":"2024-06-10T17:44:32","date_gmt":"2024-06-10T17:44:32","guid":{"rendered":"https:\/\/swissbeautypro.com\/?post_type=product&#038;p=2232"},"modified":"2024-09-23T18:48:45","modified_gmt":"2024-09-23T18:48:45","slug":"tonique-equilibrant","status":"publish","type":"product","link":"https:\/\/swissbeautypro.com\/fr\/produit\/tonique-equilibrant\/","title":{"rendered":"Tonique Equilibrant"},"content":{"rendered":"<p><span style=\"color: #000000;\"><strong>ACTION:<\/strong><\/span><\/p>\n<p class=\" translation-block\">\u2022 tonifie la peau et resserre les pores <br>\n\u2022 normalise la fonction s\u00e9bac\u00e9e <br>\n\u2022 r\u00e9duit l'inflammation et apaise la peau <br>\n\u2022 gu\u00e9rit et renforce l'immunit\u00e9 de la peau <br>\n\u2022 pr\u00e9pare la peau \u00e0 recevoir d'autres soins<\/p>\n<p><span style=\"color: #000000;\"><strong>TYPE DE PEAU \/ PR\u00c9OCCUPATIONS CUTAN\u00c9ES :<\/strong> <\/span><\/p>\n<p>Pour les peaux normales, grasses et sujettes \u00e0 l'acn\u00e9.<\/p>\n<p><span style=\"color: #000000;\"><strong>INGR\u00c9DIENTS ACTIFS :<\/strong><\/span><\/p>\n<p class=\" translation-block\">Extraits de Krameria, Laminaria, bouleau argent\u00e9, Propolis ; huiles essentielles de Romarin, \nLavande, Citron, Sauge ; Panth\u00e9nol.<\/p>\n<p><strong><span style=\"color: #000000;\">MODE D\u2019EMPLOI :<\/span><\/strong><\/p>\n<p class=\" translation-block\">\u2022 Nettoyer la peau avec la mousse ou le lait LK. <br>\n\u2022 Tonifier la peau \u00e0 l'aide d'un coton imbib\u00e9 de LK tonic (lotion). <br>\n\u2022 Appliquer 1 \u00e0 2 doses de s\u00e9rum ou de liquide concentr\u00e9 Linda Kristel et laisser p\u00e9n\u00e9trer. <br>\n\u2022 Appliquer la cr\u00e8me apr\u00e8s l'avoir m\u00e9lang\u00e9e sur la paume avec 1-3 gouttes de s\u00e9rum actif Linda \nKristel. <br>\n\u2022 Utiliser quotidiennement le matin et le soir.<\/p>\n<p><strong><span style=\"color: #000000;\">CONTENU:<\/span> <\/strong><\/p>\n<p>250 ML.<\/p>\n<p><em><strong><span style=\"color: #ff99cc;\">Sell Linda Kristel products in your salon and ensure great home care results for your clients.<\/span><\/strong><\/em><\/p>","protected":false},"excerpt":{"rendered":"<p><span style=\"color: #000000;\">Livraison 2-3 jours ouvrables<\/span><\/p>","protected":false},"featured_media":2233,"comment_status":"open","ping_status":"closed","template":"","meta":[],"product_cat":[92],"product_tag":[87,83,88],"class_list":{"0":"post-2232","1":"product","2":"type-product","3":"status-publish","4":"has-post-thumbnail","6":"product_brand-linda-kristel","7":"product_cat-cleansers","8":"product_tag-all-skin-types","9":"product_tag-blemishes","10":"product_tag-oily-skin","12":"first","13":"outofstock","14":"taxable","15":"shipping-taxable","16":"product-type-simple"},"_links":{"self":[{"href":"https:\/\/swissbeautypro.com\/fr\/wp-json\/wp\/v2\/product\/2232","targetHints":{"allow":["GET"]}}],"collection":[{"href":"https:\/\/swissbeautypro.com\/fr\/wp-json\/wp\/v2\/product"}],"about":[{"href":"https:\/\/swissbeautypro.com\/fr\/wp-json\/wp\/v2\/types\/product"}],"replies":[{"embeddable":true,"href":"https:\/\/swissbeautypro.com\/fr\/wp-json\/wp\/v2\/comments?post=2232"}],"version-history":[{"count":3,"href":"https:\/\/swissbeautypro.com\/fr\/wp-json\/wp\/v2\/product\/2232\/revisions"}],"predecessor-version":[{"id":2869,"href":"https:\/\/swissbeautypro.com\/fr\/wp-json\/wp\/v2\/product\/2232\/revisions\/2869"}],"wp:featuredmedia":[{"embeddable":true,"href":"https:\/\/swissbeautypro.com\/fr\/wp-json\/wp\/v2\/media\/2233"}],"wp:attachment":[{"href":"https:\/\/swissbeautypro.com\/fr\/wp-json\/wp\/v2\/media?parent=2232"}],"wp:term":[{"taxonomy":"product_cat","embeddable":true,"href":"https:\/\/swissbeautypro.com\/fr\/wp-json\/wp\/v2\/product_cat?post=2232"},{"taxonomy":"product_tag","embeddable":true,"href":"https:\/\/swissbeautypro.com\/fr\/wp-json\/wp\/v2\/product_tag?post=2232"}],"curies":[{"name":"wp","href":"https:\/\/api.w.org\/{rel}","templated":true}]}}