{"id":2235,"date":"2024-06-10T17:50:13","date_gmt":"2024-06-10T17:50:13","guid":{"rendered":"https:\/\/swissbeautypro.com\/?post_type=product&#038;p=2235"},"modified":"2024-09-12T22:32:34","modified_gmt":"2024-09-12T22:32:34","slug":"tonique-hydratant-douce","status":"publish","type":"product","link":"https:\/\/swissbeautypro.com\/fr\/produit\/tonique-hydratant-douce\/","title":{"rendered":"Tonique Hydratant Douce"},"content":{"rendered":"<p><span style=\"color: #000000;\"><strong>ACTION:<\/strong><\/span><\/p>\n<p class=\" translation-block\">\u2022 adoucit, hydrate, soigne et tonifie la peau <br>\n\u2022 resserre les pores <br>\n\u2022 emp\u00eache la prolif\u00e9ration des bact\u00e9ries <br>\n\u2022 pr\u00e9pare la peau \u00e0 recevoir d'autres soins<\/p>\n<p><strong><span style=\"color: #000000;\">TYPE DE PEAU \/ PR\u00c9OCCUPATIONS CUTAN\u00c9ES :<\/span> <\/strong><\/p>\n<p>Tous types de peau, Peau s\u00e8che, Peau sensible<\/p>\n<p><strong><span style=\"color: #000000;\">INGR\u00c9DIENTS ACTIFS :<\/span><\/strong><\/p>\n<p class=\" translation-block\">Panth\u00e9nol ; extraits de camomille sauvage, de gen\u00eat de boucher, de marron d'Inde, d'Hamamelis \nvirginiana, de mimosa ; collag\u00e8ne hydrolys\u00e9.<\/p>\n<p><strong><span style=\"color: #000000;\">MODE D\u2019EMPLOI :<\/span><\/strong><\/p>\n<p class=\" translation-block\">\u2022 Nettoyer la peau avec la mousse ou le lait LK. <br>\n\u2022 Tonifier la peau \u00e0 l'aide d'un coton imbib\u00e9 de LK tonic (lotion). <br>\n\u2022 Appliquer 1 \u00e0 2 doses de s\u00e9rum ou de liquide concentr\u00e9 Linda Kristel et laisser p\u00e9n\u00e9trer. <br>\n\u2022 Appliquer la cr\u00e8me apr\u00e8s l'avoir m\u00e9lang\u00e9e sur la paume avec 1-3 gouttes de s\u00e9rum actif Linda \nKristel. <br>\n\u2022 Utiliser quotidiennement le matin et le soir.<\/p>\n<p><strong><span style=\"color: #000000;\">CONTENU:<\/span> <\/strong><\/p>\n<p>250 ML.<\/p>\n<p><span style=\"color: #ff99cc;\">Sell Linda Kristel products in your salon and ensure great home care results for your clients.<\/span><\/p>","protected":false},"excerpt":{"rendered":"<p><span style=\"color: #000000;\">Livraison 2-3 jours ouvrables<\/span><\/p>","protected":false},"featured_media":2241,"comment_status":"open","ping_status":"closed","template":"","meta":[],"product_cat":[92],"product_tag":[87,73,80],"class_list":{"0":"post-2235","1":"product","2":"type-product","3":"status-publish","4":"has-post-thumbnail","6":"product_brand-linda-kristel","7":"product_cat-cleansers","8":"product_tag-all-skin-types","9":"product_tag-dry-skin","10":"product_tag-sensitive-skin","12":"first","13":"instock","14":"taxable","15":"shipping-taxable","16":"product-type-simple"},"_links":{"self":[{"href":"https:\/\/swissbeautypro.com\/fr\/wp-json\/wp\/v2\/product\/2235","targetHints":{"allow":["GET"]}}],"collection":[{"href":"https:\/\/swissbeautypro.com\/fr\/wp-json\/wp\/v2\/product"}],"about":[{"href":"https:\/\/swissbeautypro.com\/fr\/wp-json\/wp\/v2\/types\/product"}],"replies":[{"embeddable":true,"href":"https:\/\/swissbeautypro.com\/fr\/wp-json\/wp\/v2\/comments?post=2235"}],"version-history":[{"count":3,"href":"https:\/\/swissbeautypro.com\/fr\/wp-json\/wp\/v2\/product\/2235\/revisions"}],"predecessor-version":[{"id":2868,"href":"https:\/\/swissbeautypro.com\/fr\/wp-json\/wp\/v2\/product\/2235\/revisions\/2868"}],"wp:featuredmedia":[{"embeddable":true,"href":"https:\/\/swissbeautypro.com\/fr\/wp-json\/wp\/v2\/media\/2241"}],"wp:attachment":[{"href":"https:\/\/swissbeautypro.com\/fr\/wp-json\/wp\/v2\/media?parent=2235"}],"wp:term":[{"taxonomy":"product_cat","embeddable":true,"href":"https:\/\/swissbeautypro.com\/fr\/wp-json\/wp\/v2\/product_cat?post=2235"},{"taxonomy":"product_tag","embeddable":true,"href":"https:\/\/swissbeautypro.com\/fr\/wp-json\/wp\/v2\/product_tag?post=2235"}],"curies":[{"name":"wp","href":"https:\/\/api.w.org\/{rel}","templated":true}]}}