{"id":2242,"date":"2024-06-10T18:56:07","date_gmt":"2024-06-10T18:56:07","guid":{"rendered":"https:\/\/swissbeautypro.com\/?post_type=product&#038;p=2242"},"modified":"2025-08-25T11:02:08","modified_gmt":"2025-08-25T11:02:08","slug":"gommage-douce","status":"publish","type":"product","link":"https:\/\/swissbeautypro.com\/fr\/produit\/gommage-douce\/","title":{"rendered":"Gommage Douce"},"content":{"rendered":"<p><strong><span style=\"color: #000000;\">ACTION:<\/span><\/strong><\/p>\n<p class=\" translation-block\">\u2022 \u00e9limine en douceur les cellules mortes de la peau <br>\n\u2022 nettoie et resserre les pores <br>\n\u2022 \u00e9limine la desquamation et rend la peau plus lisse, <br>\n\u2022 plus douce et mate <br>\n\u2022 r\u00e9tablit un teint sain <br>\n\u2022 augmente l'efficacit\u00e9 des soins ult\u00e9rieurs<\/p>\n<p><strong><span style=\"color: #000000;\">TYPE DE PEAU \/ PR\u00c9OCCUPATIONS CUTAN\u00c9ES :<\/span> <\/strong><\/p>\n<p>Tous les types de peau, m\u00eame les peaux sensibles<\/p>\n<p><strong><span style=\"color: #000000;\">INGR\u00c9DIENTS ACTIFS :<\/span><\/strong><\/p>\n<p class=\" translation-block\">extraits d'ananas et de papaye ; oxyde de zinc ; panth\u00e9nol ; vitamines A, E, F, C ; huile de jojoba ; \npoudre de tige de bambou<\/p>\n<p><strong><span style=\"color: #000000;\">MODE D\u2019EMPLOI :<\/span><\/strong><\/p>\n<p class=\" translation-block\">\u2022 Appliquer le gommage sur la peau nettoy\u00e9e avec la mousse ou le lait. <br>\n\u2022 Masser pendant 2 \u00e0 3 minutes en gardant les mains mouill\u00e9es, laisser agir 5 minutes puis rincer \u00e0 l'eau. <br>\n\u2022 Tonifier la peau en l'essuyant avec un coton imbib\u00e9 de tonique. <br>\n\u2022 Appliquer le s\u00e9rum et la cr\u00e8me Linda Kristel <br>\n\u2022 Utilisez-les 1 \u00e0 2 fois par semaine.<\/p>\n<p><strong><span style=\"color: #000000;\">CONTENU:<\/span> <\/strong><\/p>\n<p>100 ML.<\/p>\n<p><em><strong><span style=\"color: #ff99cc;\">Sell Linda Kristel products in your salon and ensure great home care results for your clients.<\/span><\/strong><\/em><\/p>","protected":false},"excerpt":{"rendered":"<p><span style=\"color: #000000;\">Livraison 2-3 jours ouvrables<\/span><\/p>","protected":false},"featured_media":2244,"comment_status":"open","ping_status":"closed","template":"","meta":[],"product_cat":[92],"product_tag":[87],"class_list":{"0":"post-2242","1":"product","2":"type-product","3":"status-publish","4":"has-post-thumbnail","6":"product_brand-linda-kristel","7":"product_cat-cleansers","8":"product_tag-all-skin-types","10":"first","11":"outofstock","12":"taxable","13":"shipping-taxable","14":"product-type-simple"},"_links":{"self":[{"href":"https:\/\/swissbeautypro.com\/fr\/wp-json\/wp\/v2\/product\/2242","targetHints":{"allow":["GET"]}}],"collection":[{"href":"https:\/\/swissbeautypro.com\/fr\/wp-json\/wp\/v2\/product"}],"about":[{"href":"https:\/\/swissbeautypro.com\/fr\/wp-json\/wp\/v2\/types\/product"}],"replies":[{"embeddable":true,"href":"https:\/\/swissbeautypro.com\/fr\/wp-json\/wp\/v2\/comments?post=2242"}],"version-history":[{"count":4,"href":"https:\/\/swissbeautypro.com\/fr\/wp-json\/wp\/v2\/product\/2242\/revisions"}],"predecessor-version":[{"id":2867,"href":"https:\/\/swissbeautypro.com\/fr\/wp-json\/wp\/v2\/product\/2242\/revisions\/2867"}],"wp:featuredmedia":[{"embeddable":true,"href":"https:\/\/swissbeautypro.com\/fr\/wp-json\/wp\/v2\/media\/2244"}],"wp:attachment":[{"href":"https:\/\/swissbeautypro.com\/fr\/wp-json\/wp\/v2\/media?parent=2242"}],"wp:term":[{"taxonomy":"product_cat","embeddable":true,"href":"https:\/\/swissbeautypro.com\/fr\/wp-json\/wp\/v2\/product_cat?post=2242"},{"taxonomy":"product_tag","embeddable":true,"href":"https:\/\/swissbeautypro.com\/fr\/wp-json\/wp\/v2\/product_tag?post=2242"}],"curies":[{"name":"wp","href":"https:\/\/api.w.org\/{rel}","templated":true}]}}