{"id":2246,"date":"2024-06-10T19:01:36","date_gmt":"2024-06-10T19:01:36","guid":{"rendered":"https:\/\/swissbeautypro.com\/?post_type=product&#038;p=2246"},"modified":"2026-02-25T20:40:10","modified_gmt":"2026-02-25T20:40:10","slug":"lotion-comfort","status":"publish","type":"product","link":"https:\/\/swissbeautypro.com\/fr\/produit\/lotion-comfort\/","title":{"rendered":"Lotion Comfort"},"content":{"rendered":"<p><strong><span style=\"color: #000000;\">ACTION:<\/span><\/strong><\/p>\n<p class=\" translation-block\">\u2022 apaise et rafra\u00eechit la peau <br>\n\u2022 r\u00e9duit les poches et les rougeurs<\/p>\n<p><strong><span style=\"color: #000000;\">TYPE DE PEAU \/ PR\u00c9OCCUPATIONS CUTAN\u00c9ES :<\/span> <\/strong><\/p>\n<p>Pour tous les types de peau, en particulier les peaux sujettes aux poches et aux rougeurs<\/p>\n<p><strong><span style=\"color: #000000;\">INGR\u00c9DIENTS ACTIFS :<\/span><\/strong><\/p>\n<p>extraits de rose marocaine, de th\u00e9 vert, de Sophora japonica, de mimosa ; panth\u00e9nol<\/p>\n<p><strong><span style=\"color: #000000;\">MODE D\u2019EMPLOI :<\/span><\/strong><\/p>\n<p class=\" translation-block\">\u2022 Nettoyer la peau avec la mousse ou le lait LK. <br>\n\u2022 Appliquer la Lotion comfort \u00e0 l'aide d'un coton et tonifier la peau du visage et du cou. <br>\n\u2022 Appliquer 1 \u00e0 2 doses de s\u00e9rum ou de concentr\u00e9 fluide Linda Kristel et laisser absorber. <br>\n\u2022 Appliquer la cr\u00e8me apr\u00e8s l'avoir m\u00e9lang\u00e9e dans le creux de la main avec 1 \u00e0 3 gouttes de s\u00e9rum \nactif Linda Kristel. <br>\n\u2022 Utiliser quotidiennement le matin et\/ou le soir.<\/p>\n<p><strong><span style=\"color: #000000;\">CONTENU:<\/span> <\/strong><\/p>\n<p>250 ML.<\/p>\n<p><span style=\"color: #ff99cc;\"><em><strong>Sell Linda Kristel products in your salon and ensure great home care results for your clients.<\/strong><\/em><\/span><\/p>","protected":false},"excerpt":{"rendered":"<p><span style=\"color: #000000;\">Livraison 2-3 jours ouvrables<\/span><\/p>","protected":false},"featured_media":2248,"comment_status":"open","ping_status":"closed","template":"","meta":[],"product_cat":[92],"product_tag":[87,81,80],"class_list":{"0":"post-2246","1":"product","2":"type-product","3":"status-publish","4":"has-post-thumbnail","6":"product_brand-linda-kristel","7":"product_cat-cleansers","8":"product_tag-all-skin-types","9":"product_tag-redness","10":"product_tag-sensitive-skin","12":"first","13":"outofstock","14":"taxable","15":"shipping-taxable","16":"product-type-simple"},"_links":{"self":[{"href":"https:\/\/swissbeautypro.com\/fr\/wp-json\/wp\/v2\/product\/2246","targetHints":{"allow":["GET"]}}],"collection":[{"href":"https:\/\/swissbeautypro.com\/fr\/wp-json\/wp\/v2\/product"}],"about":[{"href":"https:\/\/swissbeautypro.com\/fr\/wp-json\/wp\/v2\/types\/product"}],"replies":[{"embeddable":true,"href":"https:\/\/swissbeautypro.com\/fr\/wp-json\/wp\/v2\/comments?post=2246"}],"version-history":[{"count":5,"href":"https:\/\/swissbeautypro.com\/fr\/wp-json\/wp\/v2\/product\/2246\/revisions"}],"predecessor-version":[{"id":2865,"href":"https:\/\/swissbeautypro.com\/fr\/wp-json\/wp\/v2\/product\/2246\/revisions\/2865"}],"wp:featuredmedia":[{"embeddable":true,"href":"https:\/\/swissbeautypro.com\/fr\/wp-json\/wp\/v2\/media\/2248"}],"wp:attachment":[{"href":"https:\/\/swissbeautypro.com\/fr\/wp-json\/wp\/v2\/media?parent=2246"}],"wp:term":[{"taxonomy":"product_cat","embeddable":true,"href":"https:\/\/swissbeautypro.com\/fr\/wp-json\/wp\/v2\/product_cat?post=2246"},{"taxonomy":"product_tag","embeddable":true,"href":"https:\/\/swissbeautypro.com\/fr\/wp-json\/wp\/v2\/product_tag?post=2246"}],"curies":[{"name":"wp","href":"https:\/\/api.w.org\/{rel}","templated":true}]}}