{"id":2261,"date":"2024-06-10T22:09:22","date_gmt":"2024-06-10T22:09:22","guid":{"rendered":"https:\/\/swissbeautypro.com\/?post_type=product&#038;p=2261"},"modified":"2024-09-12T22:16:30","modified_gmt":"2024-09-12T22:16:30","slug":"maschera-jaluronico-bava-lumaca","status":"publish","type":"product","link":"https:\/\/swissbeautypro.com\/fr\/produit\/maschera-jaluronico-bava-lumaca\/","title":{"rendered":"MASCHERA JALURONICO BAVA LUMACA"},"content":{"rendered":"<p><span style=\"color: #000000;\">MASQUE VISCOSE HYALURONIQUE \u00c0 L'EXTRAIT DE MUCUS D\u2019ESCARGOT <\/span><\/p>\n<p><strong><span style=\"color: #000000;\">ACTION:<\/span><\/strong><\/p>\n<p class=\" translation-block\">\u2022 apaise la peau <br>\n\u2022 tonifie et hydrate <br> \n\u2022 lisse les ridules et unifie le teint<\/p>\n<p><strong><span style=\"color: #000000;\">TYPE DE PEAU \/ PR\u00c9OCCUPATIONS CUTAN\u00c9ES :<\/span> <\/strong><\/p>\n<p>Pour tous les types de peaux, peaux s\u00e8ches, peaux matures<\/p>\n<p><strong><span style=\"color: #000000;\">INGR\u00c9DIENTS ACTIFS :<\/span><\/strong><\/p>\n<p>Acide hyaluronique ; extrait de racine de ginseng<\/p>\n<p><strong><span style=\"color: #000000;\">MODE D\u2019EMPLOI :<\/span><\/strong><\/p>\n<p class=\" translation-block\">\u2022 Sortez le masque de son emballage et appliquez-le sur votre visage et votre cou nettoy\u00e9s et tonifi\u00e9s. <br>\n\u2022 Veillez \u00e0 ce que le masque soit le plus pr\u00e8s possible de votre peau. <br>\n\u2022 Apr\u00e8s 20 \u00e0 30 minutes, retirez d\u00e9licatement le masque \u00e0 base de viscose et laissez le reste des \ncomposants actifs s'impr\u00e9gner. <br>\n\u2022 Utilisez-le 1 \u00e0 3 fois par semaine.<\/p>\n<p><strong><span style=\"color: #000000;\">CONTENU:<\/span> <\/strong><\/p>\n<p>1 Masque pour le visage et le cou<\/p>\n<p><em><strong><span style=\"color: #ff99cc;\">Sell Linda Kristel products in your salon and ensure great home care results for your clients.<\/span><\/strong><\/em><\/p>","protected":false},"excerpt":{"rendered":"<p><span style=\"color: #000000;\">Livraison 2-3 jours ouvrables<\/span><\/p>","protected":false},"featured_media":2251,"comment_status":"open","ping_status":"closed","template":"","meta":[],"product_cat":[139],"product_tag":[87,94,73],"class_list":{"0":"post-2261","1":"product","2":"type-product","3":"status-publish","4":"has-post-thumbnail","6":"product_brand-linda-kristel","7":"product_cat-sheet-masks","8":"product_tag-all-skin-types","9":"product_tag-anti-ageing","10":"product_tag-dry-skin","12":"first","13":"instock","14":"taxable","15":"shipping-taxable","16":"product-type-simple"},"_links":{"self":[{"href":"https:\/\/swissbeautypro.com\/fr\/wp-json\/wp\/v2\/product\/2261","targetHints":{"allow":["GET"]}}],"collection":[{"href":"https:\/\/swissbeautypro.com\/fr\/wp-json\/wp\/v2\/product"}],"about":[{"href":"https:\/\/swissbeautypro.com\/fr\/wp-json\/wp\/v2\/types\/product"}],"replies":[{"embeddable":true,"href":"https:\/\/swissbeautypro.com\/fr\/wp-json\/wp\/v2\/comments?post=2261"}],"version-history":[{"count":4,"href":"https:\/\/swissbeautypro.com\/fr\/wp-json\/wp\/v2\/product\/2261\/revisions"}],"predecessor-version":[{"id":2861,"href":"https:\/\/swissbeautypro.com\/fr\/wp-json\/wp\/v2\/product\/2261\/revisions\/2861"}],"wp:featuredmedia":[{"embeddable":true,"href":"https:\/\/swissbeautypro.com\/fr\/wp-json\/wp\/v2\/media\/2251"}],"wp:attachment":[{"href":"https:\/\/swissbeautypro.com\/fr\/wp-json\/wp\/v2\/media?parent=2261"}],"wp:term":[{"taxonomy":"product_cat","embeddable":true,"href":"https:\/\/swissbeautypro.com\/fr\/wp-json\/wp\/v2\/product_cat?post=2261"},{"taxonomy":"product_tag","embeddable":true,"href":"https:\/\/swissbeautypro.com\/fr\/wp-json\/wp\/v2\/product_tag?post=2261"}],"curies":[{"name":"wp","href":"https:\/\/api.w.org\/{rel}","templated":true}]}}