{"id":2274,"date":"2024-06-10T22:30:54","date_gmt":"2024-06-10T22:30:54","guid":{"rendered":"https:\/\/swissbeautypro.com\/?post_type=product&#038;p=2274"},"modified":"2026-01-17T10:59:45","modified_gmt":"2026-01-17T10:59:45","slug":"olio-di-avocadovitamina-a-active-serum","status":"publish","type":"product","link":"https:\/\/swissbeautypro.com\/fr\/produit\/olio-di-avocadovitamina-a-active-serum\/","title":{"rendered":"Olio di Avocado+Vitamina A Active Serum"},"content":{"rendered":"<p><span style=\"color: #000000;\"><strong>ACTION:<\/strong><\/span><\/p>\n<p class=\" translation-block\">\u2022 am\u00e9liore la fermet\u00e9 et l'\u00e9lasticit\u00e9 de la peau <br>\n\u2022 r\u00e9duit les rides et ridules <br>\n\u2022 unifie le teint de la peau <br>\n\u2022 active le renouvellement cellulaire et la synth\u00e8se du collag\u00e8ne<\/p>\n<p><strong><span style=\"color: #000000;\">TYPE DE PEAU \/ PR\u00c9OCCUPATIONS CUTAN\u00c9ES :<\/span> <\/strong><\/p>\n<p>Pour tous les types de peau, Renouvellement de la peau, Peau terne, rides et ridules<\/p>\n<p><strong><span style=\"color: #000000;\">INGR\u00c9DIENTS ACTIFS :<\/span><\/strong><\/p>\n<p>Palmitate de r\u00e9tinyle (vitamine A) ; huile d'avocat<\/p>\n<p><strong><span style=\"color: #000000;\">MODE D\u2019EMPLOI :<\/span><\/strong><\/p>\n<p class=\" translation-block\">\u2022 Nettoyez votre peau avec la mousse ou le lait Linda Kristel. <br>\n\u2022 Tonifiez-la en l'essuyant avec un coton imbib\u00e9 de tonique (lotion). <br>\n\u2022 Appliquez 1 \u00e0 2 doses de s\u00e9rum ou de fluide concentr\u00e9 Linda Kristel et laissez agir. <br>\n\u2022 M\u00e9langez sur votre paume 1-3 gouttes d'Olio di avocado + vitamina A active serum avec une dose de cr\u00e8me ou d'\u00e9mulsion Linda Kristel. Appliquez le m\u00e9lange sur votre peau. <br>\n\u2022 A utiliser le matin et\/ou le soir. <br>\n\u2022 600 gouttes dans un seul flacon !<\/p>\n<p><strong><span style=\"color: #000000;\">CONTENU:<\/span><\/strong><span style=\"color: #000000;\">: <\/span><\/p>\n<p>30 ML<\/p>\n<p><em><strong><span style=\"color: #ff99cc;\">Sell Linda Kristel products in your salon and ensure great home care results for your clients.<\/span><\/strong><\/em><\/p>","protected":false},"excerpt":{"rendered":"<p><span style=\"color: #000000;\">Livraison 2-3 jours ouvrables<\/span><\/p>","protected":false},"featured_media":2437,"comment_status":"open","ping_status":"closed","template":"","meta":[],"product_cat":[95],"product_tag":[94,74,75,79],"class_list":{"0":"post-2274","1":"product","2":"type-product","3":"status-publish","4":"has-post-thumbnail","6":"product_brand-linda-kristel","7":"product_cat-serums","8":"product_tag-anti-ageing","9":"product_tag-dull-skin","10":"product_tag-skin-renewal","11":"product_tag-wrinkles","13":"first","14":"outofstock","15":"taxable","16":"shipping-taxable","17":"product-type-simple"},"_links":{"self":[{"href":"https:\/\/swissbeautypro.com\/fr\/wp-json\/wp\/v2\/product\/2274","targetHints":{"allow":["GET"]}}],"collection":[{"href":"https:\/\/swissbeautypro.com\/fr\/wp-json\/wp\/v2\/product"}],"about":[{"href":"https:\/\/swissbeautypro.com\/fr\/wp-json\/wp\/v2\/types\/product"}],"replies":[{"embeddable":true,"href":"https:\/\/swissbeautypro.com\/fr\/wp-json\/wp\/v2\/comments?post=2274"}],"version-history":[{"count":4,"href":"https:\/\/swissbeautypro.com\/fr\/wp-json\/wp\/v2\/product\/2274\/revisions"}],"predecessor-version":[{"id":2856,"href":"https:\/\/swissbeautypro.com\/fr\/wp-json\/wp\/v2\/product\/2274\/revisions\/2856"}],"wp:featuredmedia":[{"embeddable":true,"href":"https:\/\/swissbeautypro.com\/fr\/wp-json\/wp\/v2\/media\/2437"}],"wp:attachment":[{"href":"https:\/\/swissbeautypro.com\/fr\/wp-json\/wp\/v2\/media?parent=2274"}],"wp:term":[{"taxonomy":"product_cat","embeddable":true,"href":"https:\/\/swissbeautypro.com\/fr\/wp-json\/wp\/v2\/product_cat?post=2274"},{"taxonomy":"product_tag","embeddable":true,"href":"https:\/\/swissbeautypro.com\/fr\/wp-json\/wp\/v2\/product_tag?post=2274"}],"curies":[{"name":"wp","href":"https:\/\/api.w.org\/{rel}","templated":true}]}}