{"id":2282,"date":"2024-06-10T22:45:23","date_gmt":"2024-06-10T22:45:23","guid":{"rendered":"https:\/\/swissbeautypro.com\/?post_type=product&#038;p=2282"},"modified":"2024-09-11T22:27:13","modified_gmt":"2024-09-11T22:27:13","slug":"mimosad-pantenolo-active-serum","status":"publish","type":"product","link":"https:\/\/swissbeautypro.com\/fr\/produit\/mimosad-pantenolo-active-serum\/","title":{"rendered":"Mimosa+D-Pantenolo Active Serum"},"content":{"rendered":"<p><strong><span style=\"color: #000000;\">ACTION:<\/span><\/strong><\/p>\n<p class=\" translation-block\">\u2022 r\u00e9duit l'inflammation et apaise la peau <br>\n\u2022 am\u00e9liore le teint <br>\n\u2022 calme les irritations <br>\n\u2022 restaure la peau apr\u00e8s les peelings<\/p>\n<p><span style=\"color: #000000;\"><strong>TYPE DE PEAU \/ PR\u00c9OCCUPATIONS CUTAN\u00c9ES : <\/strong><\/span><\/p>\n<p>Peau irrit\u00e9e, peau sensible, rougeurs, rosac\u00e9e<\/p>\n<p><strong><span style=\"color: #000000;\">INGR\u00c9DIENTS ACTIFS :<\/span><\/strong><\/p>\n<p>Panth\u00e9nol ; extraits de mimosa et d'\u00e9corce de ch\u00eane<\/p>\n<p><strong><span style=\"color: #000000;\">MODE D\u2019EMPLOI :<\/span><\/strong><\/p>\n<p class=\" translation-block\">\u2022 Apr\u00e8s avoir nettoy\u00e9 votre peau avec la mousse ou le lait LK et l'avoir tonifi\u00e9e, m\u00e9langez dans \nvotre paume 2 \u00e0 3 gouttes de s\u00e9rum actif Mimosa+ D-pantenolo avec 1 dose de lotion Confort et appliquez le m\u00e9lange sur votre peau. <br>\n\u2022 Appliquer la cr\u00e8me ou l'\u00e9mulsion Linda Kristel choisie. <br>\n\u2022 Utiliser le matin et\/ou le soir. <br>\n\u2022 600 gouttes dans un seul flacon !<\/p>\n<p><strong><span style=\"color: #000000;\">CONTENU:<\/span> <\/strong><\/p>\n<p>30 ML<\/p>\n<p><em><strong><span style=\"color: #ff99cc;\">Sell Linda Kristel products in your salon and ensure great home care results for your clients.<\/span><\/strong><\/em><\/p>","protected":false},"excerpt":{"rendered":"<p><span style=\"color: #000000;\">Livraison 2-3 jours ouvrables<\/span><\/p>","protected":false},"featured_media":2284,"comment_status":"open","ping_status":"closed","template":"","meta":[],"product_cat":[95],"product_tag":[82,81,89,80],"class_list":{"0":"post-2282","1":"product","2":"type-product","3":"status-publish","4":"has-post-thumbnail","6":"product_brand-linda-kristel","7":"product_cat-serums","8":"product_tag-irritated-skin","9":"product_tag-redness","10":"product_tag-rosacea","11":"product_tag-sensitive-skin","13":"first","14":"outofstock","15":"taxable","16":"shipping-taxable","17":"product-type-simple"},"_links":{"self":[{"href":"https:\/\/swissbeautypro.com\/fr\/wp-json\/wp\/v2\/product\/2282","targetHints":{"allow":["GET"]}}],"collection":[{"href":"https:\/\/swissbeautypro.com\/fr\/wp-json\/wp\/v2\/product"}],"about":[{"href":"https:\/\/swissbeautypro.com\/fr\/wp-json\/wp\/v2\/types\/product"}],"replies":[{"embeddable":true,"href":"https:\/\/swissbeautypro.com\/fr\/wp-json\/wp\/v2\/comments?post=2282"}],"version-history":[{"count":3,"href":"https:\/\/swissbeautypro.com\/fr\/wp-json\/wp\/v2\/product\/2282\/revisions"}],"predecessor-version":[{"id":2854,"href":"https:\/\/swissbeautypro.com\/fr\/wp-json\/wp\/v2\/product\/2282\/revisions\/2854"}],"wp:featuredmedia":[{"embeddable":true,"href":"https:\/\/swissbeautypro.com\/fr\/wp-json\/wp\/v2\/media\/2284"}],"wp:attachment":[{"href":"https:\/\/swissbeautypro.com\/fr\/wp-json\/wp\/v2\/media?parent=2282"}],"wp:term":[{"taxonomy":"product_cat","embeddable":true,"href":"https:\/\/swissbeautypro.com\/fr\/wp-json\/wp\/v2\/product_cat?post=2282"},{"taxonomy":"product_tag","embeddable":true,"href":"https:\/\/swissbeautypro.com\/fr\/wp-json\/wp\/v2\/product_tag?post=2282"}],"curies":[{"name":"wp","href":"https:\/\/api.w.org\/{rel}","templated":true}]}}