{"id":2286,"date":"2024-06-10T22:48:23","date_gmt":"2024-06-10T22:48:23","guid":{"rendered":"https:\/\/swissbeautypro.com\/?post_type=product&#038;p=2286"},"modified":"2026-01-17T10:36:23","modified_gmt":"2026-01-17T10:36:23","slug":"biopeptide-plus-active-serum","status":"publish","type":"product","link":"https:\/\/swissbeautypro.com\/fr\/produit\/biopeptide-plus-active-serum\/","title":{"rendered":"Biopeptide Plus Active Serum"},"content":{"rendered":"<p><strong><span style=\"color: #000000;\">ACTION:<\/span><\/strong><\/p>\n<p class=\" translation-block\">\u2022 active la synth\u00e8se du collag\u00e8ne et de l'\u00e9lastine <br>\n\u2022 am\u00e9liore la r\u00e9sistance, la fermet\u00e9 et l'\u00e9lasticit\u00e9 de la peau <br>\n\u2022 pr\u00e9vient et r\u00e9duit les rides et ridules<\/p>\n<p><strong><span style=\"color: #000000;\">TYPE DE PEAU \/ PR\u00c9OCCUPATIONS CUTAN\u00c9ES :<\/span> <\/strong><\/p>\n<p>Anti-\u00e2ge, Peau mature, Rides<\/p>\n<p><strong><span style=\"color: #000000;\">INGR\u00c9DIENTS ACTIFS :<\/span><\/strong><\/p>\n<p>peptides de collag\u00e8ne solubles ; acides amin\u00e9s d'\u00e9lastine<\/p>\n<p><strong><span style=\"color: #000000;\">MODE D\u2019EMPLOI :<\/span><\/strong><\/p>\n<p class=\" translation-block\">\u2022 Nettoyez votre peau avec la mousse ou le lait LK et essuyez-la avec le toner (lotion). Ensuite:\n<br> \n\u2022 Option 1. M\u00e9langer dans la paume de la main 1 \u00e0 3 gouttes de s\u00e9rum Biopeptide plus avec la \ncr\u00e8me ou l'\u00e9mulsion LK choisie par le cosm\u00e9tologue et appliquer sur la peau. <br>\n\u2022 Option 2. Appliquer 2 \u00e0 3 gouttes de Biopeptide plus serum, laisser absorber, puis appliquer 1 dose de fluide concentr\u00e9 et compl\u00e9ter avec une dose de cr\u00e8me ou d'\u00e9mulsion Linda Kristel. <br>\n\u2022 A utiliser le matin et\/ou le soir. <br>\n\u2022 600 gouttes dans un seul flacon !<\/p>\n<p><strong><span style=\"color: #000000;\">CONTENU:<\/span><\/strong>:<\/p>\n<p>30 ML<\/p>\n<p><em><strong><span style=\"color: #ff99cc;\">Sell Linda Kristel products in your salon and ensure great home care results for your clients.<\/span><\/strong><\/em><\/p>","protected":false},"excerpt":{"rendered":"<p><span style=\"color: #000000;\">Livraison 2-3 jours ouvrables<\/span><\/p>","protected":false},"featured_media":2289,"comment_status":"open","ping_status":"closed","template":"","meta":[],"product_cat":[95],"product_tag":[94,76,79],"class_list":{"0":"post-2286","1":"product","2":"type-product","3":"status-publish","4":"has-post-thumbnail","6":"product_brand-linda-kristel","7":"product_cat-serums","8":"product_tag-anti-ageing","9":"product_tag-mature-skin","10":"product_tag-wrinkles","12":"first","13":"outofstock","14":"taxable","15":"shipping-taxable","16":"product-type-simple"},"_links":{"self":[{"href":"https:\/\/swissbeautypro.com\/fr\/wp-json\/wp\/v2\/product\/2286","targetHints":{"allow":["GET"]}}],"collection":[{"href":"https:\/\/swissbeautypro.com\/fr\/wp-json\/wp\/v2\/product"}],"about":[{"href":"https:\/\/swissbeautypro.com\/fr\/wp-json\/wp\/v2\/types\/product"}],"replies":[{"embeddable":true,"href":"https:\/\/swissbeautypro.com\/fr\/wp-json\/wp\/v2\/comments?post=2286"}],"version-history":[{"count":5,"href":"https:\/\/swissbeautypro.com\/fr\/wp-json\/wp\/v2\/product\/2286\/revisions"}],"predecessor-version":[{"id":2853,"href":"https:\/\/swissbeautypro.com\/fr\/wp-json\/wp\/v2\/product\/2286\/revisions\/2853"}],"wp:featuredmedia":[{"embeddable":true,"href":"https:\/\/swissbeautypro.com\/fr\/wp-json\/wp\/v2\/media\/2289"}],"wp:attachment":[{"href":"https:\/\/swissbeautypro.com\/fr\/wp-json\/wp\/v2\/media?parent=2286"}],"wp:term":[{"taxonomy":"product_cat","embeddable":true,"href":"https:\/\/swissbeautypro.com\/fr\/wp-json\/wp\/v2\/product_cat?post=2286"},{"taxonomy":"product_tag","embeddable":true,"href":"https:\/\/swissbeautypro.com\/fr\/wp-json\/wp\/v2\/product_tag?post=2286"}],"curies":[{"name":"wp","href":"https:\/\/api.w.org\/{rel}","templated":true}]}}