{"id":2295,"date":"2024-06-10T23:29:52","date_gmt":"2024-06-10T23:29:52","guid":{"rendered":"https:\/\/swissbeautypro.com\/?post_type=product&#038;p=2295"},"modified":"2026-01-17T10:30:02","modified_gmt":"2026-01-17T10:30:02","slug":"fluide-concentre-phytoestrogenes","status":"publish","type":"product","link":"https:\/\/swissbeautypro.com\/fr\/produit\/fluide-concentre-phytoestrogenes\/","title":{"rendered":"Fluide Concentr\u00e9 Phytoestrogenes"},"content":{"rendered":"<p><strong><span style=\"color: #000000;\">ACTION:<\/span><\/strong><\/p>\n<p class=\" translation-block\">\u2022 r\u00e9duit les poches, les ridules et les rides <br>\n\u2022 am\u00e9liore la fermet\u00e9 et l'\u00e9lasticit\u00e9 de la peau <br>\n\u2022 r\u00e9gule l'immunit\u00e9 de la peau <br>\n\u2022 r\u00e9duit l'inflammation<\/p>\n<p><strong><span style=\"color: #000000;\">TYPE DE PEAU \/ PR\u00c9OCCUPATIONS CUTAN\u00c9ES :<\/span> <\/strong><\/p>\n<p>Anti-\u00e2ge, Peau mature, Rides<\/p>\n<p><strong><span style=\"color: #000000;\">INGR\u00c9DIENTS ACTIFS :<\/span><\/strong><\/p>\n<p class=\" translation-block\">extraits de Kigelia africana, Quillaja saponaria, Sophora japonica, Tr\u00e8fle, Mimosa ; \nGlycosaminoglycanes ; Rigine<\/p>\n<p><strong><span style=\"color: #000000;\">MODE D\u2019EMPLOI :<\/span><\/strong><\/p>\n<p class=\" translation-block\">\u2022 Apr\u00e8s avoir nettoy\u00e9 votre peau avec la mousse ou le lait LK et l'avoir tonifi\u00e9e avec le tonique \n(lotion), appliquez 1 \u00e0 2 doses du fluide concentr\u00e9 Phytoestrog\u00e8nes et laissez-le p\u00e9n\u00e9trer. <br>\n\u2022 Appliquez ensuite une dose de votre cr\u00e8me LK pr\u00e9f\u00e9r\u00e9e apr\u00e8s l'avoir m\u00e9lang\u00e9e sur votre paume \navec 1-3 gouttes de s\u00e9rum actif Linda Kristel. <br>\n\u2022 A utiliser le matin et\/ou le soir.<\/p>\n<p><strong><span style=\"color: #000000;\">CONTENU:<\/span> <\/strong><\/p>\n<p>30 ML<\/p>\n<p><em><strong><span style=\"color: #ff99cc;\">Sell Linda Kristel products in your salon and ensure great home care results for your clients.<\/span><\/strong><\/em><\/p>","protected":false},"excerpt":{"rendered":"<p><span style=\"color: #000000;\">Livraison 2-3 jours ouvrables<\/span><\/p>","protected":false},"featured_media":2297,"comment_status":"open","ping_status":"closed","template":"","meta":[],"product_cat":[95],"product_tag":[94,76,79],"class_list":{"0":"post-2295","1":"product","2":"type-product","3":"status-publish","4":"has-post-thumbnail","6":"product_brand-linda-kristel","7":"product_cat-serums","8":"product_tag-anti-ageing","9":"product_tag-mature-skin","10":"product_tag-wrinkles","12":"first","13":"outofstock","14":"taxable","15":"shipping-taxable","16":"product-type-simple"},"_links":{"self":[{"href":"https:\/\/swissbeautypro.com\/fr\/wp-json\/wp\/v2\/product\/2295","targetHints":{"allow":["GET"]}}],"collection":[{"href":"https:\/\/swissbeautypro.com\/fr\/wp-json\/wp\/v2\/product"}],"about":[{"href":"https:\/\/swissbeautypro.com\/fr\/wp-json\/wp\/v2\/types\/product"}],"replies":[{"embeddable":true,"href":"https:\/\/swissbeautypro.com\/fr\/wp-json\/wp\/v2\/comments?post=2295"}],"version-history":[{"count":3,"href":"https:\/\/swissbeautypro.com\/fr\/wp-json\/wp\/v2\/product\/2295\/revisions"}],"predecessor-version":[{"id":2851,"href":"https:\/\/swissbeautypro.com\/fr\/wp-json\/wp\/v2\/product\/2295\/revisions\/2851"}],"wp:featuredmedia":[{"embeddable":true,"href":"https:\/\/swissbeautypro.com\/fr\/wp-json\/wp\/v2\/media\/2297"}],"wp:attachment":[{"href":"https:\/\/swissbeautypro.com\/fr\/wp-json\/wp\/v2\/media?parent=2295"}],"wp:term":[{"taxonomy":"product_cat","embeddable":true,"href":"https:\/\/swissbeautypro.com\/fr\/wp-json\/wp\/v2\/product_cat?post=2295"},{"taxonomy":"product_tag","embeddable":true,"href":"https:\/\/swissbeautypro.com\/fr\/wp-json\/wp\/v2\/product_tag?post=2295"}],"curies":[{"name":"wp","href":"https:\/\/api.w.org\/{rel}","templated":true}]}}