{"id":2300,"date":"2024-06-10T23:34:37","date_gmt":"2024-06-10T23:34:37","guid":{"rendered":"https:\/\/swissbeautypro.com\/?post_type=product&#038;p=2300"},"modified":"2026-02-25T20:35:59","modified_gmt":"2026-02-25T20:35:59","slug":"fluide-concentre-19","status":"publish","type":"product","link":"https:\/\/swissbeautypro.com\/fr\/produit\/fluide-concentre-19\/","title":{"rendered":"Fluide Concentr\u00e9 19"},"content":{"rendered":"<p><span style=\"color: #000000;\"><strong>ACTION:<\/strong><\/span><\/p>\n<p class=\" translation-block\">\u2022 renforce les capillaires <br>\n\u2022 r\u00e9duit les rougeurs et les poches <br>\n\u2022 apaise et hydrate la peau<\/p>\n<p><strong><span style=\"color: #000000;\">TYPE DE PEAU \/ PR\u00c9OCCUPATIONS CUTAN\u00c9ES : <\/span><\/strong><\/p>\n<p>Peau sensible, Rougeurs, Rosac\u00e9e<\/p>\n<p><strong><span style=\"color: #000000;\">INGR\u00c9DIENTS ACTIFS :<\/span><\/strong><\/p>\n<p class=\" translation-block\">Extraits de Hamamelis virginiana, d'\u00e9corce de ch\u00eane, de mimosa, de Centella asiatica, de marron \nd'Inde, de Ginkgo biloba et de baies sauvages ; panth\u00e9nol ; complexe hydratant.<\/p>\n<p><strong><span style=\"color: #000000;\">MODE D\u2019EMPLOI :<\/span><\/strong><\/p>\n<p class=\" translation-block\">\u2022 Apr\u00e8s avoir nettoy\u00e9 votre peau avec la mousse ou le lait LK et l'avoir tonifi\u00e9e avec le tonique \n(lotion), appliquez 1 \u00e0 2 doses de Fluid Concentr\u00e9 19 et laissez-le p\u00e9n\u00e9trer. <br>\n\u2022 Appliquez ensuite une dose de votre cr\u00e8me LK pr\u00e9f\u00e9r\u00e9e apr\u00e8s l'avoir m\u00e9lang\u00e9e sur votre paume \navec 1 \u00e0 3 gouttes de s\u00e9rum actif Linda Kristel. <br>\n\u2022 A utiliser le matin et\/ou le soir.<\/p>\n<p><strong><span style=\"color: #000000;\">CONTENU:<\/span> <\/strong><\/p>\n<p>30 ML<\/p>\n<p><em><strong><span style=\"color: #ff99cc;\">Sell Linda Kristel products in your salon and ensure great home care results for your clients.<\/span><\/strong><\/em><\/p>","protected":false},"excerpt":{"rendered":"<p><span style=\"color: #000000;\">Livraison 2-3 jours ouvrables<\/span><\/p>","protected":false},"featured_media":2301,"comment_status":"open","ping_status":"closed","template":"","meta":[],"product_cat":[95],"product_tag":[81,89,80],"class_list":{"0":"post-2300","1":"product","2":"type-product","3":"status-publish","4":"has-post-thumbnail","6":"product_brand-linda-kristel","7":"product_cat-serums","8":"product_tag-redness","9":"product_tag-rosacea","10":"product_tag-sensitive-skin","12":"first","13":"outofstock","14":"taxable","15":"shipping-taxable","16":"product-type-simple"},"_links":{"self":[{"href":"https:\/\/swissbeautypro.com\/fr\/wp-json\/wp\/v2\/product\/2300","targetHints":{"allow":["GET"]}}],"collection":[{"href":"https:\/\/swissbeautypro.com\/fr\/wp-json\/wp\/v2\/product"}],"about":[{"href":"https:\/\/swissbeautypro.com\/fr\/wp-json\/wp\/v2\/types\/product"}],"replies":[{"embeddable":true,"href":"https:\/\/swissbeautypro.com\/fr\/wp-json\/wp\/v2\/comments?post=2300"}],"version-history":[{"count":4,"href":"https:\/\/swissbeautypro.com\/fr\/wp-json\/wp\/v2\/product\/2300\/revisions"}],"predecessor-version":[{"id":2850,"href":"https:\/\/swissbeautypro.com\/fr\/wp-json\/wp\/v2\/product\/2300\/revisions\/2850"}],"wp:featuredmedia":[{"embeddable":true,"href":"https:\/\/swissbeautypro.com\/fr\/wp-json\/wp\/v2\/media\/2301"}],"wp:attachment":[{"href":"https:\/\/swissbeautypro.com\/fr\/wp-json\/wp\/v2\/media?parent=2300"}],"wp:term":[{"taxonomy":"product_cat","embeddable":true,"href":"https:\/\/swissbeautypro.com\/fr\/wp-json\/wp\/v2\/product_cat?post=2300"},{"taxonomy":"product_tag","embeddable":true,"href":"https:\/\/swissbeautypro.com\/fr\/wp-json\/wp\/v2\/product_tag?post=2300"}],"curies":[{"name":"wp","href":"https:\/\/api.w.org\/{rel}","templated":true}]}}