{"id":2303,"date":"2024-06-10T23:38:15","date_gmt":"2024-06-10T23:38:15","guid":{"rendered":"https:\/\/swissbeautypro.com\/?post_type=product&#038;p=2303"},"modified":"2026-02-25T20:36:09","modified_gmt":"2026-02-25T20:36:09","slug":"fluide-concentre-53-plus","status":"publish","type":"product","link":"https:\/\/swissbeautypro.com\/fr\/produit\/fluide-concentre-53-plus\/","title":{"rendered":"Fluide Concentr\u00e9 53 Plus"},"content":{"rendered":"<p><span style=\"color: #000000;\"><strong>ACTION:<\/strong><\/span><\/p>\n<p class=\" translation-block\">\u2022 normalise la production de s\u00e9bum <br>\n\u2022 d\u00e9sobstrue et resserre les pores <br>\n\u2022 am\u00e9liore l'immunit\u00e9 de la peau <br>\n\u2022 apaise l'inflammation <br>\n\u2022 favorise la cicatrisation<\/p>\n<p><span style=\"color: #000000;\"><strong>TYPE DE PEAU \/ PR\u00c9OCCUPATIONS CUTAN\u00c9ES :<\/strong> <\/span><\/p>\n<p>Peau grasse, imperfections, peau sujette \u00e0 l\u2019acn\u00e9<\/p>\n<p><strong><span style=\"color: #000000;\">INGR\u00c9DIENTS ACTIFS :<\/span><\/strong><\/p>\n<p class=\" translation-block\">Lactoferrine ; Lactoperoxydase ; extraits de laminaire, de thym, de datte chinoise (Z\u00edz\u00edphus juj\u00faba), \nEnantia chlorantha ; Glucose oxydase ; Panth\u00e9nol<\/p>\n<p><strong><span style=\"color: #000000;\">MODE D\u2019EMPLOI :<\/span><\/strong><\/p>\n<p class=\" translation-block\">\u2022 Nettoyer la peau avec la mousse ou le lait LK. <br>\n\u2022 Tonifiez-la en l'essuyant avec un coton imbib\u00e9 de tonique (lotion). <br>\n\u2022 Appliquer 1 dose de Fluid Concentr\u00e9 53 Plus et laisser p\u00e9n\u00e9trer. <br>\n\u2022 Appliquez ensuite une dose de votre cr\u00e8me LK pr\u00e9f\u00e9r\u00e9e apr\u00e8s l'avoir m\u00e9lang\u00e9e sur votre paume \navec 1 \u00e0 3 gouttes de s\u00e9rum actif Linda Kristel <br>\n\u2022 Utiliser le matin et\/ou le soir.<\/p>\n<p><strong><span style=\"color: #000000;\">CONTENU:<\/span> <\/strong><\/p>\n<p>30 ML<\/p>\n<p><em><strong><span style=\"color: #ff99cc;\">Sell Linda Kristel products in your salon and ensure great home care results for your clients.<\/span><\/strong><\/em><\/p>","protected":false},"excerpt":{"rendered":"<p><span style=\"color: #000000;\">Livraison 2-3 jours ouvrables<\/span><\/p>","protected":false},"featured_media":2304,"comment_status":"open","ping_status":"closed","template":"","meta":[],"product_cat":[95],"product_tag":[86,83,88],"class_list":{"0":"post-2303","1":"product","2":"type-product","3":"status-publish","4":"has-post-thumbnail","6":"product_brand-linda-kristel","7":"product_cat-serums","8":"product_tag-acne","9":"product_tag-blemishes","10":"product_tag-oily-skin","12":"first","13":"instock","14":"taxable","15":"shipping-taxable","16":"product-type-simple"},"_links":{"self":[{"href":"https:\/\/swissbeautypro.com\/fr\/wp-json\/wp\/v2\/product\/2303","targetHints":{"allow":["GET"]}}],"collection":[{"href":"https:\/\/swissbeautypro.com\/fr\/wp-json\/wp\/v2\/product"}],"about":[{"href":"https:\/\/swissbeautypro.com\/fr\/wp-json\/wp\/v2\/types\/product"}],"replies":[{"embeddable":true,"href":"https:\/\/swissbeautypro.com\/fr\/wp-json\/wp\/v2\/comments?post=2303"}],"version-history":[{"count":4,"href":"https:\/\/swissbeautypro.com\/fr\/wp-json\/wp\/v2\/product\/2303\/revisions"}],"predecessor-version":[{"id":2848,"href":"https:\/\/swissbeautypro.com\/fr\/wp-json\/wp\/v2\/product\/2303\/revisions\/2848"}],"wp:featuredmedia":[{"embeddable":true,"href":"https:\/\/swissbeautypro.com\/fr\/wp-json\/wp\/v2\/media\/2304"}],"wp:attachment":[{"href":"https:\/\/swissbeautypro.com\/fr\/wp-json\/wp\/v2\/media?parent=2303"}],"wp:term":[{"taxonomy":"product_cat","embeddable":true,"href":"https:\/\/swissbeautypro.com\/fr\/wp-json\/wp\/v2\/product_cat?post=2303"},{"taxonomy":"product_tag","embeddable":true,"href":"https:\/\/swissbeautypro.com\/fr\/wp-json\/wp\/v2\/product_tag?post=2303"}],"curies":[{"name":"wp","href":"https:\/\/api.w.org\/{rel}","templated":true}]}}