{"id":2307,"date":"2024-06-10T23:42:21","date_gmt":"2024-06-10T23:42:21","guid":{"rendered":"https:\/\/swissbeautypro.com\/?post_type=product&#038;p=2307"},"modified":"2026-02-25T20:34:49","modified_gmt":"2026-02-25T20:34:49","slug":"lumiere-retinol-concentre-serum","status":"publish","type":"product","link":"https:\/\/swissbeautypro.com\/fr\/produit\/lumiere-retinol-concentre-serum\/","title":{"rendered":"Lumiere Retinol Concentr\u00e9 Serum"},"content":{"rendered":"<p><span style=\"color: #000000;\"><strong>ACTION:<\/strong><\/span><\/p>\n<p class=\" translation-block\">\u2022 unifie le teint du visage <br>\n\u2022 rend la peau plus douce, plus ferme et plus \u00e9clatante <br>\n\u2022 augmente la fermet\u00e9 et l'\u00e9lasticit\u00e9 de la peau <br>\n\u2022 normalise la production de s\u00e9bum et aide \u00e0 resserrer les pores<\/p>\n<p><strong><span style=\"color: #000000;\">TYPE DE PEAU \/ PR\u00c9OCCUPATIONS CUTAN\u00c9ES :<\/span> <\/strong><\/p>\n<p>Pigmentation, peau endommag\u00e9e par le soleil, anti-\u00e2ge, \npeau terne<\/p>\n<p><strong><span style=\"color: #000000;\">INGR\u00c9DIENTS ACTIFS :<\/span><\/strong><\/p>\n<p>Palmitate de r\u00e9tinyle ; complexe hydratant ; acide glycolique ; panth\u00e9nol ; r\u00e9tinol<\/p>\n<p><strong><span style=\"color: #000000;\">MODE D\u2019EMPLOI :<\/span><\/strong><\/p>\n<p class=\" translation-block\">\u2022 Apr\u00e8s avoir nettoy\u00e9 votre peau avec la mousse ou le lait LK et l'avoir tonifi\u00e9e avec le tonique (lotion), appliquez 1 \u00e0 2 doses de s\u00e9rum Lumi\u00e8re et laissez-le p\u00e9n\u00e9trer. <br>\n\u2022 Appliquez ensuite une dose de votre cr\u00e8me LK pr\u00e9f\u00e9r\u00e9e, apr\u00e8s l'avoir m\u00e9lang\u00e9e sur votre paume avec 1 \u00e0 3 gouttes de s\u00e9rum actif Linda Kristel. <br>\n\u2022 Pendant les p\u00e9riodes d'ensoleillement intense, toujours combiner avec des produits de protection solaire contenant un SPF ad\u00e9quat (Cr\u00e8me Sunblock SPF 35 REF 181). <br>\n\u2022 Utiliser le soir.<\/p>\n<p><strong><span style=\"color: #000000;\">CONTENU:<\/span> <\/strong><\/p>\n<p>50 ML<\/p>\n<p><em><strong><span style=\"color: #ff99cc;\">Sell Linda Kristel products in your salon and ensure great home care results for your clients.<\/span><\/strong><\/em><\/p>","protected":false},"excerpt":{"rendered":"<p><span style=\"color: #000000;\">Livraison 2-3 jours ouvrables<\/span><\/p>","protected":false},"featured_media":2492,"comment_status":"open","ping_status":"closed","template":"","meta":[],"product_cat":[95],"product_tag":[94,74,84,78],"class_list":{"0":"post-2307","1":"product","2":"type-product","3":"status-publish","4":"has-post-thumbnail","6":"product_brand-linda-kristel","7":"product_cat-serums","8":"product_tag-anti-ageing","9":"product_tag-dull-skin","10":"product_tag-pigmentation","11":"product_tag-sun-damaged-skin","13":"first","14":"outofstock","15":"taxable","16":"shipping-taxable","17":"product-type-simple"},"_links":{"self":[{"href":"https:\/\/swissbeautypro.com\/fr\/wp-json\/wp\/v2\/product\/2307","targetHints":{"allow":["GET"]}}],"collection":[{"href":"https:\/\/swissbeautypro.com\/fr\/wp-json\/wp\/v2\/product"}],"about":[{"href":"https:\/\/swissbeautypro.com\/fr\/wp-json\/wp\/v2\/types\/product"}],"replies":[{"embeddable":true,"href":"https:\/\/swissbeautypro.com\/fr\/wp-json\/wp\/v2\/comments?post=2307"}],"version-history":[{"count":3,"href":"https:\/\/swissbeautypro.com\/fr\/wp-json\/wp\/v2\/product\/2307\/revisions"}],"predecessor-version":[{"id":2847,"href":"https:\/\/swissbeautypro.com\/fr\/wp-json\/wp\/v2\/product\/2307\/revisions\/2847"}],"wp:featuredmedia":[{"embeddable":true,"href":"https:\/\/swissbeautypro.com\/fr\/wp-json\/wp\/v2\/media\/2492"}],"wp:attachment":[{"href":"https:\/\/swissbeautypro.com\/fr\/wp-json\/wp\/v2\/media?parent=2307"}],"wp:term":[{"taxonomy":"product_cat","embeddable":true,"href":"https:\/\/swissbeautypro.com\/fr\/wp-json\/wp\/v2\/product_cat?post=2307"},{"taxonomy":"product_tag","embeddable":true,"href":"https:\/\/swissbeautypro.com\/fr\/wp-json\/wp\/v2\/product_tag?post=2307"}],"curies":[{"name":"wp","href":"https:\/\/api.w.org\/{rel}","templated":true}]}}