{"id":2311,"date":"2024-06-10T23:46:30","date_gmt":"2024-06-10T23:46:30","guid":{"rendered":"https:\/\/swissbeautypro.com\/?post_type=product&#038;p=2311"},"modified":"2026-02-25T20:38:49","modified_gmt":"2026-02-25T20:38:49","slug":"caviar-serum","status":"publish","type":"product","link":"https:\/\/swissbeautypro.com\/fr\/produit\/caviar-serum\/","title":{"rendered":"Caviar Serum"},"content":{"rendered":"<p><span style=\"color: #000000;\"><strong>ACTION:<\/strong><\/span><\/p>\n<p class=\" translation-block\">\u2022 donne un effet lifting imm\u00e9diat et progressif, lisse les rides <br>\n\u2022 am\u00e9liore l'\u00e9lasticit\u00e9 et la fermet\u00e9 de la peau <br>\n\u2022 r\u00e9gule les processus m\u00e9taboliques de la peau<\/p>\n<p><strong><span style=\"color: #000000;\">TYPE DE PEAU \/ PR\u00c9OCCUPATIONS CUTAN\u00c9ES :<\/span> <\/strong><\/p>\n<p>Anti-\u00e2ge, Peau mature, Rides<\/p>\n<p><strong><span style=\"color: #000000;\">INGR\u00c9DIENTS ACTIFS :<\/span><\/strong><\/p>\n<p class=\" translation-block\">Extrait de caviar noir ; prot\u00e9ines de lactos\u00e9rum ; extraits d'algues, Iris florentina, Kigelia africana, \nAloe vera, tr\u00e8fle rouge, Quillaja saponaria ; peptide de rigine (qui renforce l'immunit\u00e9 de la peau) ; \npanth\u00e9nol ; micronutriments.<\/p>\n<p><strong><span style=\"color: #000000;\">MODE D\u2019EMPLOI :<\/span><\/strong><\/p>\n<p class=\" translation-block\">\u2022 Nettoyer la peau avec la mousse ou le lait LK.<br> \n\u2022 Tonifiez-la en l'essuyant avec un coton imbib\u00e9 de tonique (lotion). <br>\n\u2022 Appliquer 1 \u00e0 2 doses de s\u00e9rum lift Caviar et laisser p\u00e9n\u00e9trer. <br>\n\u2022 Appliquez une dose de votre cr\u00e8me LK pr\u00e9f\u00e9r\u00e9e apr\u00e8s l'avoir m\u00e9lang\u00e9e sur votre paume avec 1-3 \ngouttes de s\u00e9rum actif Linda Kristel. <br>\n\u2022 Utiliser le matin et\/ou le soir.<\/p>\n<p><strong><span style=\"color: #000000;\">CONTENU:<\/span><\/strong><\/p>\n<p>30 ML<\/p>\n<p><em><strong><span style=\"color: #ff99cc;\">Sell Linda Kristel products in your salon and ensure great home care results for your clients.<\/span><\/strong><\/em><\/p>","protected":false},"excerpt":{"rendered":"<p><span style=\"color: #000000;\">Livraison 2-3 jours ouvrables<\/span><\/p>","protected":false},"featured_media":2313,"comment_status":"open","ping_status":"closed","template":"","meta":[],"product_cat":[95],"product_tag":[94,76,79],"class_list":{"0":"post-2311","1":"product","2":"type-product","3":"status-publish","4":"has-post-thumbnail","6":"product_brand-linda-kristel","7":"product_cat-serums","8":"product_tag-anti-ageing","9":"product_tag-mature-skin","10":"product_tag-wrinkles","12":"first","13":"outofstock","14":"taxable","15":"shipping-taxable","16":"product-type-simple"},"_links":{"self":[{"href":"https:\/\/swissbeautypro.com\/fr\/wp-json\/wp\/v2\/product\/2311","targetHints":{"allow":["GET"]}}],"collection":[{"href":"https:\/\/swissbeautypro.com\/fr\/wp-json\/wp\/v2\/product"}],"about":[{"href":"https:\/\/swissbeautypro.com\/fr\/wp-json\/wp\/v2\/types\/product"}],"replies":[{"embeddable":true,"href":"https:\/\/swissbeautypro.com\/fr\/wp-json\/wp\/v2\/comments?post=2311"}],"version-history":[{"count":4,"href":"https:\/\/swissbeautypro.com\/fr\/wp-json\/wp\/v2\/product\/2311\/revisions"}],"predecessor-version":[{"id":2846,"href":"https:\/\/swissbeautypro.com\/fr\/wp-json\/wp\/v2\/product\/2311\/revisions\/2846"}],"wp:featuredmedia":[{"embeddable":true,"href":"https:\/\/swissbeautypro.com\/fr\/wp-json\/wp\/v2\/media\/2313"}],"wp:attachment":[{"href":"https:\/\/swissbeautypro.com\/fr\/wp-json\/wp\/v2\/media?parent=2311"}],"wp:term":[{"taxonomy":"product_cat","embeddable":true,"href":"https:\/\/swissbeautypro.com\/fr\/wp-json\/wp\/v2\/product_cat?post=2311"},{"taxonomy":"product_tag","embeddable":true,"href":"https:\/\/swissbeautypro.com\/fr\/wp-json\/wp\/v2\/product_tag?post=2311"}],"curies":[{"name":"wp","href":"https:\/\/api.w.org\/{rel}","templated":true}]}}