{"id":2315,"date":"2024-06-10T23:50:19","date_gmt":"2024-06-10T23:50:19","guid":{"rendered":"https:\/\/swissbeautypro.com\/?post_type=product&#038;p=2315"},"modified":"2024-09-12T16:54:26","modified_gmt":"2024-09-12T16:54:26","slug":"emulsion-phytoestrogenes","status":"publish","type":"product","link":"https:\/\/swissbeautypro.com\/fr\/produit\/emulsion-phytoestrogenes\/","title":{"rendered":"Emulsion Phytoestrogenes"},"content":{"rendered":"<p><strong><span style=\"color: #000000;\">ACTION:<\/span><\/strong><\/p>\n<p class=\" translation-block\">\u2022 r\u00e9duit les poches et la sensibilit\u00e9 <br>\n\u2022 lisse les rides et ridules <br>\n\u2022 prot\u00e8ge contre les radicaux libres  <br>\n\u2022 donne \u00e0 la peau un \u00e9clat sain<\/p>\n<p><strong><span style=\"color: #000000;\">TYPE DE PEAU \/ PR\u00c9OCCUPATIONS CUTAN\u00c9ES :<\/span> <\/strong><\/p>\n<p>Anti-\u00e2ge, Peau mature, Rides<\/p>\n<p><strong><span style=\"color: #000000;\">INGR\u00c9DIENTS ACTIFS :<\/span><\/strong><\/p>\n<p class=\" translation-block\">extrait de tr\u00e8fle rouge ; peptide de rigine (qui renforce l'immunit\u00e9 de la peau) ; panth\u00e9nol ; bioflavono\u00efdes ; vitamine A ; coenzyme Q10 ; huiles de p\u00e9pins de raisin, d'amande douce et de \ntournesol<\/p>\n<p><strong><span style=\"color: #000000;\">MODE D\u2019EMPLOI :<\/span><\/strong><\/p>\n<p class=\" translation-block\">\u2022 Apr\u00e8s avoir nettoy\u00e9 votre peau avec la mousse ou le lait LK, l'avoir tonifi\u00e9e et avoir appliqu\u00e9 le \ns\u00e9rum ou le fluide concentr\u00e9, appliquez une dose de l'\u00e9mulsion Phytoestrogen en la m\u00e9langeant \nsur votre paume avec 1\/3 de gouttes de s\u00e9rum actif LK s\u00e9lectionn\u00e9 par votre cosm\u00e9tologue.\n <br>\n\u2022 Utiliser le matin et\/ou le soir.<\/p>\n<p><strong><span style=\"color: #000000;\">CONTENU:<\/span> <\/strong><\/p>\n<p>50 ML<\/p>\n<p><em><strong><span style=\"color: #ff99cc;\">Sell Linda Kristel products in your salon and ensure great home care results for your clients.<\/span><\/strong><\/em><\/p>","protected":false},"excerpt":{"rendered":"<p><span style=\"color: #000000;\">Livraison 2-3 jours ouvrables<\/span><\/p>","protected":false},"featured_media":2319,"comment_status":"open","ping_status":"closed","template":"","meta":[],"product_cat":[141],"product_tag":[94,74,76,79],"class_list":{"0":"post-2315","1":"product","2":"type-product","3":"status-publish","4":"has-post-thumbnail","6":"product_brand-linda-kristel","7":"product_cat-face-creams","8":"product_tag-anti-ageing","9":"product_tag-dull-skin","10":"product_tag-mature-skin","11":"product_tag-wrinkles","13":"first","14":"instock","15":"taxable","16":"shipping-taxable","17":"product-type-simple"},"_links":{"self":[{"href":"https:\/\/swissbeautypro.com\/fr\/wp-json\/wp\/v2\/product\/2315","targetHints":{"allow":["GET"]}}],"collection":[{"href":"https:\/\/swissbeautypro.com\/fr\/wp-json\/wp\/v2\/product"}],"about":[{"href":"https:\/\/swissbeautypro.com\/fr\/wp-json\/wp\/v2\/types\/product"}],"replies":[{"embeddable":true,"href":"https:\/\/swissbeautypro.com\/fr\/wp-json\/wp\/v2\/comments?post=2315"}],"version-history":[{"count":3,"href":"https:\/\/swissbeautypro.com\/fr\/wp-json\/wp\/v2\/product\/2315\/revisions"}],"predecessor-version":[{"id":2844,"href":"https:\/\/swissbeautypro.com\/fr\/wp-json\/wp\/v2\/product\/2315\/revisions\/2844"}],"wp:featuredmedia":[{"embeddable":true,"href":"https:\/\/swissbeautypro.com\/fr\/wp-json\/wp\/v2\/media\/2319"}],"wp:attachment":[{"href":"https:\/\/swissbeautypro.com\/fr\/wp-json\/wp\/v2\/media?parent=2315"}],"wp:term":[{"taxonomy":"product_cat","embeddable":true,"href":"https:\/\/swissbeautypro.com\/fr\/wp-json\/wp\/v2\/product_cat?post=2315"},{"taxonomy":"product_tag","embeddable":true,"href":"https:\/\/swissbeautypro.com\/fr\/wp-json\/wp\/v2\/product_tag?post=2315"}],"curies":[{"name":"wp","href":"https:\/\/api.w.org\/{rel}","templated":true}]}}