{"id":2320,"date":"2024-06-11T00:36:41","date_gmt":"2024-06-11T00:36:41","guid":{"rendered":"https:\/\/swissbeautypro.com\/?post_type=product&#038;p=2320"},"modified":"2025-11-24T02:24:41","modified_gmt":"2025-11-24T02:24:41","slug":"caviar-creme","status":"publish","type":"product","link":"https:\/\/swissbeautypro.com\/fr\/produit\/caviar-creme\/","title":{"rendered":"Caviar Cr\u00e8me"},"content":{"rendered":"<p><strong><span style=\"color: #000000;\">ACTION:<\/span><\/strong><\/p>\n<p class=\" translation-block\">\u2022 donne \u00e0 la peau un effet liftant <br>\n\u2022 att\u00e9nue les rides et ridules <br>\n\u2022 am\u00e9liore la fermet\u00e9 et l'\u00e9lasticit\u00e9 de la peau <br>\n\u2022 pr\u00e9vient les changements cutan\u00e9s li\u00e9s \u00e0 l'\u00e2ge<\/p>\n<p><strong><span style=\"color: #000000;\">TYPE DE PEAU \/ PR\u00c9OCCUPATIONS CUTAN\u00c9ES :<\/span> <\/strong><\/p>\n<p>Anti-\u00e2ge, Peau mature, Rides<\/p>\n<p><strong><span style=\"color: #000000;\">INGR\u00c9DIENTS ACTIFS :<\/span><\/strong><\/p>\n<p class=\" translation-block\">Extrait de caviar noir ; Phytoestrog\u00e8nes provenant d'extraits de Kigelia africana, Iris florentina, \nQuillaja saponaria ; Huile d'amande douce<\/p>\n<p><strong><span style=\"color: #000000;\">MODE D\u2019EMPLOI :<\/span><\/strong><\/p>\n<p class=\" translation-block\">\u2022 Apr\u00e8s avoir nettoy\u00e9 votre peau avec la mousse ou le lait LK, l'avoir tonifi\u00e9e et avoir appliqu\u00e9 le \ns\u00e9rum ou le fluide concentr\u00e9, appliquez une dose de la cr\u00e8me lift Caviar en la m\u00e9langeant sur \nvotre paume avec 1\/3 de gouttes de s\u00e9rum actif LK. <br>\n\u2022 Utiliser le matin et\/ou le soir.<\/p>\n<p><strong><span style=\"color: #000000;\">CONTENU:<\/span> <\/strong><\/p>\n<p>50 ML<\/p>\n<p><em><strong><span style=\"color: #ff99cc;\">Sell Linda Kristel products in your salon and ensure great home care results for your clients.<\/span><\/strong><\/em><\/p>","protected":false},"excerpt":{"rendered":"<p><span style=\"color: #000000;\">Livraison 2-3 jours ouvrables<\/span><\/p>","protected":false},"featured_media":2323,"comment_status":"open","ping_status":"closed","template":"","meta":[],"product_cat":[141],"product_tag":[94,76,79],"class_list":{"0":"post-2320","1":"product","2":"type-product","3":"status-publish","4":"has-post-thumbnail","6":"product_brand-linda-kristel","7":"product_cat-face-creams","8":"product_tag-anti-ageing","9":"product_tag-mature-skin","10":"product_tag-wrinkles","12":"first","13":"outofstock","14":"taxable","15":"shipping-taxable","16":"product-type-simple"},"_links":{"self":[{"href":"https:\/\/swissbeautypro.com\/fr\/wp-json\/wp\/v2\/product\/2320","targetHints":{"allow":["GET"]}}],"collection":[{"href":"https:\/\/swissbeautypro.com\/fr\/wp-json\/wp\/v2\/product"}],"about":[{"href":"https:\/\/swissbeautypro.com\/fr\/wp-json\/wp\/v2\/types\/product"}],"replies":[{"embeddable":true,"href":"https:\/\/swissbeautypro.com\/fr\/wp-json\/wp\/v2\/comments?post=2320"}],"version-history":[{"count":4,"href":"https:\/\/swissbeautypro.com\/fr\/wp-json\/wp\/v2\/product\/2320\/revisions"}],"predecessor-version":[{"id":2843,"href":"https:\/\/swissbeautypro.com\/fr\/wp-json\/wp\/v2\/product\/2320\/revisions\/2843"}],"wp:featuredmedia":[{"embeddable":true,"href":"https:\/\/swissbeautypro.com\/fr\/wp-json\/wp\/v2\/media\/2323"}],"wp:attachment":[{"href":"https:\/\/swissbeautypro.com\/fr\/wp-json\/wp\/v2\/media?parent=2320"}],"wp:term":[{"taxonomy":"product_cat","embeddable":true,"href":"https:\/\/swissbeautypro.com\/fr\/wp-json\/wp\/v2\/product_cat?post=2320"},{"taxonomy":"product_tag","embeddable":true,"href":"https:\/\/swissbeautypro.com\/fr\/wp-json\/wp\/v2\/product_tag?post=2320"}],"curies":[{"name":"wp","href":"https:\/\/api.w.org\/{rel}","templated":true}]}}