{"id":2324,"date":"2024-06-11T00:41:58","date_gmt":"2024-06-11T00:41:58","guid":{"rendered":"https:\/\/swissbeautypro.com\/?post_type=product&#038;p=2324"},"modified":"2025-11-24T02:27:51","modified_gmt":"2025-11-24T02:27:51","slug":"creme-peau-lisse","status":"publish","type":"product","link":"https:\/\/swissbeautypro.com\/fr\/produit\/creme-peau-lisse\/","title":{"rendered":"Creme Peau Lisse"},"content":{"rendered":"<p><span style=\"color: #000000;\"><strong>ACTION:<\/strong><\/span><\/p>\n<p class=\" translation-block\">\u2022 unifie le teint et matifie la peau <br>\n\u2022 normalise la production de s\u00e9bum <br> \n\u2022 resserre les pores, favorise la cicatrisation <br> \n\u2022 favorise l'\u00e9quilibre naturel de la microflore cutan\u00e9e<\/p>\n<p><span style=\"color: #000000;\"><strong>TYPE DE PEAU \/ PR\u00c9OCCUPATIONS CUTAN\u00c9ES :<\/strong> <\/span><\/p>\n<p>Peau grasse, Imperfections, Acn\u00e9<\/p>\n<p><strong><span style=\"color: #000000;\">INGR\u00c9DIENTS ACTIFS :<\/span><\/strong><\/p>\n<p class=\" translation-block\">Oxyde de zinc ; extraits de propolis, de sophora japonica, d'ananas, de bardane, de bouleau argent\u00e9, d'Enantia chlorantha, de datte chinoise (Z\u00edz\u00edphus juj\u00faba), de papaye, de thym ; vitamine F ; \ncomplexe d'huiles essentielles.<\/p>\n<p><strong><span style=\"color: #000000;\">MODE D\u2019EMPLOI :<\/span><\/strong><\/p>\n<p class=\" translation-block\">\u2022 Nettoyer la peau avec la mousse ou le lait LK. <br>\n\u2022 Tonifiez-la en l'essuyant avec un coton imbib\u00e9 de tonique (lotion). <br>\n\u2022 Appliquer une dose de cr\u00e8me Peau Lisse par tapotements apr\u00e8s l'avoir m\u00e9lang\u00e9e sur la paume \navec 1-3 gouttes de s\u00e9rum actif Linda Kristel. <br>\n\u2022 Utiliser le matin et\/ou le soir.<\/p>\n<p><strong><span style=\"color: #000000;\">CONTENU:<\/span> <\/strong><\/p>\n<p>50 ML<\/p>\n<p><em><strong><span style=\"color: #ff99cc;\">Sell Linda Kristel products in your salon and ensure great home care results for your clients.<\/span><\/strong><\/em><\/p>","protected":false},"excerpt":{"rendered":"<p><span style=\"color: #000000;\">Livraison 2-3 jours ouvrables<\/span><\/p>","protected":false},"featured_media":2326,"comment_status":"open","ping_status":"closed","template":"","meta":[],"product_cat":[141],"product_tag":[86,83,88],"class_list":{"0":"post-2324","1":"product","2":"type-product","3":"status-publish","4":"has-post-thumbnail","6":"product_brand-linda-kristel","7":"product_cat-face-creams","8":"product_tag-acne","9":"product_tag-blemishes","10":"product_tag-oily-skin","12":"first","13":"instock","14":"taxable","15":"shipping-taxable","16":"product-type-simple"},"_links":{"self":[{"href":"https:\/\/swissbeautypro.com\/fr\/wp-json\/wp\/v2\/product\/2324","targetHints":{"allow":["GET"]}}],"collection":[{"href":"https:\/\/swissbeautypro.com\/fr\/wp-json\/wp\/v2\/product"}],"about":[{"href":"https:\/\/swissbeautypro.com\/fr\/wp-json\/wp\/v2\/types\/product"}],"replies":[{"embeddable":true,"href":"https:\/\/swissbeautypro.com\/fr\/wp-json\/wp\/v2\/comments?post=2324"}],"version-history":[{"count":3,"href":"https:\/\/swissbeautypro.com\/fr\/wp-json\/wp\/v2\/product\/2324\/revisions"}],"predecessor-version":[{"id":2842,"href":"https:\/\/swissbeautypro.com\/fr\/wp-json\/wp\/v2\/product\/2324\/revisions\/2842"}],"wp:featuredmedia":[{"embeddable":true,"href":"https:\/\/swissbeautypro.com\/fr\/wp-json\/wp\/v2\/media\/2326"}],"wp:attachment":[{"href":"https:\/\/swissbeautypro.com\/fr\/wp-json\/wp\/v2\/media?parent=2324"}],"wp:term":[{"taxonomy":"product_cat","embeddable":true,"href":"https:\/\/swissbeautypro.com\/fr\/wp-json\/wp\/v2\/product_cat?post=2324"},{"taxonomy":"product_tag","embeddable":true,"href":"https:\/\/swissbeautypro.com\/fr\/wp-json\/wp\/v2\/product_tag?post=2324"}],"curies":[{"name":"wp","href":"https:\/\/api.w.org\/{rel}","templated":true}]}}