{"id":2329,"date":"2024-06-11T00:44:48","date_gmt":"2024-06-11T00:44:48","guid":{"rendered":"https:\/\/swissbeautypro.com\/?post_type=product&#038;p=2329"},"modified":"2025-07-30T11:41:40","modified_gmt":"2025-07-30T11:41:40","slug":"creme-ambiant","status":"publish","type":"product","link":"https:\/\/swissbeautypro.com\/fr\/produit\/creme-ambiant\/","title":{"rendered":"Creme Ambiant"},"content":{"rendered":"<p><strong><span style=\"color: #000000;\">ACTION:<\/span><\/strong><\/p>\n<p class=\" translation-block\">\u2022 apaise la peau, r\u00e9duit les poches, les rougeurs et les irritations <br>\n\u2022 adoucit et hydrate la peau  <br>\n\u2022 prot\u00e8ge contre les radicaux libres et les facteurs environnementaux d\u00e9favorables<\/p>\n<p><strong><span style=\"color: #000000;\">TYPE DE PEAU \/ PR\u00c9OCCUPATIONS CUTAN\u00c9ES :<\/span> <\/strong><\/p>\n<p>Peau sensible, Rougeurs, Rosac\u00e9e<\/p>\n<p><strong><span style=\"color: #000000;\">INGR\u00c9DIENTS ACTIFS :<\/span><\/strong><\/p>\n<p class=\" translation-block\">extraits de mimosa, d'\u00e9corce de ch\u00eane, d'ananas, de Centella asiatica, de Sophora japonica, de \nGinkgo biloba ; beurre de karit\u00e9, huile de p\u00e9pins de raisin ; complexe hydratant ; vitamine E ; \npanth\u00e9nol<\/p>\n<p><strong><span style=\"color: #000000;\">MODE D\u2019EMPLOI :<\/span><\/strong><\/p>\n<p class=\" translation-block\">\u2022 Nettoyer la peau avec la mousse ou le lait Linda Kristel. <br>\n\u2022 Appliquez le tonique \u00e0 l'aide d'un coton et tonifiez la peau du visage et du cou. <br>\n\u2022 Appliquer 1 \u00e0 2 doses de s\u00e9rum ou de fluide concentr\u00e9, puis une dose de cr\u00e8me Ambiant en la \nm\u00e9langeant sur la paume avec 1 \u00e0 3 gouttes de s\u00e9rum actif Linda Kristel. <br>\n\u2022 Utiliser le matin et\/ou le soir.<\/p>\n<p><strong><span style=\"color: #000000;\">CONTENU:<\/span> <\/strong><\/p>\n<p>50 ML<\/p>\n<p><em><strong><span style=\"color: #ff99cc;\">Sell Linda Kristel products in your salon and ensure great home care results for your clients.<\/span><\/strong><\/em><\/p>","protected":false},"excerpt":{"rendered":"<p><span style=\"color: #000000;\">Livraison 2-3 jours ouvrables<\/span><\/p>","protected":false},"featured_media":2330,"comment_status":"open","ping_status":"closed","template":"","meta":[],"product_cat":[141],"product_tag":[81,89,80],"class_list":{"0":"post-2329","1":"product","2":"type-product","3":"status-publish","4":"has-post-thumbnail","6":"product_brand-linda-kristel","7":"product_cat-face-creams","8":"product_tag-redness","9":"product_tag-rosacea","10":"product_tag-sensitive-skin","12":"first","13":"outofstock","14":"taxable","15":"shipping-taxable","16":"product-type-simple"},"_links":{"self":[{"href":"https:\/\/swissbeautypro.com\/fr\/wp-json\/wp\/v2\/product\/2329","targetHints":{"allow":["GET"]}}],"collection":[{"href":"https:\/\/swissbeautypro.com\/fr\/wp-json\/wp\/v2\/product"}],"about":[{"href":"https:\/\/swissbeautypro.com\/fr\/wp-json\/wp\/v2\/types\/product"}],"replies":[{"embeddable":true,"href":"https:\/\/swissbeautypro.com\/fr\/wp-json\/wp\/v2\/comments?post=2329"}],"version-history":[{"count":3,"href":"https:\/\/swissbeautypro.com\/fr\/wp-json\/wp\/v2\/product\/2329\/revisions"}],"predecessor-version":[{"id":2841,"href":"https:\/\/swissbeautypro.com\/fr\/wp-json\/wp\/v2\/product\/2329\/revisions\/2841"}],"wp:featuredmedia":[{"embeddable":true,"href":"https:\/\/swissbeautypro.com\/fr\/wp-json\/wp\/v2\/media\/2330"}],"wp:attachment":[{"href":"https:\/\/swissbeautypro.com\/fr\/wp-json\/wp\/v2\/media?parent=2329"}],"wp:term":[{"taxonomy":"product_cat","embeddable":true,"href":"https:\/\/swissbeautypro.com\/fr\/wp-json\/wp\/v2\/product_cat?post=2329"},{"taxonomy":"product_tag","embeddable":true,"href":"https:\/\/swissbeautypro.com\/fr\/wp-json\/wp\/v2\/product_tag?post=2329"}],"curies":[{"name":"wp","href":"https:\/\/api.w.org\/{rel}","templated":true}]}}