{"id":2332,"date":"2024-06-11T00:48:09","date_gmt":"2024-06-11T00:48:09","guid":{"rendered":"https:\/\/swissbeautypro.com\/?post_type=product&#038;p=2332"},"modified":"2024-09-11T22:22:56","modified_gmt":"2024-09-11T22:22:56","slug":"kojic-creme","status":"publish","type":"product","link":"https:\/\/swissbeautypro.com\/fr\/produit\/kojic-creme\/","title":{"rendered":"Kojic Cr\u00e8me"},"content":{"rendered":"<p><span style=\"color: #000000;\"><strong>ACTION:<\/strong><\/span><\/p>\n<p class=\" translation-block\">\u2022 aide \u00e0 traiter l'hyperpigmentation et \u00e0 la pr\u00e9venir <br>\n\u2022 adoucit et apaise la peau <br>\n\u2022 am\u00e9liore sa fermet\u00e9<\/p>\n<p><strong><span style=\"color: #000000;\">TYPE DE PEAU \/ PR\u00c9OCCUPATIONS CUTAN\u00c9ES :<\/span> <\/strong><\/p>\n<p>Pigmentation, peau endommag\u00e9e par le soleil, anti-\u00e2ge, \npeau terne<\/p>\n<p><strong><span style=\"color: #000000;\">INGR\u00c9DIENTS ACTIFS :<\/span><\/strong><\/p>\n<p>Acide kojique ; vitamines A, E ; acide lactique ; extrait de racine de r\u00e9glisse<\/p>\n<p><strong><span style=\"color: #000000;\">MODE D\u2019EMPLOI :<\/span><\/strong><\/p>\n<p class=\" translation-block\">\u2022 Apr\u00e8s avoir nettoy\u00e9 votre peau avec la mousse ou le lait Linda Kristel, l'avoir tonifi\u00e9e et avoir \nappliqu\u00e9 le s\u00e9rum ou le fluide concentr\u00e9 <br>\n\u2022 appliquer une dose de cr\u00e8me Kojic en la m\u00e9langeant sur la paume avec 1 \u00e0 3 gouttes de s\u00e9rum actif Linda Kristel. <br>\n\u2022 Pendant les p\u00e9riodes d'ensoleillement intense, toujours combiner avec des produits de protection \nsolaire contenant un SPF ad\u00e9quat (Cr\u00e8me solaire SPF 35 REF 181). <br>\n\u2022 Utiliser le soir.<\/p>\n<p><strong><span style=\"color: #000000;\">CONTENU:<\/span><\/strong><\/p>\n<p>50 ML<\/p>\n<p><em><strong><span style=\"color: #ff99cc;\">Sell Linda Kristel products in your salon and ensure great home care results for your clients.<\/span><\/strong><\/em><\/p>","protected":false},"excerpt":{"rendered":"<p><span style=\"color: #000000;\">Livraison 2-3 jours ouvrables<\/span><\/p>","protected":false},"featured_media":2333,"comment_status":"open","ping_status":"closed","template":"","meta":[],"product_cat":[141],"product_tag":[94,74,84,78],"class_list":{"0":"post-2332","1":"product","2":"type-product","3":"status-publish","4":"has-post-thumbnail","6":"product_brand-linda-kristel","7":"product_cat-face-creams","8":"product_tag-anti-ageing","9":"product_tag-dull-skin","10":"product_tag-pigmentation","11":"product_tag-sun-damaged-skin","13":"first","14":"outofstock","15":"taxable","16":"shipping-taxable","17":"product-type-simple"},"_links":{"self":[{"href":"https:\/\/swissbeautypro.com\/fr\/wp-json\/wp\/v2\/product\/2332","targetHints":{"allow":["GET"]}}],"collection":[{"href":"https:\/\/swissbeautypro.com\/fr\/wp-json\/wp\/v2\/product"}],"about":[{"href":"https:\/\/swissbeautypro.com\/fr\/wp-json\/wp\/v2\/types\/product"}],"replies":[{"embeddable":true,"href":"https:\/\/swissbeautypro.com\/fr\/wp-json\/wp\/v2\/comments?post=2332"}],"version-history":[{"count":5,"href":"https:\/\/swissbeautypro.com\/fr\/wp-json\/wp\/v2\/product\/2332\/revisions"}],"predecessor-version":[{"id":2839,"href":"https:\/\/swissbeautypro.com\/fr\/wp-json\/wp\/v2\/product\/2332\/revisions\/2839"}],"wp:featuredmedia":[{"embeddable":true,"href":"https:\/\/swissbeautypro.com\/fr\/wp-json\/wp\/v2\/media\/2333"}],"wp:attachment":[{"href":"https:\/\/swissbeautypro.com\/fr\/wp-json\/wp\/v2\/media?parent=2332"}],"wp:term":[{"taxonomy":"product_cat","embeddable":true,"href":"https:\/\/swissbeautypro.com\/fr\/wp-json\/wp\/v2\/product_cat?post=2332"},{"taxonomy":"product_tag","embeddable":true,"href":"https:\/\/swissbeautypro.com\/fr\/wp-json\/wp\/v2\/product_tag?post=2332"}],"curies":[{"name":"wp","href":"https:\/\/api.w.org\/{rel}","templated":true}]}}