{"id":2335,"date":"2024-06-11T00:51:23","date_gmt":"2024-06-11T00:51:23","guid":{"rendered":"https:\/\/swissbeautypro.com\/?post_type=product&#038;p=2335"},"modified":"2025-11-24T02:29:11","modified_gmt":"2025-11-24T02:29:11","slug":"creme-sunblock-spf-35","status":"publish","type":"product","link":"https:\/\/swissbeautypro.com\/fr\/produit\/creme-sunblock-spf-35\/","title":{"rendered":"Cr\u00e8me sunblock SPF 35"},"content":{"rendered":"<p><strong><span style=\"color: #000000;\">ACTION:<\/span><\/strong><\/p>\n<p class=\" translation-block\">\u2022 prot\u00e8ge la peau des rayons UV et des radicaux libres <br>\n\u2022 pr\u00e9vient les coups de soleil et la pigmentation <br>\n\u2022 \u00e9limine les irritations et les rougeurs <br>\n\u2022 renforce l'immunit\u00e9 des tissus<\/p>\n<p><strong><span style=\"color: #000000;\">TYPE DE PEAU \/ PR\u00c9OCCUPATIONS CUTAN\u00c9ES :<\/span> <\/strong><\/p>\n<p>\u00c9cran solaire, peau endommag\u00e9e par le soleil, anti-\u00e2ge, \npigmentation, rougeur<\/p>\n<p><strong><span style=\"color: #000000;\">INGR\u00c9DIENTS ACTIFS :<\/span><\/strong><\/p>\n<p class=\" translation-block\">filtres chimiques et physiques UVA et UVB ; b\u00eata-glucane ; acide phytique ; vitamines A et E ; \npanth\u00e9nol ; bisabolol ; extrait de pin ; huiles v\u00e9g\u00e9tales et beurres de tournesol, de p\u00e9pins de raisin, de karit\u00e9 et de carotte.<\/p>\n<p><strong><span style=\"color: #000000;\">MODE D\u2019EMPLOI :<\/span><\/strong><\/p>\n<p class=\" translation-block\">\u2022 Nettoyer la peau avec la mousse ou le lait Linda Kristel. <br>\n\u2022 Tonifiez-la en l'essuyant avec un coton imbib\u00e9 de tonique (lotion). <br>\n\u2022 Appliquer une dose de cr\u00e8me solaire sur le visage et le corps nettoy\u00e9s 15 \u00e0 30 minutes avant l'exposition au soleil. <br>\n\u2022 Utilisez la cr\u00e8me pendant les p\u00e9riodes d'exposition intense au soleil. <br>\n\u2022 Renouveler l'application de la cr\u00e8me apr\u00e8s une baignade ou une activit\u00e9 physique intense au soleil.<\/p>\n<p><strong><span style=\"color: #000000;\">CONTENU:<\/span> <\/strong><\/p>\n<p>50 ML<\/p>\n<p><em><strong><span style=\"color: #ff99cc;\">Sell Linda Kristel products in your salon and ensure great home care results for your clients.<\/span><\/strong><\/em><\/p>","protected":false},"excerpt":{"rendered":"<p><span style=\"color: #000000;\">Livraison 2-3 jours ouvrables<\/span><\/p>","protected":false},"featured_media":2337,"comment_status":"open","ping_status":"closed","template":"","meta":[],"product_cat":[141],"product_tag":[94,84,81,78],"class_list":{"0":"post-2335","1":"product","2":"type-product","3":"status-publish","4":"has-post-thumbnail","6":"product_brand-linda-kristel","7":"product_cat-face-creams","8":"product_tag-anti-ageing","9":"product_tag-pigmentation","10":"product_tag-redness","11":"product_tag-sun-damaged-skin","13":"first","14":"outofstock","15":"taxable","16":"shipping-taxable","17":"product-type-simple"},"_links":{"self":[{"href":"https:\/\/swissbeautypro.com\/fr\/wp-json\/wp\/v2\/product\/2335","targetHints":{"allow":["GET"]}}],"collection":[{"href":"https:\/\/swissbeautypro.com\/fr\/wp-json\/wp\/v2\/product"}],"about":[{"href":"https:\/\/swissbeautypro.com\/fr\/wp-json\/wp\/v2\/types\/product"}],"replies":[{"embeddable":true,"href":"https:\/\/swissbeautypro.com\/fr\/wp-json\/wp\/v2\/comments?post=2335"}],"version-history":[{"count":4,"href":"https:\/\/swissbeautypro.com\/fr\/wp-json\/wp\/v2\/product\/2335\/revisions"}],"predecessor-version":[{"id":2838,"href":"https:\/\/swissbeautypro.com\/fr\/wp-json\/wp\/v2\/product\/2335\/revisions\/2838"}],"wp:featuredmedia":[{"embeddable":true,"href":"https:\/\/swissbeautypro.com\/fr\/wp-json\/wp\/v2\/media\/2337"}],"wp:attachment":[{"href":"https:\/\/swissbeautypro.com\/fr\/wp-json\/wp\/v2\/media?parent=2335"}],"wp:term":[{"taxonomy":"product_cat","embeddable":true,"href":"https:\/\/swissbeautypro.com\/fr\/wp-json\/wp\/v2\/product_cat?post=2335"},{"taxonomy":"product_tag","embeddable":true,"href":"https:\/\/swissbeautypro.com\/fr\/wp-json\/wp\/v2\/product_tag?post=2335"}],"curies":[{"name":"wp","href":"https:\/\/api.w.org\/{rel}","templated":true}]}}