{"id":2339,"date":"2024-06-11T00:56:15","date_gmt":"2024-06-11T00:56:15","guid":{"rendered":"https:\/\/swissbeautypro.com\/?post_type=product&#038;p=2339"},"modified":"2025-12-28T10:58:14","modified_gmt":"2025-12-28T10:58:14","slug":"creme-renovation-pour-le-conteur-des-yeux","status":"publish","type":"product","link":"https:\/\/swissbeautypro.com\/fr\/produit\/creme-renovation-pour-le-conteur-des-yeux\/","title":{"rendered":"Cr\u00e8me Renovation pour Le Conteur des Yeux"},"content":{"rendered":"<p><span style=\"color: #000000;\">R\u00c9NOVATION CR\u00c8ME PEPTIDIQUE POUR LES YEUX<\/span><\/p>\n<p><strong><span style=\"color: #000000;\">ACTION:<\/span><\/strong><\/p>\n<p class=\" translation-block\">\u2022 \u00e9limine les cernes <br>\n\u2022 r\u00e9duit les poches autour des yeux <br>\n\u2022 att\u00e9nue les rides et ridules <br>\n\u2022 am\u00e9liore la fermet\u00e9 et le tonus de la peau<\/p>\n<p><span style=\"color: #000000;\"><strong>TYPE DE PEAU \/ PR\u00c9OCCUPATIONS CUTAN\u00c9ES :<\/strong> <\/span><\/p>\n<p>Cr\u00e8me pour les yeux, Anti-\u00e2ge<\/p>\n<p><strong><span style=\"color: #000000;\">INGR\u00c9DIENTS ACTIFS :<\/span><\/strong><\/p>\n<p class=\" translation-block\">Dipeptide-2 - peptide de drainage lymphatique ; Palmitoil oligopeptide, Syn-coll peptides (qui \nactivent la synth\u00e8se du collag\u00e8ne et de l'\u00e9lastine) ; extraits de Kigelia africana, Guarana, Quillaja \nsaponaria ; Panth\u00e9nol ; Vitamine E.<\/p>\n<p><strong><span style=\"color: #000000;\">MODE D\u2019EMPLOI :<\/span><\/strong><\/p>\n<p class=\" translation-block\">\u2022 Appliquer d\u00e9licatement une petite quantit\u00e9 de Renovation peptide eye cream sur le contour des \nyeux et les paupi\u00e8res. Lisser entre les sourcils, sur les tempes et tout autour du contour de l'\u0153il. <br>\n\u2022 Utiliser matin et soir.<\/p>\n<p><strong><span style=\"color: #000000;\">CONTENU:<\/span> <\/strong><\/p>\n<p>15 ML<\/p>\n<p><em><strong><span style=\"color: #ff99cc;\">Sell Linda Kristel products in your salon and ensure great home care results for your clients.<\/span><\/strong><\/em><\/p>","protected":false},"excerpt":{"rendered":"<p><span style=\"color: #000000;\">Livraison 2-3 jours ouvrables<\/span><\/p>","protected":false},"featured_media":2342,"comment_status":"open","ping_status":"closed","template":"","meta":[],"product_cat":[141],"product_tag":[94,76],"class_list":{"0":"post-2339","1":"product","2":"type-product","3":"status-publish","4":"has-post-thumbnail","6":"product_brand-linda-kristel","7":"product_cat-face-creams","8":"product_tag-anti-ageing","9":"product_tag-mature-skin","11":"first","12":"outofstock","13":"taxable","14":"shipping-taxable","15":"product-type-simple"},"_links":{"self":[{"href":"https:\/\/swissbeautypro.com\/fr\/wp-json\/wp\/v2\/product\/2339","targetHints":{"allow":["GET"]}}],"collection":[{"href":"https:\/\/swissbeautypro.com\/fr\/wp-json\/wp\/v2\/product"}],"about":[{"href":"https:\/\/swissbeautypro.com\/fr\/wp-json\/wp\/v2\/types\/product"}],"replies":[{"embeddable":true,"href":"https:\/\/swissbeautypro.com\/fr\/wp-json\/wp\/v2\/comments?post=2339"}],"version-history":[{"count":4,"href":"https:\/\/swissbeautypro.com\/fr\/wp-json\/wp\/v2\/product\/2339\/revisions"}],"predecessor-version":[{"id":2837,"href":"https:\/\/swissbeautypro.com\/fr\/wp-json\/wp\/v2\/product\/2339\/revisions\/2837"}],"wp:featuredmedia":[{"embeddable":true,"href":"https:\/\/swissbeautypro.com\/fr\/wp-json\/wp\/v2\/media\/2342"}],"wp:attachment":[{"href":"https:\/\/swissbeautypro.com\/fr\/wp-json\/wp\/v2\/media?parent=2339"}],"wp:term":[{"taxonomy":"product_cat","embeddable":true,"href":"https:\/\/swissbeautypro.com\/fr\/wp-json\/wp\/v2\/product_cat?post=2339"},{"taxonomy":"product_tag","embeddable":true,"href":"https:\/\/swissbeautypro.com\/fr\/wp-json\/wp\/v2\/product_tag?post=2339"}],"curies":[{"name":"wp","href":"https:\/\/api.w.org\/{rel}","templated":true}]}}