{"id":2348,"date":"2024-06-11T15:39:42","date_gmt":"2024-06-11T15:39:42","guid":{"rendered":"https:\/\/swissbeautypro.com\/?post_type=product&#038;p=2348"},"modified":"2026-02-25T20:38:37","modified_gmt":"2026-02-25T20:38:37","slug":"caviar-lifting-masque","status":"publish","type":"product","link":"https:\/\/swissbeautypro.com\/fr\/produit\/caviar-lifting-masque\/","title":{"rendered":"Caviar Lifting Masque"},"content":{"rendered":"<p><strong><span style=\"color: #000000;\">ACTION:<\/span><\/strong><\/p>\n<p class=\" translation-block\">\u2022 lisse instantan\u00e9ment les rides et ridules <br>\n\u2022 am\u00e9liore la fermet\u00e9 et l'\u00e9lasticit\u00e9 de la peau <br>\n\u2022 \u00e9claircit le teint <br>\n\u2022 enrichit la peau en antioxydants <br>\n\u2022 ralentit les processus de vieillissement<\/p>\n<p><strong><span style=\"color: #000000;\">TYPE DE PEAU \/ PR\u00c9OCCUPATIONS CUTAN\u00c9ES :<\/span> <\/strong><\/p>\n<p>Anti-\u00e2ge, Peau mature, Rides<\/p>\n<p><strong><span style=\"color: #000000;\">INGR\u00c9DIENTS ACTIFS :<\/span><\/strong><\/p>\n<p class=\" translation-block\">Extrait de caviar noir ; extraits de plantes riches en phytoestrog\u00e8nes (Kigelia africana, Iris \nflorentina, Quillaja saponaria) ; vitamines C, E, B5 ; coenzyme Q10 ; huiles de p\u00e9pins de raisin et \nde tournesol.<\/p>\n<p><strong><span style=\"color: #000000;\">MODE D\u2019EMPLOI :<\/span><\/strong><\/p>\n<p class=\" translation-block\">\u2022 Appliquer le masque liftant au caviar sur la peau nettoy\u00e9e et tonifi\u00e9e et laisser agir pendant 15 \u00e0 20 minutes. <br>\n\u2022Rincer \u00e0 l'eau ti\u00e8de. <br>\n\u2022Essuyez votre peau \u00e0 l'aide d'un coton imbib\u00e9 de lotion ou de tonique LK. <br>\n\u2022 Appliquez 1 \u00e0 2 doses de s\u00e9rum ou de fluide concentr\u00e9, puis une dose de cr\u00e8me LK (\u00e9mulsion) \napr\u00e8s l'avoir m\u00e9lang\u00e9e sur votre paume avec 1 \u00e0 3 gouttes de s\u00e9rum actif Linda Kristel. <br>\n\u2022 Utiliser 1 \u00e0 2 fois par semaine.<\/p>\n<p><span style=\"color: #000000;\"><strong>CONTENU:<\/strong><\/span><\/p>\n<p>100 ML<\/p>\n<p><em><strong><span style=\"color: #ff99cc;\">Sell Linda Kristel products in your salon and ensure great home care results for your clients.<\/span><\/strong><\/em><\/p>","protected":false},"excerpt":{"rendered":"<p><span style=\"color: #000000;\">Livraison 2-3 jours ouvrables<\/span><\/p>","protected":false},"featured_media":2349,"comment_status":"open","ping_status":"closed","template":"","meta":[],"product_cat":[93],"product_tag":[94,76,79],"class_list":{"0":"post-2348","1":"product","2":"type-product","3":"status-publish","4":"has-post-thumbnail","6":"product_brand-linda-kristel","7":"product_cat-cream-face-mask","8":"product_tag-anti-ageing","9":"product_tag-mature-skin","10":"product_tag-wrinkles","12":"first","13":"outofstock","14":"taxable","15":"shipping-taxable","16":"product-type-simple"},"_links":{"self":[{"href":"https:\/\/swissbeautypro.com\/fr\/wp-json\/wp\/v2\/product\/2348","targetHints":{"allow":["GET"]}}],"collection":[{"href":"https:\/\/swissbeautypro.com\/fr\/wp-json\/wp\/v2\/product"}],"about":[{"href":"https:\/\/swissbeautypro.com\/fr\/wp-json\/wp\/v2\/types\/product"}],"replies":[{"embeddable":true,"href":"https:\/\/swissbeautypro.com\/fr\/wp-json\/wp\/v2\/comments?post=2348"}],"version-history":[{"count":4,"href":"https:\/\/swissbeautypro.com\/fr\/wp-json\/wp\/v2\/product\/2348\/revisions"}],"predecessor-version":[{"id":2835,"href":"https:\/\/swissbeautypro.com\/fr\/wp-json\/wp\/v2\/product\/2348\/revisions\/2835"}],"wp:featuredmedia":[{"embeddable":true,"href":"https:\/\/swissbeautypro.com\/fr\/wp-json\/wp\/v2\/media\/2349"}],"wp:attachment":[{"href":"https:\/\/swissbeautypro.com\/fr\/wp-json\/wp\/v2\/media?parent=2348"}],"wp:term":[{"taxonomy":"product_cat","embeddable":true,"href":"https:\/\/swissbeautypro.com\/fr\/wp-json\/wp\/v2\/product_cat?post=2348"},{"taxonomy":"product_tag","embeddable":true,"href":"https:\/\/swissbeautypro.com\/fr\/wp-json\/wp\/v2\/product_tag?post=2348"}],"curies":[{"name":"wp","href":"https:\/\/api.w.org\/{rel}","templated":true}]}}