{"id":2351,"date":"2024-06-11T15:43:25","date_gmt":"2024-06-11T15:43:25","guid":{"rendered":"https:\/\/swissbeautypro.com\/?post_type=product&#038;p=2351"},"modified":"2024-09-11T22:25:04","modified_gmt":"2024-09-11T22:25:04","slug":"masque-phytoestrogenes","status":"publish","type":"product","link":"https:\/\/swissbeautypro.com\/fr\/produit\/masque-phytoestrogenes\/","title":{"rendered":"Masque Phytoestrog\u00e8nes"},"content":{"rendered":"<p><strong><span style=\"color: #000000;\">ACTION:<\/span><\/strong><\/p>\n<p class=\" translation-block\">\u2022 am\u00e9liore la fermet\u00e9 et l'\u00e9lasticit\u00e9 de la peau <br>\n\u2022 r\u00e9duit les poches et les rougeurs <br>\n\u2022 lifte les contours du visage <br>\n\u2022 unifie le teint, donne de la fra\u00eecheur \u00e0 la peau<\/p>\n<p><strong><span style=\"color: #000000;\">TYPE DE PEAU \/ PR\u00c9OCCUPATIONS CUTAN\u00c9ES :<\/span><\/strong><\/p>\n<p>Anti-\u00e2ge, Peau mature, Rides<\/p>\n<p><strong><span style=\"color: #000000;\">INGR\u00c9DIENTS ACTIFS :<\/span><\/strong><\/p>\n<p class=\" translation-block\">extraits de Kigelia africana, Quillaja saponaria ; peptide de rigine (qui renforce l'immunit\u00e9 de la \npeau) ; glycosaminoglycanes ; vitamines F, A, E ; panth\u00e9nol ; b\u00eata-glucane ; huile de p\u00e9pins de \nraisin<\/p>\n<p><strong><span style=\"color: #000000;\">MODE D\u2019EMPLOI :<\/span><\/strong><\/p>\n<p class=\" translation-block\">\u2022 Appliquer le Masque Phytoestrog\u00e8nes sur la peau nettoy\u00e9e et tonifi\u00e9e et laisser agir pendant 15 \u00e0 \n20 minutes. <br>\n\u2022 Rincer \u00e0 l'eau ti\u00e8de.  <br>\n\u2022 Essuyez votre peau avec des cotons imbib\u00e9s de lotion ou de tonique LK. <br>\n\u2022 Appliquez 1 \u00e0 2 doses de s\u00e9rum ou de fluide concentr\u00e9, puis une dose de cr\u00e8me LK (\u00e9mulsion) \napr\u00e8s l'avoir m\u00e9lang\u00e9e sur votre paume avec 1 \u00e0 3 gouttes de s\u00e9rum actif Linda Kristel. <br>\n\u2022 Utiliser 1 \u00e0 2 fois par semaine.<\/p>\n<p><strong><span style=\"color: #000000;\">CONTENU:<\/span> <\/strong><\/p>\n<p>100 ML<\/p>\n<p><em><strong><span style=\"color: #ff99cc;\">Sell Linda Kristel products in your salon and ensure great home care results for your clients.<\/span><\/strong><\/em><\/p>","protected":false},"excerpt":{"rendered":"<p><span style=\"color: #000000;\">Livraison 2-3 jours ouvrables<\/span><\/p>","protected":false},"featured_media":2353,"comment_status":"open","ping_status":"closed","template":"","meta":[],"product_cat":[93],"product_tag":[94,74,76,79],"class_list":{"0":"post-2351","1":"product","2":"type-product","3":"status-publish","4":"has-post-thumbnail","6":"product_brand-linda-kristel","7":"product_cat-cream-face-mask","8":"product_tag-anti-ageing","9":"product_tag-dull-skin","10":"product_tag-mature-skin","11":"product_tag-wrinkles","13":"first","14":"outofstock","15":"taxable","16":"shipping-taxable","17":"product-type-simple"},"_links":{"self":[{"href":"https:\/\/swissbeautypro.com\/fr\/wp-json\/wp\/v2\/product\/2351","targetHints":{"allow":["GET"]}}],"collection":[{"href":"https:\/\/swissbeautypro.com\/fr\/wp-json\/wp\/v2\/product"}],"about":[{"href":"https:\/\/swissbeautypro.com\/fr\/wp-json\/wp\/v2\/types\/product"}],"replies":[{"embeddable":true,"href":"https:\/\/swissbeautypro.com\/fr\/wp-json\/wp\/v2\/comments?post=2351"}],"version-history":[{"count":3,"href":"https:\/\/swissbeautypro.com\/fr\/wp-json\/wp\/v2\/product\/2351\/revisions"}],"predecessor-version":[{"id":2833,"href":"https:\/\/swissbeautypro.com\/fr\/wp-json\/wp\/v2\/product\/2351\/revisions\/2833"}],"wp:featuredmedia":[{"embeddable":true,"href":"https:\/\/swissbeautypro.com\/fr\/wp-json\/wp\/v2\/media\/2353"}],"wp:attachment":[{"href":"https:\/\/swissbeautypro.com\/fr\/wp-json\/wp\/v2\/media?parent=2351"}],"wp:term":[{"taxonomy":"product_cat","embeddable":true,"href":"https:\/\/swissbeautypro.com\/fr\/wp-json\/wp\/v2\/product_cat?post=2351"},{"taxonomy":"product_tag","embeddable":true,"href":"https:\/\/swissbeautypro.com\/fr\/wp-json\/wp\/v2\/product_tag?post=2351"}],"curies":[{"name":"wp","href":"https:\/\/api.w.org\/{rel}","templated":true}]}}