{"id":2355,"date":"2024-06-11T15:48:28","date_gmt":"2024-06-11T15:48:28","guid":{"rendered":"https:\/\/swissbeautypro.com\/?post_type=product&#038;p=2355"},"modified":"2024-09-12T22:17:37","modified_gmt":"2024-09-12T22:17:37","slug":"masque-ambiant","status":"publish","type":"product","link":"https:\/\/swissbeautypro.com\/fr\/produit\/masque-ambiant\/","title":{"rendered":"Masque Ambiant"},"content":{"rendered":"<p><strong><span style=\"color: #000000;\">ACTION:<\/span><\/strong><\/p>\n<p class=\" translation-block\">\u2022 r\u00e9duit et pr\u00e9vient les rougeurs <br>\n\u2022 lisse la peau <br>\n\u2022 unifie le teint du visage  <br>\n\u2022 renforce l'immunit\u00e9 de la peau <br> \n\u2022 favorise l'\u00e9limination des toxines <br><\/p>\n<p><strong><span style=\"color: #000000;\">TYPE DE PEAU \/ PR\u00c9OCCUPATIONS CUTAN\u00c9ES :<\/span> <\/strong><\/p>\n<p>Peau sensible, Rougeurs, Rosac\u00e9e<\/p>\n<p><strong><span style=\"color: #000000;\">INGR\u00c9DIENTS ACTIFS :<\/span><\/strong><\/p>\n<p class=\" translation-block\">Extraits anti-inflammatoires de cassis, verveine, mimosa, \u00e9corce de ch\u00eane, ananas, baies sauvages ; \nvitamines A, C, E, F ; huile de graines de tournesol ; panth\u00e9nol.<\/p>\n<p><strong><span style=\"color: #000000;\">MODE D\u2019EMPLOI :<\/span><\/strong><\/p>\n<p class=\" translation-block\">\u2022 Appliquer le masque Ambiant sur la peau nettoy\u00e9e et tonifi\u00e9e et laisser agir pendant 15 \u00e0 20 minutes. <br>\n\u2022 Rincer \u00e0 l'eau. <br>\n\u2022 Essuyez votre peau \u00e0 l'aide d'un coton imbib\u00e9 de lotion ou de tonique LK. <br>\n\u2022 Appliquer 1 \u00e0 2 doses de s\u00e9rum ou de fluide concentr\u00e9 LK, puis une dose de cr\u00e8me (\u00e9mulsion) \napr\u00e8s l'avoir m\u00e9lang\u00e9e sur la paume avec 1 \u00e0 3 gouttes de s\u00e9rum actif Linda Kristel. <br>\n\u2022 Utiliser 1 \u00e0 2 fois par semaine.<\/p>\n<p><strong><span style=\"color: #000000;\">CONTENU:<\/span> <\/strong><\/p>\n<p>100 ML<\/p>\n<p><em><strong><span style=\"color: #ff99cc;\">Sell Linda Kristel products in your salon and ensure great home care results for your clients.<\/span><\/strong><\/em><\/p>","protected":false},"excerpt":{"rendered":"<p><span style=\"color: #000000;\">Livraison 2-3 jours ouvrables<\/span><\/p>","protected":false},"featured_media":2356,"comment_status":"open","ping_status":"closed","template":"","meta":[],"product_cat":[93],"product_tag":[81,89,80],"class_list":{"0":"post-2355","1":"product","2":"type-product","3":"status-publish","4":"has-post-thumbnail","6":"product_brand-linda-kristel","7":"product_cat-cream-face-mask","8":"product_tag-redness","9":"product_tag-rosacea","10":"product_tag-sensitive-skin","12":"first","13":"instock","14":"taxable","15":"shipping-taxable","16":"product-type-simple"},"_links":{"self":[{"href":"https:\/\/swissbeautypro.com\/fr\/wp-json\/wp\/v2\/product\/2355","targetHints":{"allow":["GET"]}}],"collection":[{"href":"https:\/\/swissbeautypro.com\/fr\/wp-json\/wp\/v2\/product"}],"about":[{"href":"https:\/\/swissbeautypro.com\/fr\/wp-json\/wp\/v2\/types\/product"}],"replies":[{"embeddable":true,"href":"https:\/\/swissbeautypro.com\/fr\/wp-json\/wp\/v2\/comments?post=2355"}],"version-history":[{"count":3,"href":"https:\/\/swissbeautypro.com\/fr\/wp-json\/wp\/v2\/product\/2355\/revisions"}],"predecessor-version":[{"id":2832,"href":"https:\/\/swissbeautypro.com\/fr\/wp-json\/wp\/v2\/product\/2355\/revisions\/2832"}],"wp:featuredmedia":[{"embeddable":true,"href":"https:\/\/swissbeautypro.com\/fr\/wp-json\/wp\/v2\/media\/2356"}],"wp:attachment":[{"href":"https:\/\/swissbeautypro.com\/fr\/wp-json\/wp\/v2\/media?parent=2355"}],"wp:term":[{"taxonomy":"product_cat","embeddable":true,"href":"https:\/\/swissbeautypro.com\/fr\/wp-json\/wp\/v2\/product_cat?post=2355"},{"taxonomy":"product_tag","embeddable":true,"href":"https:\/\/swissbeautypro.com\/fr\/wp-json\/wp\/v2\/product_tag?post=2355"}],"curies":[{"name":"wp","href":"https:\/\/api.w.org\/{rel}","templated":true}]}}