{"id":2363,"date":"2024-06-11T16:02:36","date_gmt":"2024-06-11T16:02:36","guid":{"rendered":"https:\/\/swissbeautypro.com\/?post_type=product&#038;p=2363"},"modified":"2025-07-30T11:40:41","modified_gmt":"2025-07-30T11:40:41","slug":"masque-douceur","status":"publish","type":"product","link":"https:\/\/swissbeautypro.com\/fr\/produit\/masque-douceur\/","title":{"rendered":"Masque Douceur"},"content":{"rendered":"<p><span style=\"color: #000000;\">MASQUE NETTOYANT D\u00c9LICAT<\/span><\/p>\n<p><span style=\"color: #000000;\"><strong>ACTION:<\/strong><\/span><\/p>\n<p class=\" translation-block\">\u2022 nettoie la peau et les pores en profondeur <br>\n\u2022 absorbe les impuret\u00e9s et l'exc\u00e8s de s\u00e9bum<br> \n\u2022 resserre les pores <br>\n\u2022 \u00e9claircit le teint, matifie la peau <br>\n\u2022 am\u00e9liore la microcirculation <br>\n\u2022 procure un puissant effet d\u00e9tox<\/p>\n<p><strong><span style=\"color: #000000;\">TYPE DE PEAU \/ PR\u00c9OCCUPATIONS CUTAN\u00c9ES :<\/span> <\/strong><\/p>\n<p>Tous les types de peau, m\u00eame les peaux sensibles<\/p>\n<p><strong><span style=\"color: #000000;\">INGR\u00c9DIENTS ACTIFS :<\/span><\/strong><\/p>\n<p class=\" translation-block\">Terre \u00e0 foulon ; Kaolin ; huiles de noisette et de tournesol ; oxyde de zinc ; Panth\u00e9nol ; vitamines \nA, E, F, C ; huiles essentielles de camomille, de romarin<\/p>\n<p><strong><span style=\"color: #000000;\">MODE D\u2019EMPLOI :<\/span><\/strong><\/p>\n<p class=\" translation-block\">\u2022 Appliquer le masque sur la peau nettoy\u00e9e avec la mousse ou le lait. <br>\n\u2022 Masser pendant 2 \u00e0 3 minutes, laisser agir 5 minutes puis rincer \u00e0 l'eau. <br> \n\u2022 Tonifier la peau en l'essuyant avec un coton imbib\u00e9 de tonique. <br>\n\u2022 Appliquer le s\u00e9rum et la cr\u00e8me Linda Kristel <br>\n\u2022 Utiliser 1 \u00e0 2 fois par semaine.<\/p>\n<p><strong><span style=\"color: #000000;\">CONTENU:<\/span> <\/strong><\/p>\n<p>100 ML.<\/p>\n<p><em><strong><span style=\"color: #ff99cc;\">Sell Linda Kristel products in your salon and ensure great home care results for your clients.<\/span><\/strong><\/em><\/p>","protected":false},"excerpt":{"rendered":"<p><span style=\"color: #000000;\">Livraison 2-3 jours ouvrables<\/span><\/p>","protected":false},"featured_media":2365,"comment_status":"open","ping_status":"closed","template":"","meta":[],"product_cat":[93],"product_tag":[87],"class_list":{"0":"post-2363","1":"product","2":"type-product","3":"status-publish","4":"has-post-thumbnail","6":"product_brand-linda-kristel","7":"product_cat-cream-face-mask","8":"product_tag-all-skin-types","10":"first","11":"outofstock","12":"taxable","13":"shipping-taxable","14":"product-type-simple"},"_links":{"self":[{"href":"https:\/\/swissbeautypro.com\/fr\/wp-json\/wp\/v2\/product\/2363","targetHints":{"allow":["GET"]}}],"collection":[{"href":"https:\/\/swissbeautypro.com\/fr\/wp-json\/wp\/v2\/product"}],"about":[{"href":"https:\/\/swissbeautypro.com\/fr\/wp-json\/wp\/v2\/types\/product"}],"replies":[{"embeddable":true,"href":"https:\/\/swissbeautypro.com\/fr\/wp-json\/wp\/v2\/comments?post=2363"}],"version-history":[{"count":4,"href":"https:\/\/swissbeautypro.com\/fr\/wp-json\/wp\/v2\/product\/2363\/revisions"}],"predecessor-version":[{"id":2829,"href":"https:\/\/swissbeautypro.com\/fr\/wp-json\/wp\/v2\/product\/2363\/revisions\/2829"}],"wp:featuredmedia":[{"embeddable":true,"href":"https:\/\/swissbeautypro.com\/fr\/wp-json\/wp\/v2\/media\/2365"}],"wp:attachment":[{"href":"https:\/\/swissbeautypro.com\/fr\/wp-json\/wp\/v2\/media?parent=2363"}],"wp:term":[{"taxonomy":"product_cat","embeddable":true,"href":"https:\/\/swissbeautypro.com\/fr\/wp-json\/wp\/v2\/product_cat?post=2363"},{"taxonomy":"product_tag","embeddable":true,"href":"https:\/\/swissbeautypro.com\/fr\/wp-json\/wp\/v2\/product_tag?post=2363"}],"curies":[{"name":"wp","href":"https:\/\/api.w.org\/{rel}","templated":true}]}}