{"id":2368,"date":"2024-06-11T16:07:06","date_gmt":"2024-06-11T16:07:06","guid":{"rendered":"https:\/\/swissbeautypro.com\/?post_type=product&#038;p=2368"},"modified":"2025-07-30T11:39:37","modified_gmt":"2025-07-30T11:39:37","slug":"ph-balance-creme-masque","status":"publish","type":"product","link":"https:\/\/swissbeautypro.com\/fr\/produit\/ph-balance-creme-masque\/","title":{"rendered":"pH-Balance Cr\u00e8me Masque"},"content":{"rendered":"<p><strong><span style=\"color: #000000;\">ACTION:<\/span><\/strong><\/p>\n<p class=\" translation-block\">\u2022 apaise, hydrate et adoucit la peau <br>\n\u2022 restaure les propri\u00e9t\u00e9s de la barri\u00e8re cutan\u00e9e \n\u2022 donne \u00e0 la peau une sensation de fra\u00eecheur, de tonicit\u00e9 et de confort <br>\n\u2022 d\u00e9toxifie et favorise l'immunit\u00e9 de la peau <br>\n\u2022 A utiliser apr\u00e8s les <span style=\"text-decoration: underline\"><span style=\"color: #000000\"><strong><a style=\"color: #000000;text-decoration: underline\" href=\"https:\/\/swissbeautypro.com\/en\/product-category\/products\/peelings\/\" target=\"_self\">Peelings<\/a><\/strong><\/span><\/span> Linda Kristel<\/p>\n<p><strong><span style=\"color: #000000;\">TYPE DE PEAU \/ PR\u00c9OCCUPATIONS CUTAN\u00c9ES :<\/span> <\/strong><\/p>\n<p>Tous types de peau, Peau sensible<\/p>\n<p><strong><span style=\"color: #000000;\">INGR\u00c9DIENTS ACTIFS :<\/span><\/strong><\/p>\n<p>Panth\u00e9nol ; vitamines \u0415, F ; beurre de karit\u00e9 ; huile essentielle d'orange am\u00e8re<\/p>\n<p><strong><span style=\"color: #000000;\">MODE D\u2019EMPLOI :<\/span> <\/strong><\/p>\n<p class=\" translation-block\">\u2022 Appliquer le masque cr\u00e8me pH-Balance sur la peau nettoy\u00e9e et tonifi\u00e9e et laisser agir pendant 15 \u00e0 20 minutes. <br>\n\u2022 Rincez \u00e0 l'eau. <br>\n\u2022 Essuyez votre peau avec des cotons imbib\u00e9s de lotion ou de tonique. <br>\n\u2022 Appliquez 1 \u00e0 2 doses de s\u00e9rum ou de fluide concentr\u00e9, puis une dose de cr\u00e8me (\u00e9mulsion) apr\u00e8s \nl'avoir m\u00e9lang\u00e9e sur votre paume avec 1 \u00e0 3 gouttes de s\u00e9rum actif de Linda Kristel <br>\n\u2022 Utiliser 1 \u00e0 2 fois par semaine.<\/p>\n<p><strong><span style=\"color: #000000;\">CONTENU:<\/span> <\/strong><\/p>\n<p>100 ML.<\/p>\n<p><em><strong><span style=\"color: #ff99cc;\">Sell Linda Kristel products in your salon and ensure great home care results for your clients.<\/span><\/strong><\/em><\/p>","protected":false},"excerpt":{"rendered":"<p><span style=\"color: #000000;\">Livraison 2-3 jours ouvrables<\/span><\/p>","protected":false},"featured_media":2369,"comment_status":"open","ping_status":"closed","template":"","meta":[],"product_cat":[93],"product_tag":[87,147,73,80],"class_list":{"0":"post-2368","1":"product","2":"type-product","3":"status-publish","4":"has-post-thumbnail","6":"product_brand-linda-kristel","7":"product_cat-cream-face-mask","8":"product_tag-all-skin-types","9":"product_tag-detox","10":"product_tag-dry-skin","11":"product_tag-sensitive-skin","13":"first","14":"outofstock","15":"taxable","16":"shipping-taxable","17":"product-type-simple"},"_links":{"self":[{"href":"https:\/\/swissbeautypro.com\/fr\/wp-json\/wp\/v2\/product\/2368","targetHints":{"allow":["GET"]}}],"collection":[{"href":"https:\/\/swissbeautypro.com\/fr\/wp-json\/wp\/v2\/product"}],"about":[{"href":"https:\/\/swissbeautypro.com\/fr\/wp-json\/wp\/v2\/types\/product"}],"replies":[{"embeddable":true,"href":"https:\/\/swissbeautypro.com\/fr\/wp-json\/wp\/v2\/comments?post=2368"}],"version-history":[{"count":6,"href":"https:\/\/swissbeautypro.com\/fr\/wp-json\/wp\/v2\/product\/2368\/revisions"}],"predecessor-version":[{"id":2828,"href":"https:\/\/swissbeautypro.com\/fr\/wp-json\/wp\/v2\/product\/2368\/revisions\/2828"}],"wp:featuredmedia":[{"embeddable":true,"href":"https:\/\/swissbeautypro.com\/fr\/wp-json\/wp\/v2\/media\/2369"}],"wp:attachment":[{"href":"https:\/\/swissbeautypro.com\/fr\/wp-json\/wp\/v2\/media?parent=2368"}],"wp:term":[{"taxonomy":"product_cat","embeddable":true,"href":"https:\/\/swissbeautypro.com\/fr\/wp-json\/wp\/v2\/product_cat?post=2368"},{"taxonomy":"product_tag","embeddable":true,"href":"https:\/\/swissbeautypro.com\/fr\/wp-json\/wp\/v2\/product_tag?post=2368"}],"curies":[{"name":"wp","href":"https:\/\/api.w.org\/{rel}","templated":true}]}}