{"id":2371,"date":"2024-06-11T16:12:23","date_gmt":"2024-06-11T16:12:23","guid":{"rendered":"https:\/\/swissbeautypro.com\/?post_type=product&#038;p=2371"},"modified":"2024-09-23T18:29:06","modified_gmt":"2024-09-23T18:29:06","slug":"azelaic-masque-peeling","status":"publish","type":"product","link":"https:\/\/swissbeautypro.com\/fr\/produit\/azelaic-masque-peeling\/","title":{"rendered":"Azelaic Masque Peeling"},"content":{"rendered":"<p><span style=\"color: #000000;\"><strong>ACTION:<\/strong><\/span><\/p>\n<p class=\" translation-block\">\u2022 \u00e9limine en douceur les cellules mortes de la peau <br>\n\u2022 am\u00e9liore et unifie le teint <br>\n\u2022 calme les inflammations et apaise la peau <br>\n\u2022 gu\u00e9rit l'acn\u00e9<\/p>\n<p><strong><span style=\"color: #000000;\">TYPE DE PEAU \/ PR\u00c9OCCUPATIONS CUTAN\u00c9ES :<\/span> <\/strong><\/p>\n<p>Tous types de peau, Peau sensible, Acn\u00e9<\/p>\n<p><strong><span style=\"color: #000000;\">INGR\u00c9DIENTS ACTIFS :<\/span><\/strong><\/p>\n<p class=\" translation-block\">Acides az\u00e9la\u00efque et glycolique ; Palmitoyl. oligopeptide, qui active la synth\u00e8se du collag\u00e8ne et de \nl'\u00e9lastine ; Rigin peptide, qui renforce l'immunit\u00e9 de la peau ; Squalane ; Huile de p\u00e9pins de raisin<\/p>\n<p><strong><span style=\"color: #000000;\">MODE D\u2019EMPLOI :<\/span><\/strong><\/p>\n<p class=\" translation-block\">\u2022 Appliquer une fine couche de peeling sur le visage, le cou et le d\u00e9collet\u00e9 apr\u00e8s les avoir nettoy\u00e9s. <br>\n\u2022 Apr\u00e8s 5 \u00e0 7 minutes, rincez abondamment \u00e0 l'eau fra\u00eeche. <br> \n\u2022 Tonifiez votre peau avec un tonique (lotion), appliquez 1 \u00e0 2 doses de s\u00e9rum LK ou de fluide \nconcentr\u00e9, puis appliquez une dose de cr\u00e8me apr\u00e8s l'avoir m\u00e9lang\u00e9e sur votre paume avec 1 \u00e0 3 \ngouttes de s\u00e9rum actif Linda Kristel. <br>\n\u2022 Utilisez le produit une fois tous les 7-10 jours pendant deux mois. R\u00e9p\u00e9ter la routine apr\u00e8s 4-6 \nmois. <br>\n*Pour plus d'informations sur les protocoles de Linda Kristel, veuillez <span style=\"text-decoration: underline\"><span style=\"color: #000000\"><strong><a style=\"color: #000000;text-decoration: underline\" href=\"https:\/\/swissbeautypro.com\/en\/contact\/\" target=\"_self\">  nous contacter\u00a0<\/a><\/strong><\/span><\/span><\/p>\n<p><strong><span style=\"color: #000000;\">CONTENU:<\/span> <\/strong><\/p>\n<p>100 ML.<\/p>\n<p><em><strong><span style=\"color: #ff99cc;\">R\u00e9serv\u00e9 \u00e0 un usage professionnel !<\/span><\/strong><\/em><\/p>","protected":false},"excerpt":{"rendered":"<p><span style=\"color: #000000;\">Livraison 2-3 jours ouvrables<\/span><\/p>","protected":false},"featured_media":2372,"comment_status":"open","ping_status":"closed","template":"","meta":[],"product_cat":[148],"product_tag":[86,87,150,80],"class_list":{"0":"post-2371","1":"product","2":"type-product","3":"status-publish","4":"has-post-thumbnail","6":"product_brand-linda-kristel","7":"product_cat-peelings","8":"product_tag-acne","9":"product_tag-all-skin-types","10":"product_tag-peeling","11":"product_tag-sensitive-skin","13":"first","14":"outofstock","15":"taxable","16":"shipping-taxable","17":"product-type-simple"},"_links":{"self":[{"href":"https:\/\/swissbeautypro.com\/fr\/wp-json\/wp\/v2\/product\/2371","targetHints":{"allow":["GET"]}}],"collection":[{"href":"https:\/\/swissbeautypro.com\/fr\/wp-json\/wp\/v2\/product"}],"about":[{"href":"https:\/\/swissbeautypro.com\/fr\/wp-json\/wp\/v2\/types\/product"}],"replies":[{"embeddable":true,"href":"https:\/\/swissbeautypro.com\/fr\/wp-json\/wp\/v2\/comments?post=2371"}],"version-history":[{"count":3,"href":"https:\/\/swissbeautypro.com\/fr\/wp-json\/wp\/v2\/product\/2371\/revisions"}],"predecessor-version":[{"id":2827,"href":"https:\/\/swissbeautypro.com\/fr\/wp-json\/wp\/v2\/product\/2371\/revisions\/2827"}],"wp:featuredmedia":[{"embeddable":true,"href":"https:\/\/swissbeautypro.com\/fr\/wp-json\/wp\/v2\/media\/2372"}],"wp:attachment":[{"href":"https:\/\/swissbeautypro.com\/fr\/wp-json\/wp\/v2\/media?parent=2371"}],"wp:term":[{"taxonomy":"product_cat","embeddable":true,"href":"https:\/\/swissbeautypro.com\/fr\/wp-json\/wp\/v2\/product_cat?post=2371"},{"taxonomy":"product_tag","embeddable":true,"href":"https:\/\/swissbeautypro.com\/fr\/wp-json\/wp\/v2\/product_tag?post=2371"}],"curies":[{"name":"wp","href":"https:\/\/api.w.org\/{rel}","templated":true}]}}