{"id":2378,"date":"2024-06-11T16:41:18","date_gmt":"2024-06-11T16:41:18","guid":{"rendered":"https:\/\/swissbeautypro.com\/?post_type=product&#038;p=2378"},"modified":"2024-09-11T22:24:56","modified_gmt":"2024-09-11T22:24:56","slug":"masque-peeling-25-professionel","status":"publish","type":"product","link":"https:\/\/swissbeautypro.com\/fr\/produit\/masque-peeling-25-professionel\/","title":{"rendered":"Masque Peeling 25 Professionel"},"content":{"rendered":"<p><strong><span style=\"color: #000000;\">ACTION:<\/span><\/strong><\/p>\n<p class=\" translation-block\">\u2022 \u00e9limine en douceur les cellules mortes de la peau <br>\n\u2022 am\u00e9liore la microcirculation et l'immunit\u00e9 de la peau <br>\n\u2022 procure un effet liftant et am\u00e9liore l'\u00e9lasticit\u00e9 de la peau <br>\n\u2022 rajeunit la peau <br>\n\u2022 am\u00e9liore la synth\u00e8se du collag\u00e8ne et de l'\u00e9lastine<\/p>\n<p><strong><span style=\"color: #000000;\">TYPE DE PEAU \/ PR\u00c9OCCUPATIONS CUTAN\u00c9ES :<\/span> <\/strong><\/p>\n<p>Pour tous les types de peau, sauf les peaux sensibles.<\/p>\n<p><strong><span style=\"color: #000000;\">INGR\u00c9DIENTS ACTIFS :<\/span><\/strong><\/p>\n<p class=\" translation-block\">Acide glycolique 25% ; extrait de Trifolium pratense riche en phytoestrog\u00e8nes ; peptide Rigin, qui \nrenforce l'immunit\u00e9 de la peau ; peptide DERMAXIL, qui active la synth\u00e8se du collag\u00e8ne et de \nl'\u00e9lastine ; complexe de bioflavono\u00efdes.<\/p>\n<p><strong><span style=\"color: #000000;\">MODE D\u2019EMPLOI :<\/span><\/strong><\/p>\n<p class=\" translation-block\">\u2022 Appliquer une fine couche de peeling sur la peau du visage, du cou et du d\u00e9collet\u00e9 apr\u00e8s un \nnettoyage professionnel et apr\u00e8s avoir s\u00e9ch\u00e9 la peau avec des serviettes en papier. <br>\n\u2022 Rincer abondamment \u00e0 l'eau fra\u00eeche apr\u00e8s 3 \u00e0 10 minutes. <br>\n\u2022 Poursuivre le traitement conform\u00e9ment au protocole. <br>\n<br>\n*Pour plus d'informations sur les protocoles de Linda Kristel, veuillez <span style=\"text-decoration: underline\"><span style=\"color: #000000;text-decoration: underline\"><strong><a style=\"color: #000000;text-decoration: underline\" href=\"https:\/\/swissbeautypro.com\/en\/contact\/\" target=\"_self\">nous contacter\u00a0<\/a><\/strong><\/span><\/span><\/p>\n<p><span style=\"color: #000000;\"><strong>CONTENU:<\/strong> <\/span><\/p>\n<p>100 ML.<\/p>\n<p><em><strong><span style=\"color: #ff99cc;\">\u00a0R\u00e9serv\u00e9 \u00e0 un usage professionnel !<\/span><\/strong><\/em><\/p>","protected":false},"excerpt":{"rendered":"<p><span style=\"color: #000000;\">Livraison 2-3 jours ouvrables<\/span><\/p>","protected":false},"featured_media":2380,"comment_status":"open","ping_status":"closed","template":"","meta":[],"product_cat":[148],"product_tag":[87,94,150],"class_list":{"0":"post-2378","1":"product","2":"type-product","3":"status-publish","4":"has-post-thumbnail","6":"product_brand-linda-kristel","7":"product_cat-peelings","8":"product_tag-all-skin-types","9":"product_tag-anti-ageing","10":"product_tag-peeling","12":"first","13":"outofstock","14":"taxable","15":"shipping-taxable","16":"product-type-simple"},"_links":{"self":[{"href":"https:\/\/swissbeautypro.com\/fr\/wp-json\/wp\/v2\/product\/2378","targetHints":{"allow":["GET"]}}],"collection":[{"href":"https:\/\/swissbeautypro.com\/fr\/wp-json\/wp\/v2\/product"}],"about":[{"href":"https:\/\/swissbeautypro.com\/fr\/wp-json\/wp\/v2\/types\/product"}],"replies":[{"embeddable":true,"href":"https:\/\/swissbeautypro.com\/fr\/wp-json\/wp\/v2\/comments?post=2378"}],"version-history":[{"count":5,"href":"https:\/\/swissbeautypro.com\/fr\/wp-json\/wp\/v2\/product\/2378\/revisions"}],"predecessor-version":[{"id":2825,"href":"https:\/\/swissbeautypro.com\/fr\/wp-json\/wp\/v2\/product\/2378\/revisions\/2825"}],"wp:featuredmedia":[{"embeddable":true,"href":"https:\/\/swissbeautypro.com\/fr\/wp-json\/wp\/v2\/media\/2380"}],"wp:attachment":[{"href":"https:\/\/swissbeautypro.com\/fr\/wp-json\/wp\/v2\/media?parent=2378"}],"wp:term":[{"taxonomy":"product_cat","embeddable":true,"href":"https:\/\/swissbeautypro.com\/fr\/wp-json\/wp\/v2\/product_cat?post=2378"},{"taxonomy":"product_tag","embeddable":true,"href":"https:\/\/swissbeautypro.com\/fr\/wp-json\/wp\/v2\/product_tag?post=2378"}],"curies":[{"name":"wp","href":"https:\/\/api.w.org\/{rel}","templated":true}]}}