{"id":2382,"date":"2024-06-11T16:44:40","date_gmt":"2024-06-11T16:44:40","guid":{"rendered":"https:\/\/swissbeautypro.com\/?post_type=product&#038;p=2382"},"modified":"2025-11-24T02:23:57","modified_gmt":"2025-11-24T02:23:57","slug":"body-bust-push-up-cream","status":"publish","type":"product","link":"https:\/\/swissbeautypro.com\/fr\/produit\/body-bust-push-up-cream\/","title":{"rendered":"Body-Bust Push-up Cream"},"content":{"rendered":"<p><strong><span style=\"color: #000000;\">ACTION:<\/span><\/strong><\/p>\n<p class=\" translation-block\">\u2022 Cr\u00e8me liftante avec effet lipofilling <br>\n\u2022 galbe la poitrine <br>\n\u2022 raffermit et lisse la peau <br> \n\u2022 Effets non hormonaux !<\/p>\n<p><strong><span style=\"color: #000000;\">TYPE DE PEAU \/ PR\u00c9OCCUPATIONS CUTAN\u00c9ES :<\/span> <\/strong><\/p>\n<p>Pour tous les types de peau, Cr\u00e8me PUSH-UP pour les seins et le d\u00e9collet\u00e9<\/p>\n<p><strong><span style=\"color: #000000;\">INGR\u00c9DIENTS ACTIFS :<\/span><\/strong><\/p>\n<p class=\" translation-block\">extraits d'Anemarrhena, de Kigelia africana, de Quillaja saponaria ; Centella asiatica ; Palmitoil \noligopeptide (qui active la synth\u00e8se du collag\u00e8ne et de l'\u00e9lastine) ; Rutine<\/p>\n<p><strong><span style=\"color: #000000;\">MODE D\u2019EMPLOI :<\/span><\/strong><\/p>\n<p class=\" translation-block\">\u2022 Masser la cr\u00e8me Body-bust push-up sur la peau nettoy\u00e9e de la poitrine et du d\u00e9collet\u00e9 (en \u00e9vitant \nla zone des mamelons) et la laisser p\u00e9n\u00e9trer. <br>\n\u2022 Pour renforcer l'effet, appliquer le s\u00e9rum lift push-up Body-bust sur la peau avant d'appliquer la \ncr\u00e8me lift-up Body-bust, ou les m\u00e9langer en quantit\u00e9s \u00e9gales sur la paume de la main avant de les appliquer sur la peau. <br>\n\u2022 Utiliser le soir.<\/p>\n<p><strong><span style=\"color: #000000;\">CONTENU:<\/span> <\/strong><\/p>\n<p>100 ML.<\/p>\n<p><em><strong><span style=\"color: #ff99cc;\">Sell Linda Kristel products in your salon and ensure great home care results for your clients.<\/span><\/strong><\/em><\/p>","protected":false},"excerpt":{"rendered":"<p><span style=\"color: #000000;\">Livraison 2-3 jours ouvrables<\/span><\/p>","protected":false},"featured_media":2383,"comment_status":"open","ping_status":"closed","template":"","meta":[],"product_cat":[142],"product_tag":[87,94],"class_list":{"0":"post-2382","1":"product","2":"type-product","3":"status-publish","4":"has-post-thumbnail","6":"product_brand-linda-kristel","7":"product_cat-body-products","8":"product_tag-all-skin-types","9":"product_tag-anti-ageing","11":"first","12":"outofstock","13":"taxable","14":"shipping-taxable","15":"product-type-simple"},"_links":{"self":[{"href":"https:\/\/swissbeautypro.com\/fr\/wp-json\/wp\/v2\/product\/2382","targetHints":{"allow":["GET"]}}],"collection":[{"href":"https:\/\/swissbeautypro.com\/fr\/wp-json\/wp\/v2\/product"}],"about":[{"href":"https:\/\/swissbeautypro.com\/fr\/wp-json\/wp\/v2\/types\/product"}],"replies":[{"embeddable":true,"href":"https:\/\/swissbeautypro.com\/fr\/wp-json\/wp\/v2\/comments?post=2382"}],"version-history":[{"count":4,"href":"https:\/\/swissbeautypro.com\/fr\/wp-json\/wp\/v2\/product\/2382\/revisions"}],"predecessor-version":[{"id":2824,"href":"https:\/\/swissbeautypro.com\/fr\/wp-json\/wp\/v2\/product\/2382\/revisions\/2824"}],"wp:featuredmedia":[{"embeddable":true,"href":"https:\/\/swissbeautypro.com\/fr\/wp-json\/wp\/v2\/media\/2383"}],"wp:attachment":[{"href":"https:\/\/swissbeautypro.com\/fr\/wp-json\/wp\/v2\/media?parent=2382"}],"wp:term":[{"taxonomy":"product_cat","embeddable":true,"href":"https:\/\/swissbeautypro.com\/fr\/wp-json\/wp\/v2\/product_cat?post=2382"},{"taxonomy":"product_tag","embeddable":true,"href":"https:\/\/swissbeautypro.com\/fr\/wp-json\/wp\/v2\/product_tag?post=2382"}],"curies":[{"name":"wp","href":"https:\/\/api.w.org\/{rel}","templated":true}]}}