{"id":2385,"date":"2024-06-11T16:48:22","date_gmt":"2024-06-11T16:48:22","guid":{"rendered":"https:\/\/swissbeautypro.com\/?post_type=product&#038;p=2385"},"modified":"2024-09-11T22:24:55","modified_gmt":"2024-09-11T22:24:55","slug":"salt-body-scrub","status":"publish","type":"product","link":"https:\/\/swissbeautypro.com\/fr\/produit\/salt-body-scrub\/","title":{"rendered":"Salt Body Scrub"},"content":{"rendered":"<p><span style=\"color: #000000;\"><strong>ACTION:<\/strong><\/span><\/p>\n<p class=\" translation-block\">\u2022 \u00e9limine efficacement les cellules mortes de la peau <br>\n\u2022 aide \u00e0 \u00e9liminer les poches et les gonflements <br>\n\u2022 d\u00e9toxifie et draine le corps <br>\n\u2022 minimise l'apparence de la cellulite<\/p>\n<p><strong><span style=\"color: #000000;\">TYPE DE PEAU \/ PR\u00c9OCCUPATIONS CUTAN\u00c9ES :<\/span> <\/strong><\/p>\n<p>Pour tous les types de peau, Tonifiant, anticellulite<\/p>\n<p><strong><span style=\"color: #000000;\">INGR\u00c9DIENTS ACTIFS :<\/span><\/strong><\/p>\n<p class=\" translation-block\">Sel marin ; extrait de Fucus vesiculosus ; miel ; huiles essentielles : Myrte, Eucalyptus, Gen\u00e9vrier, \nMenthe, Thym, Sauge, Anis ; Huile de graines de tournesol<\/p>\n<p><strong><span style=\"color: #000000;\">MODE D\u2019EMPLOI :<\/span><\/strong><\/p>\n<p class=\" translation-block\">\u2022 Bien m\u00e9langer avant utilisation. <br>\n\u2022 Appliquer une quantit\u00e9 g\u00e9n\u00e9reuse de gommage au sel sur la peau et masser pendant quelques \nminutes. <br>\n\u2022 Rincer \u00e0 l'eau ti\u00e8de \u00e0 l'aide d'un gant de toilette. <br>\n\u2022 Appliquer le s\u00e9rum LK (fluide) et le laisser p\u00e9n\u00e9trer, puis compl\u00e9ter avec la cr\u00e8me Linda Kristel \n(\u00e9mulsion). <br>\n\u2022 Utiliser 1 \u00e0 2 fois par semaine. <br><br>\n*Pour plus d'informations sur les protocoles de Linda Kristel, veuillez  <span style=\"text-decoration: underline\"><span style=\"color: #000000;text-decoration: underline\"><strong><a style=\"color: #000000;text-decoration: underline\" href=\"https:\/\/swissbeautypro.com\/en\/contact\/\" target=\"_self\">nous contacter<\/a><\/strong><\/span><\/span><\/p>\n<p><strong><span style=\"color: #000000;\">CONTENU:<\/span> <\/strong><\/p>\n<p>500 ML.<\/p>\n<p><em><strong><span style=\"color: #ff99cc;\"> Sell Linda Kristel products in your salon and ensure great home care results for your clients.<\/span><\/strong><\/em><\/p>","protected":false},"excerpt":{"rendered":"<p><span style=\"color: #000000;\">Livraison 2-3 jours ouvrables<\/span><\/p>","protected":false},"featured_media":2386,"comment_status":"open","ping_status":"closed","template":"","meta":[],"product_cat":[142],"product_tag":[87],"class_list":{"0":"post-2385","1":"product","2":"type-product","3":"status-publish","4":"has-post-thumbnail","6":"product_brand-linda-kristel","7":"product_cat-body-products","8":"product_tag-all-skin-types","10":"first","11":"outofstock","12":"taxable","13":"shipping-taxable","14":"product-type-simple"},"_links":{"self":[{"href":"https:\/\/swissbeautypro.com\/fr\/wp-json\/wp\/v2\/product\/2385","targetHints":{"allow":["GET"]}}],"collection":[{"href":"https:\/\/swissbeautypro.com\/fr\/wp-json\/wp\/v2\/product"}],"about":[{"href":"https:\/\/swissbeautypro.com\/fr\/wp-json\/wp\/v2\/types\/product"}],"replies":[{"embeddable":true,"href":"https:\/\/swissbeautypro.com\/fr\/wp-json\/wp\/v2\/comments?post=2385"}],"version-history":[{"count":4,"href":"https:\/\/swissbeautypro.com\/fr\/wp-json\/wp\/v2\/product\/2385\/revisions"}],"predecessor-version":[{"id":2823,"href":"https:\/\/swissbeautypro.com\/fr\/wp-json\/wp\/v2\/product\/2385\/revisions\/2823"}],"wp:featuredmedia":[{"embeddable":true,"href":"https:\/\/swissbeautypro.com\/fr\/wp-json\/wp\/v2\/media\/2386"}],"wp:attachment":[{"href":"https:\/\/swissbeautypro.com\/fr\/wp-json\/wp\/v2\/media?parent=2385"}],"wp:term":[{"taxonomy":"product_cat","embeddable":true,"href":"https:\/\/swissbeautypro.com\/fr\/wp-json\/wp\/v2\/product_cat?post=2385"},{"taxonomy":"product_tag","embeddable":true,"href":"https:\/\/swissbeautypro.com\/fr\/wp-json\/wp\/v2\/product_tag?post=2385"}],"curies":[{"name":"wp","href":"https:\/\/api.w.org\/{rel}","templated":true}]}}