{"id":2390,"date":"2024-06-11T16:56:03","date_gmt":"2024-06-11T16:56:03","guid":{"rendered":"https:\/\/swissbeautypro.com\/?post_type=product&#038;p=2390"},"modified":"2024-09-11T22:24:54","modified_gmt":"2024-09-11T22:24:54","slug":"lipo-creme","status":"publish","type":"product","link":"https:\/\/swissbeautypro.com\/fr\/produit\/lipo-creme\/","title":{"rendered":"Lipo Cr\u00e8me"},"content":{"rendered":"<p><span style=\"color: #000000;\"><strong>ACTION:<\/strong><\/span><\/p>\n<p class=\" translation-block\"><span style=\"color: #000000\">Cr\u00e8me de massage WOW-effect <\/span><br>\n\u2022 lifte instantan\u00e9ment la peau et redessine les contours du corps <br>\n\u2022 renforce les effets drainants, d\u00e9toxifiants, anticellulite, tonifiants, relaxants et harmonisants du massage <br>\n\u2022 adoucit, hydrate et nourrit intens\u00e9ment la peau<\/p>\n<p><strong><span style=\"color: #000000;\">TYPE DE PEAU \/ PR\u00c9OCCUPATIONS CUTAN\u00c9ES :<\/span> <\/strong><\/p>\n<p>Pour tous les types de peau, cr\u00e8me tonifiante, \nanticellulite, massage corporel<\/p>\n<p><strong><span style=\"color: #000000;\">INGR\u00c9DIENTS ACTIFS :<\/span><\/strong><\/p>\n<p class=\" translation-block\">huile min\u00e9rale ; huiles essentielles (orange am\u00e8re, menthe poivr\u00e9e, arbre \u00e0 th\u00e9, thym, sauge, \nromarin, cypr\u00e8s, lavande, citron) ; vitamine \u0415<\/p>\n<p><strong><span style=\"color: #000000;\">MODE D\u2019EMPLOI :<\/span><\/strong><\/p>\n<p class=\" translation-block\">\u2022 Utiliser une quantit\u00e9 suffisante de cr\u00e8me pour le massage du corps. Ne pas rincer. \n*Pour plus d'informations sur les protocoles de Linda Kristel, veuillez <span style=\"text-decoration: underline\"><strong><span style=\"color: #000000;text-decoration: underline\"><a style=\"color: #000000;text-decoration: underline\" href=\"https:\/\/swissbeautypro.com\/en\/contact\/\" target=\"_self\">nous contacter<\/a><\/span><\/strong><\/span><\/p>\n<p><strong><span style=\"color: #000000;\">CONTENU:<\/span> <\/strong><\/p>\n<p>500 ML.<\/p>\n<p><em><strong><span style=\"color: #ff99cc;\">R\u00e9serv\u00e9 \u00e0 un usage professionnel !<\/span><\/strong><\/em><\/p>","protected":false},"excerpt":{"rendered":"<p><span style=\"color: #000000;\">Livraison 2-3 jours ouvrables<\/span><\/p>","protected":false},"featured_media":2392,"comment_status":"open","ping_status":"closed","template":"","meta":[],"product_cat":[142],"product_tag":[87],"class_list":{"0":"post-2390","1":"product","2":"type-product","3":"status-publish","4":"has-post-thumbnail","6":"product_brand-linda-kristel","7":"product_cat-body-products","8":"product_tag-all-skin-types","10":"first","11":"outofstock","12":"taxable","13":"shipping-taxable","14":"product-type-simple"},"_links":{"self":[{"href":"https:\/\/swissbeautypro.com\/fr\/wp-json\/wp\/v2\/product\/2390","targetHints":{"allow":["GET"]}}],"collection":[{"href":"https:\/\/swissbeautypro.com\/fr\/wp-json\/wp\/v2\/product"}],"about":[{"href":"https:\/\/swissbeautypro.com\/fr\/wp-json\/wp\/v2\/types\/product"}],"replies":[{"embeddable":true,"href":"https:\/\/swissbeautypro.com\/fr\/wp-json\/wp\/v2\/comments?post=2390"}],"version-history":[{"count":5,"href":"https:\/\/swissbeautypro.com\/fr\/wp-json\/wp\/v2\/product\/2390\/revisions"}],"predecessor-version":[{"id":2822,"href":"https:\/\/swissbeautypro.com\/fr\/wp-json\/wp\/v2\/product\/2390\/revisions\/2822"}],"wp:featuredmedia":[{"embeddable":true,"href":"https:\/\/swissbeautypro.com\/fr\/wp-json\/wp\/v2\/media\/2392"}],"wp:attachment":[{"href":"https:\/\/swissbeautypro.com\/fr\/wp-json\/wp\/v2\/media?parent=2390"}],"wp:term":[{"taxonomy":"product_cat","embeddable":true,"href":"https:\/\/swissbeautypro.com\/fr\/wp-json\/wp\/v2\/product_cat?post=2390"},{"taxonomy":"product_tag","embeddable":true,"href":"https:\/\/swissbeautypro.com\/fr\/wp-json\/wp\/v2\/product_tag?post=2390"}],"curies":[{"name":"wp","href":"https:\/\/api.w.org\/{rel}","templated":true}]}}