{"id":2394,"date":"2024-06-11T17:02:59","date_gmt":"2024-06-11T17:02:59","guid":{"rendered":"https:\/\/swissbeautypro.com\/?post_type=product&#038;p=2394"},"modified":"2024-09-11T22:24:54","modified_gmt":"2024-09-11T22:24:54","slug":"gel-hypo-thermique","status":"publish","type":"product","link":"https:\/\/swissbeautypro.com\/fr\/produit\/gel-hypo-thermique\/","title":{"rendered":"Gel Hypo-Thermique"},"content":{"rendered":"<p><strong><span style=\"color: #000000;\">ACTION:<\/span><\/strong><\/p>\n<p class=\" translation-block\">Effet de refroidissement <br>\n\u2022 active la microcirculation et le m\u00e9tabolisme <br>\n\u2022 tonifie la peau <br>\n\u2022 lifte et remod\u00e8le instantan\u00e9ment les contours du corps <br>\n\u2022 r\u00e9duit les gonflements<\/p>\n<p><strong><span style=\"color: #000000;\">TYPE DE PEAU \/ PR\u00c9OCCUPATIONS CUTAN\u00c9ES :<\/span><\/strong><\/p>\n<p>Pour tous les types de peau, Tonification, Anticellulite, Enveloppement corpor<\/p>\n<p><strong><span style=\"color: #000000;\">INGR\u00c9DIENTS ACTIFS :<\/span><\/strong><\/p>\n<p>Essence de menthol ; Camphre ; Lactate de menthe<\/p>\n<p><strong><span style=\"color: #000000;\">MODE D\u2019EMPLOI :<\/span><\/strong><\/p>\n<p class=\" translation-block\">\u2022 Lors d'un traitement professionnel, appliquer le gel \u00e0 l'aide d'un pinceau ou \u00e0 la main (avec des \ngants) sur les zones cutan\u00e9es atones (int\u00e9rieur des cuisses et des \u00e9paules, abdomen, zones audessus des genoux, etc.) \u00c9vitez tout contact avec les muqueuses ! <br>\n\u2022 Enveloppez le client avec un film plastique et couvrez-le avec une couverture. Laissez-le se \nreposer pendant 15 \u00e0 20 minutes. <br>\n\u2022 Prenez une douche ou enlevez soigneusement le gel avec des serviettes humides. <br>\n\u2022 Poursuivre la proc\u00e9dure conform\u00e9ment au traitement.<\/p>\n<p class=\" translation-block\">Pour plus d'informations sur les protocoles de Linda Kristel, veuillez <strong><span style=\"color: #000000\"><a style=\"color: #000000\" href=\"https:\/\/swissbeautypro.com\/fr\/contact\/\" target=\"_self\">nous contacter <\/a><\/span><\/strong><\/p>\n<p><strong><span style=\"color: #000000;\">CONTENU:<\/span> <\/strong><\/p>\n<p>500 ML.<\/p>\n<p><em><strong><span style=\"color: #ff99cc;\">R\u00e9serv\u00e9 \u00e0 un usage professionnel !<\/span><\/strong><\/em><\/p>","protected":false},"excerpt":{"rendered":"<p><span style=\"color: #000000;\">Livraison 2-3 jours ouvrables<\/span><\/p>","protected":false},"featured_media":2395,"comment_status":"open","ping_status":"closed","template":"","meta":[],"product_cat":[142],"product_tag":[87],"class_list":{"0":"post-2394","1":"product","2":"type-product","3":"status-publish","4":"has-post-thumbnail","6":"product_brand-linda-kristel","7":"product_cat-body-products","8":"product_tag-all-skin-types","10":"first","11":"outofstock","12":"taxable","13":"shipping-taxable","14":"product-type-simple"},"_links":{"self":[{"href":"https:\/\/swissbeautypro.com\/fr\/wp-json\/wp\/v2\/product\/2394","targetHints":{"allow":["GET"]}}],"collection":[{"href":"https:\/\/swissbeautypro.com\/fr\/wp-json\/wp\/v2\/product"}],"about":[{"href":"https:\/\/swissbeautypro.com\/fr\/wp-json\/wp\/v2\/types\/product"}],"replies":[{"embeddable":true,"href":"https:\/\/swissbeautypro.com\/fr\/wp-json\/wp\/v2\/comments?post=2394"}],"version-history":[{"count":5,"href":"https:\/\/swissbeautypro.com\/fr\/wp-json\/wp\/v2\/product\/2394\/revisions"}],"predecessor-version":[{"id":2821,"href":"https:\/\/swissbeautypro.com\/fr\/wp-json\/wp\/v2\/product\/2394\/revisions\/2821"}],"wp:featuredmedia":[{"embeddable":true,"href":"https:\/\/swissbeautypro.com\/fr\/wp-json\/wp\/v2\/media\/2395"}],"wp:attachment":[{"href":"https:\/\/swissbeautypro.com\/fr\/wp-json\/wp\/v2\/media?parent=2394"}],"wp:term":[{"taxonomy":"product_cat","embeddable":true,"href":"https:\/\/swissbeautypro.com\/fr\/wp-json\/wp\/v2\/product_cat?post=2394"},{"taxonomy":"product_tag","embeddable":true,"href":"https:\/\/swissbeautypro.com\/fr\/wp-json\/wp\/v2\/product_tag?post=2394"}],"curies":[{"name":"wp","href":"https:\/\/api.w.org\/{rel}","templated":true}]}}