{"id":2397,"date":"2024-06-11T17:14:59","date_gmt":"2024-06-11T17:14:59","guid":{"rendered":"https:\/\/swissbeautypro.com\/?post_type=product&#038;p=2397"},"modified":"2024-09-11T22:24:53","modified_gmt":"2024-09-11T22:24:53","slug":"gel-thermo-actif","status":"publish","type":"product","link":"https:\/\/swissbeautypro.com\/fr\/produit\/gel-thermo-actif\/","title":{"rendered":"Gel Thermo-Actif"},"content":{"rendered":"<p><strong><span style=\"color: #000000;\">ACTION:<\/span><\/strong><\/p>\n<p class=\" translation-block\">Effet de r\u00e9chauffement <br>\n\u2022 r\u00e9chauffe la peau en activant la microcirculation et en provoquant une hyper\u00e9mie temporaire <br>\n\u2022 am\u00e9liore les processus m\u00e9taboliques sur la zone d'application <br>\n\u2022 r\u00e9duit l'apparence de la cellulite <br>\n\u2022 redessine les contours du corps<\/p>\n<p><strong><span style=\"color: #000000;\">TYPE DE PEAU \/ PR\u00c9OCCUPATIONS CUTAN\u00c9ES :<\/span> <\/strong><\/p>\n<p>Pour tous les types de peau, m\u00e9tabolique, anticellulite, \nenveloppement corporel<\/p>\n<p><strong><span style=\"color: #000000;\">INGR\u00c9DIENTS ACTIFS :<\/span><\/strong><\/p>\n<p>Extrait de piment ; Camphre ; Nicotinate de m\u00e9thyle ; Huile essentielle de dianthus<\/p>\n<p><strong><span style=\"color: #000000;\">MODE D\u2019EMPLOI :<\/span><\/strong><\/p>\n<p class=\" translation-block\">\u2022 Lors d'un traitement professionnel, appliquer le gel \u00e0 l'aide d'un pinceau ou avec les mains (dans \ndes gants) sur les zones du corps pr\u00e9sentant des signes de cellulite et des d\u00e9p\u00f4ts graisseux locaux. \n\u00c9vitez tout contact avec les muqueuses ! <br>\n\u2022 Envelopper le client dans un film plastique et le couvrir d'une couverture thermique (t=37\u00b0C). \nLaisser reposer pendant 15 \u00e0 20 minutes. <br>\n\u2022 Prenez une douche ou enlevez soigneusement le gel avec des serviettes humides. <br>\n\u2022 Poursuivre la proc\u00e9dure conform\u00e9ment au traitement. <br>\n*Pour plus d'informations sur les protocoles de Linda Kristel, veuillez nous contacter<\/p>\n<p><strong><span style=\"color: #000000;\">CONTENU:<\/span> <\/strong><\/p>\n<p>500 ML.<\/p>\n<p><em><strong><span style=\"color: #ff99cc;\">R\u00e9serv\u00e9 \u00e0 un usage professionnel !<\/span><\/strong><\/em><\/p>","protected":false},"excerpt":{"rendered":"<p><span style=\"color: #000000;\">Livraison 2-3 jours ouvrables<\/span><\/p>","protected":false},"featured_media":2398,"comment_status":"open","ping_status":"closed","template":"","meta":[],"product_cat":[142],"product_tag":[87],"class_list":{"0":"post-2397","1":"product","2":"type-product","3":"status-publish","4":"has-post-thumbnail","6":"product_brand-linda-kristel","7":"product_cat-body-products","8":"product_tag-all-skin-types","10":"first","11":"outofstock","12":"taxable","13":"shipping-taxable","14":"product-type-simple"},"_links":{"self":[{"href":"https:\/\/swissbeautypro.com\/fr\/wp-json\/wp\/v2\/product\/2397","targetHints":{"allow":["GET"]}}],"collection":[{"href":"https:\/\/swissbeautypro.com\/fr\/wp-json\/wp\/v2\/product"}],"about":[{"href":"https:\/\/swissbeautypro.com\/fr\/wp-json\/wp\/v2\/types\/product"}],"replies":[{"embeddable":true,"href":"https:\/\/swissbeautypro.com\/fr\/wp-json\/wp\/v2\/comments?post=2397"}],"version-history":[{"count":4,"href":"https:\/\/swissbeautypro.com\/fr\/wp-json\/wp\/v2\/product\/2397\/revisions"}],"predecessor-version":[{"id":2819,"href":"https:\/\/swissbeautypro.com\/fr\/wp-json\/wp\/v2\/product\/2397\/revisions\/2819"}],"wp:featuredmedia":[{"embeddable":true,"href":"https:\/\/swissbeautypro.com\/fr\/wp-json\/wp\/v2\/media\/2398"}],"wp:attachment":[{"href":"https:\/\/swissbeautypro.com\/fr\/wp-json\/wp\/v2\/media?parent=2397"}],"wp:term":[{"taxonomy":"product_cat","embeddable":true,"href":"https:\/\/swissbeautypro.com\/fr\/wp-json\/wp\/v2\/product_cat?post=2397"},{"taxonomy":"product_tag","embeddable":true,"href":"https:\/\/swissbeautypro.com\/fr\/wp-json\/wp\/v2\/product_tag?post=2397"}],"curies":[{"name":"wp","href":"https:\/\/api.w.org\/{rel}","templated":true}]}}