{"id":2400,"date":"2024-06-11T17:23:18","date_gmt":"2024-06-11T17:23:18","guid":{"rendered":"https:\/\/swissbeautypro.com\/?post_type=product&#038;p=2400"},"modified":"2024-09-12T16:43:05","modified_gmt":"2024-09-12T16:43:05","slug":"benda-gel-fosfatidilcolina","status":"publish","type":"product","link":"https:\/\/swissbeautypro.com\/fr\/produit\/benda-gel-fosfatidilcolina\/","title":{"rendered":"Benda gel Fosfatidilcolina"},"content":{"rendered":"<p><strong><span style=\"color: #000000;\">ACTION:<\/span><\/strong><\/p>\n<p><span style=\"color: #000000;\">Jeu de 2 pansements satur\u00e9s de gel actif<\/span><\/p>\n<p class=\" translation-block\">\u2022 am\u00e9liore la lipolyse <br>\n\u2022 minimise l'apparence de la cellulite <br>\n\u2022 d\u00e9toxifie, active la microcirculation et le drainage lymphatique <br>\n\u2022 tonifie la peau<\/p>\n<p><strong><span style=\"color: #000000;\">TYPE DE PEAU \/ PR\u00c9OCCUPATIONS CUTAN\u00c9ES :<\/span> <\/strong><\/p>\n<p>Pour tous les types de peau, Tonification, D\u00e9tox, \nDrainage lymphatique<\/p>\n<p><strong><span style=\"color: #000000;\">INGR\u00c9DIENTS ACTIFS :<\/span><\/strong><\/p>\n<p>Phosphatidylcholine ; extrait de racine de ginseng ; huiles essentielles (menthe verte, geni\u00e8vre)<\/p>\n<p><strong><span style=\"color: #000000;\">MODE D\u2019EMPLOI :<\/span><\/strong><\/p>\n<p class=\" translation-block\">\u2022 Apr\u00e8s avoir frott\u00e9 la peau avec un gommage, bander les jambes et les cuisses en commen\u00e7ant par le pied. Enveloppez les jambes avec un film plastique et couvrez-les avec une couverture. <br>\n\u2022 NE PAS UTILISER DE COUVERTURE THERMIQUE ! <br>\n\u2022 Retirez les bandages au bout de 30 minutes. <br>\n\u2022 Effectuer un l\u00e9ger massage drainant sur la partie restante du gel actif ; le laver sous la douche ou l'enlever avec des lingettes humides. <br>\n\u2022 Poursuivre le traitement selon le protocole.<\/p>\n<p class=\" translation-block\">Pour plus d'informations sur les protocoles de Linda Kristel, veuillez <strong><span style=\"color: #000000\"><a style=\"color: #000000\" href=\"https:\/\/swissbeautypro.com\/fr\/contact\/\" target=\"_self\">nous contacter <\/a><\/span><\/strong><\/p>\n<p><strong><span style=\"color: #000000;\">CONTENU:<\/span> <\/strong><\/p>\n<p>250 ML.<\/p>\n<p><em><strong><span style=\"color: #ff99cc;\">R\u00e9serv\u00e9 \u00e0 un usage professionnel !<\/span><\/strong><\/em><\/p>","protected":false},"excerpt":{"rendered":"<p><span style=\"color: #000000;\">Livraison 2-3 jours ouvrables<\/span><\/p>","protected":false},"featured_media":2401,"comment_status":"open","ping_status":"closed","template":"","meta":[],"product_cat":[142],"product_tag":[87],"class_list":{"0":"post-2400","1":"product","2":"type-product","3":"status-publish","4":"has-post-thumbnail","6":"product_brand-linda-kristel","7":"product_cat-body-products","8":"product_tag-all-skin-types","10":"first","11":"instock","12":"taxable","13":"shipping-taxable","14":"product-type-simple"},"_links":{"self":[{"href":"https:\/\/swissbeautypro.com\/fr\/wp-json\/wp\/v2\/product\/2400","targetHints":{"allow":["GET"]}}],"collection":[{"href":"https:\/\/swissbeautypro.com\/fr\/wp-json\/wp\/v2\/product"}],"about":[{"href":"https:\/\/swissbeautypro.com\/fr\/wp-json\/wp\/v2\/types\/product"}],"replies":[{"embeddable":true,"href":"https:\/\/swissbeautypro.com\/fr\/wp-json\/wp\/v2\/comments?post=2400"}],"version-history":[{"count":4,"href":"https:\/\/swissbeautypro.com\/fr\/wp-json\/wp\/v2\/product\/2400\/revisions"}],"predecessor-version":[{"id":2451,"href":"https:\/\/swissbeautypro.com\/fr\/wp-json\/wp\/v2\/product\/2400\/revisions\/2451"}],"wp:featuredmedia":[{"embeddable":true,"href":"https:\/\/swissbeautypro.com\/fr\/wp-json\/wp\/v2\/media\/2401"}],"wp:attachment":[{"href":"https:\/\/swissbeautypro.com\/fr\/wp-json\/wp\/v2\/media?parent=2400"}],"wp:term":[{"taxonomy":"product_cat","embeddable":true,"href":"https:\/\/swissbeautypro.com\/fr\/wp-json\/wp\/v2\/product_cat?post=2400"},{"taxonomy":"product_tag","embeddable":true,"href":"https:\/\/swissbeautypro.com\/fr\/wp-json\/wp\/v2\/product_tag?post=2400"}],"curies":[{"name":"wp","href":"https:\/\/api.w.org\/{rel}","templated":true}]}}