{"id":2405,"date":"2024-06-11T17:44:58","date_gmt":"2024-06-11T17:44:58","guid":{"rendered":"https:\/\/swissbeautypro.com\/?post_type=product&#038;p=2405"},"modified":"2024-09-12T16:43:22","modified_gmt":"2024-09-12T16:43:22","slug":"benda-gel-salino","status":"publish","type":"product","link":"https:\/\/swissbeautypro.com\/fr\/produit\/benda-gel-salino\/","title":{"rendered":"Benda gel Salino"},"content":{"rendered":"<p><span style=\"color: #000000;\"><strong>ACTION:<\/strong><\/span><\/p>\n<p class=\" translation-block\"><b>Jeu de 2 pansements satur\u00e9s de gel actif <\/b><br>\n<br>\n\u2022 r\u00e9duit l'enflure <br>\n\u2022 minimise l'apparence de la cellulite <br>\n\u2022 enrichit la peau en micro et macro \u00e9l\u00e9ments (Na, Mg, K, I, Br) <br>\n\u2022 active la circulation lymphatique et d\u00e9toxifie<\/p>\n<p><strong><span style=\"color: #000000;\">TYPE DE PEAU \/ PR\u00c9OCCUPATIONS CUTAN\u00c9ES :<\/span> <\/strong><\/p>\n<p>Pour tous les types de peau, Tonifiant, D\u00e9toxifiant, \nAnti-cellulite<\/p>\n<p><strong><span style=\"color: #000000;\">INGR\u00c9DIENTS ACTIFS :<\/span><\/strong><\/p>\n<p>Sel marin 23% ; Hydroxyde de th\u00e9<\/p>\n<p><strong><span style=\"color: #000000;\">MODE D\u2019EMPLOI :<\/span><\/strong><\/p>\n<p class=\" translation-block\">\u2022 Apr\u00e8s avoir frott\u00e9 la peau avec un gommage, bander les jambes et les cuisses en commen\u00e7ant par le pied. <br>\n\u2022 Enveloppez les jambes avec un film plastique et une couverture thermique (t=37\u00ba\u0421). <br>\n\u2022 Retirez les bandages apr\u00e8s 30 minutes. <br>\n\u2022 Effectuer un l\u00e9ger massage drainant sur la partie restante du gel actif ; le laver sous la douche ou l'enlever avec des lingettes humides. <br>\n\u2022 Poursuivre le traitement conform\u00e9ment au protocole. <br>\n<br>\n*Pour plus d'informations sur les protocoles de Linda Kristel, veuillez <span style=\"color: #000000\"><strong><a style=\"color: #000000\" href=\"https:\/\/swissbeautypro.com\/fr\/contact\/\" target=\"_self\">nous contacter \u00a0<\/a><\/strong><\/span><\/p>\n<p><strong><span style=\"color: #000000;\">CONTENU:<\/span> <\/strong><\/p>\n<p>250 ML.<\/p>\n<p><em><strong><span style=\"color: #ff99cc;\">R\u00e9serv\u00e9 \u00e0 un usage professionnel !<\/span><\/strong><\/em><\/p>","protected":false},"excerpt":{"rendered":"<p><span style=\"color: #000000;\">\u00a0 Livraison 2-3 jours ouvrables<\/span><\/p>","protected":false},"featured_media":2408,"comment_status":"open","ping_status":"closed","template":"","meta":[],"product_cat":[142],"product_tag":[87],"class_list":{"0":"post-2405","1":"product","2":"type-product","3":"status-publish","4":"has-post-thumbnail","6":"product_brand-linda-kristel","7":"product_cat-body-products","8":"product_tag-all-skin-types","10":"first","11":"instock","12":"taxable","13":"shipping-taxable","14":"product-type-simple"},"_links":{"self":[{"href":"https:\/\/swissbeautypro.com\/fr\/wp-json\/wp\/v2\/product\/2405","targetHints":{"allow":["GET"]}}],"collection":[{"href":"https:\/\/swissbeautypro.com\/fr\/wp-json\/wp\/v2\/product"}],"about":[{"href":"https:\/\/swissbeautypro.com\/fr\/wp-json\/wp\/v2\/types\/product"}],"replies":[{"embeddable":true,"href":"https:\/\/swissbeautypro.com\/fr\/wp-json\/wp\/v2\/comments?post=2405"}],"version-history":[{"count":5,"href":"https:\/\/swissbeautypro.com\/fr\/wp-json\/wp\/v2\/product\/2405\/revisions"}],"predecessor-version":[{"id":2673,"href":"https:\/\/swissbeautypro.com\/fr\/wp-json\/wp\/v2\/product\/2405\/revisions\/2673"}],"wp:featuredmedia":[{"embeddable":true,"href":"https:\/\/swissbeautypro.com\/fr\/wp-json\/wp\/v2\/media\/2408"}],"wp:attachment":[{"href":"https:\/\/swissbeautypro.com\/fr\/wp-json\/wp\/v2\/media?parent=2405"}],"wp:term":[{"taxonomy":"product_cat","embeddable":true,"href":"https:\/\/swissbeautypro.com\/fr\/wp-json\/wp\/v2\/product_cat?post=2405"},{"taxonomy":"product_tag","embeddable":true,"href":"https:\/\/swissbeautypro.com\/fr\/wp-json\/wp\/v2\/product_tag?post=2405"}],"curies":[{"name":"wp","href":"https:\/\/api.w.org\/{rel}","templated":true}]}}