{"id":3273,"date":"2024-11-20T01:29:41","date_gmt":"2024-11-20T01:29:41","guid":{"rendered":"https:\/\/swissbeautypro.com\/?post_type=product&#038;p=3273"},"modified":"2026-03-12T06:57:50","modified_gmt":"2026-03-12T06:57:50","slug":"nad-longevity","status":"publish","type":"product","link":"https:\/\/swissbeautypro.com\/fr\/produit\/nad-longevity\/","title":{"rendered":"NAD+ LONGEVITY"},"content":{"rendered":"<p><strong><span style=\"color: #000000;\">DESCRIPTION:<\/span><\/strong><\/p>\n<p>La coenzyme NAD+ (nicotinamide ad\u00e9nine dinucl\u00e9otide), pr\u00e9sente dans toutes les cellules vivantes, est essentielle \u00e0 la production d'\u00e9nergie cellulaire et \u00e0 la r\u00e9paration de l'ADN. Elle apporte un certain nombre de bienfaits \u00e0 la peau, notamment en r\u00e9duisant l'hyperpigmentation, les rides et ridules, et en augmentant l'hydratation et la fermet\u00e9 de la peau par la stimulation du collag\u00e8ne et de l\u2019\u00e9lastine.<\/p>\n<p><strong><span style=\"color: #000000;\">TYPES DE PEAU\/PROBL\u00c8MES:<\/span><\/strong> Anti-ageing, Dry skin, Pigmentation, Wrinkles<\/p>\n<p><strong><span style=\"color: #000000;\">INGR\u00c9DIENTS ACTIFS :<\/span><\/strong><\/p>\n<ul>\n<li>Coenzyme NAD+ (nicotinamide ad\u00e9nine dinucl\u00e9otide).<\/li>\n<li>Niacinamide<\/li>\n<\/ul>\n<p><strong><span style=\"color: #000000;\">COMMENT POSTULER :<\/span><\/strong><\/p>\n<ul>\n<li>M\u00e9langer 50 ml de produit avec 40 ml d'eau.<\/li>\n<li>Appliquer sur la surface de la peau \u00e0 traiter.<\/li>\n<li>Laisser agir pendant 20 minutes et retirer.<\/li>\n<\/ul>\n<p><strong><span style=\"color: #000000;\">APPLICAZIONI:<\/span><\/strong><\/p>\n<p>Visage : 17 applications.<\/p>\n<p>Visage et cou : 10 applications.<\/p>\n<p><strong><span style=\"color: #000000;\">CONTENANCE : 500 g.<\/span><\/strong><\/p>","protected":false},"excerpt":{"rendered":"<p>DESCRIPTION: Coenzyme NAD+ (nicotinamide adenine dinucleotide), present in all living cells, is essential for cellular energy production and DNA repair. It provides a number of benefits to the skin, including<\/p>","protected":false},"featured_media":3274,"comment_status":"open","ping_status":"closed","template":"","meta":[],"product_cat":[71],"product_tag":[94,73,84,79],"class_list":{"0":"post-3273","1":"product","2":"type-product","3":"status-publish","4":"has-post-thumbnail","6":"product_brand-esthemax","7":"product_cat-hydrojelly-mask","8":"product_tag-anti-ageing","9":"product_tag-dry-skin","10":"product_tag-pigmentation","11":"product_tag-wrinkles","13":"first","14":"outofstock","15":"taxable","16":"shipping-taxable","17":"product-type-simple"},"_links":{"self":[{"href":"https:\/\/swissbeautypro.com\/fr\/wp-json\/wp\/v2\/product\/3273","targetHints":{"allow":["GET"]}}],"collection":[{"href":"https:\/\/swissbeautypro.com\/fr\/wp-json\/wp\/v2\/product"}],"about":[{"href":"https:\/\/swissbeautypro.com\/fr\/wp-json\/wp\/v2\/types\/product"}],"replies":[{"embeddable":true,"href":"https:\/\/swissbeautypro.com\/fr\/wp-json\/wp\/v2\/comments?post=3273"}],"version-history":[{"count":1,"href":"https:\/\/swissbeautypro.com\/fr\/wp-json\/wp\/v2\/product\/3273\/revisions"}],"predecessor-version":[{"id":3275,"href":"https:\/\/swissbeautypro.com\/fr\/wp-json\/wp\/v2\/product\/3273\/revisions\/3275"}],"wp:featuredmedia":[{"embeddable":true,"href":"https:\/\/swissbeautypro.com\/fr\/wp-json\/wp\/v2\/media\/3274"}],"wp:attachment":[{"href":"https:\/\/swissbeautypro.com\/fr\/wp-json\/wp\/v2\/media?parent=3273"}],"wp:term":[{"taxonomy":"product_cat","embeddable":true,"href":"https:\/\/swissbeautypro.com\/fr\/wp-json\/wp\/v2\/product_cat?post=3273"},{"taxonomy":"product_tag","embeddable":true,"href":"https:\/\/swissbeautypro.com\/fr\/wp-json\/wp\/v2\/product_tag?post=3273"}],"curies":[{"name":"wp","href":"https:\/\/api.w.org\/{rel}","templated":true}]}}