{"id":3276,"date":"2024-11-20T01:33:21","date_gmt":"2024-11-20T01:33:21","guid":{"rendered":"https:\/\/swissbeautypro.com\/?post_type=product&#038;p=3276"},"modified":"2026-03-11T18:08:10","modified_gmt":"2026-03-11T18:08:10","slug":"retinol-alternative","status":"publish","type":"product","link":"https:\/\/swissbeautypro.com\/fr\/produit\/retinol-alternative\/","title":{"rendered":"RETINOL ALTERNATIVE"},"content":{"rendered":"<p><strong><span style=\"color: #000000;\">DESCRIPTION:<\/span><\/strong><\/p>\n<p>La plante de babchi (bakuchiol) est un analogue du r\u00e9tinol qui imite l'action du r\u00e9tinol sans\nprovoquer d'irritation, r\u00e9duisant les ridules et autres signes de vieillissement chez les peaux\nchroniquement \u00e2g\u00e9es, photovieillies et sensibles. Associ\u00e9s \u00e0 des peptides hydrolys\u00e9s, ils ont un effet apaisant, calmant et hydratant.<\/p>\n<p><strong><span style=\"color: #000000;\">TYPES DE PEAU\/PROBL\u00c8MES:<\/span><\/strong> Anti-\u00e2ge, Pigmentation, Rides<\/p>\n<p><strong><span style=\"color: #000000;\">INGR\u00c9DIENTS ACTIFS :<\/span><\/strong><\/p>\n<ul>\n<li>Bakuchiol<\/li>\n<li>Niacinamide<\/li>\n<li>Peptide de soie hydrolys\u00e9e<\/li>\n<\/ul>\n<p><strong><span style=\"color: #000000;\">COMMENT POSTULER :<\/span><\/strong><\/p>\n<ul>\n<li>M\u00e9langer 50 ml de produit avec 40 ml d'eau.<\/li>\n<li>Appliquer sur la surface de la peau \u00e0 traiter.<\/li>\n<li>Laisser agir pendant 20 minutes et retirer.<\/li>\n<\/ul>\n<p><strong><span style=\"color: #000000;\">APPLICAZIONI:<\/span><\/strong><\/p>\n<p>Visage : 17 applications.<\/p>\n<p>Visage et cou : 10 applications.<\/p>\n<p><strong><span style=\"color: #000000;\">CONTENANCE : 500 g<\/span><\/strong><\/p>","protected":false},"excerpt":{"rendered":"<p>DESCRIPTION: Babchi plant (bakuchiol) is a retinol analogue that mimics the action of retinol without causing irritation, reducing fine lines and other signs of ageing in chronically aged, photo-aged and<\/p>","protected":false},"featured_media":3277,"comment_status":"open","ping_status":"closed","template":"","meta":[],"product_cat":[71],"product_tag":[94,84,79],"class_list":{"0":"post-3276","1":"product","2":"type-product","3":"status-publish","4":"has-post-thumbnail","6":"product_brand-esthemax","7":"product_cat-hydrojelly-mask","8":"product_tag-anti-ageing","9":"product_tag-pigmentation","10":"product_tag-wrinkles","12":"first","13":"outofstock","14":"virtual","15":"taxable","16":"product-type-simple"},"_links":{"self":[{"href":"https:\/\/swissbeautypro.com\/fr\/wp-json\/wp\/v2\/product\/3276","targetHints":{"allow":["GET"]}}],"collection":[{"href":"https:\/\/swissbeautypro.com\/fr\/wp-json\/wp\/v2\/product"}],"about":[{"href":"https:\/\/swissbeautypro.com\/fr\/wp-json\/wp\/v2\/types\/product"}],"replies":[{"embeddable":true,"href":"https:\/\/swissbeautypro.com\/fr\/wp-json\/wp\/v2\/comments?post=3276"}],"version-history":[{"count":1,"href":"https:\/\/swissbeautypro.com\/fr\/wp-json\/wp\/v2\/product\/3276\/revisions"}],"predecessor-version":[{"id":3278,"href":"https:\/\/swissbeautypro.com\/fr\/wp-json\/wp\/v2\/product\/3276\/revisions\/3278"}],"wp:featuredmedia":[{"embeddable":true,"href":"https:\/\/swissbeautypro.com\/fr\/wp-json\/wp\/v2\/media\/3277"}],"wp:attachment":[{"href":"https:\/\/swissbeautypro.com\/fr\/wp-json\/wp\/v2\/media?parent=3276"}],"wp:term":[{"taxonomy":"product_cat","embeddable":true,"href":"https:\/\/swissbeautypro.com\/fr\/wp-json\/wp\/v2\/product_cat?post=3276"},{"taxonomy":"product_tag","embeddable":true,"href":"https:\/\/swissbeautypro.com\/fr\/wp-json\/wp\/v2\/product_tag?post=3276"}],"curies":[{"name":"wp","href":"https:\/\/api.w.org\/{rel}","templated":true}]}}