{"id":3347,"date":"2025-02-11T21:43:49","date_gmt":"2025-02-11T21:43:49","guid":{"rendered":"https:\/\/swissbeautypro.com\/?post_type=product&#038;p=3347"},"modified":"2026-02-25T20:24:12","modified_gmt":"2026-02-25T20:24:12","slug":"moisture-skin-solution-toner","status":"publish","type":"product","link":"https:\/\/swissbeautypro.com\/fr\/produit\/moisture-skin-solution-toner\/","title":{"rendered":"MOISTURE SKIN SOLUTION (TONER)"},"content":{"rendered":"<p><strong>SOLUTION POUR :<\/strong><br \/>\nHydratation et rajeunissement<br \/>\n\u00c9quilibrer les niveaux de pH<br \/>\nAm\u00e9liorer la fermet\u00e9<\/p>\n<p><strong>DESCRIPTION:<\/strong><br \/>\nCe tonique p\u00e9n\u00e8tre dans le derme et am\u00e9liore l'\u00e9lasticit\u00e9 et l'hydratation de la peau. Il joue un r\u00f4le<br \/>\ncrucial dans la protection des cellules, la lubrification et le maintien de l'int\u00e9grit\u00e9 structurelle des<br \/>\ntissus de la peau. Gr\u00e2ce \u00e0 un m\u00e9lange \u00e9quilibr\u00e9 d'ingr\u00e9dients botaniques, il aide \u00e0 contr\u00f4ler la<br \/>\nproduction de s\u00e9bum et les bact\u00e9ries tout en \u00e9quilibrant les niveaux de pH de la peau.<\/p>\n<p><strong>TYPES DE PEAU\/PR\u00c9OCCUPATIONS:<\/strong>\u00a0 \u00a0Peau s\u00e8che, peau sujette \u00e0 l'acn\u00e9, tous types de peau<\/p>\n<p><strong>INGR\u00c9DIENTS ACTIFS :<\/strong><\/p>\n<p>Acide Hyaluronique<\/p>\n<p><strong>MONTANT : 1000 ml<\/strong><\/p>\n<p>&nbsp;<\/p>","protected":false},"excerpt":{"rendered":"<p>SOLUTION FOR: Hydration &amp; Rejuvenation Balancing pH Levels Enhancing Firmness DESCRIPTION: This toner penetrates the dermis, enhancing the skin&#8217;s elasticity and hydration. It plays a crucial role in cell protection,<\/p>","protected":false},"featured_media":3349,"comment_status":"open","ping_status":"closed","template":"","meta":[],"product_cat":[157,15,92],"product_tag":[86,87,73],"class_list":{"0":"post-3347","1":"product","2":"type-product","3":"status-publish","4":"has-post-thumbnail","6":"product_brand-esthemax","7":"product_cat-esthemax","8":"product_cat-uncategorized","9":"product_cat-cleansers","10":"product_tag-acne","11":"product_tag-all-skin-types","12":"product_tag-dry-skin","14":"first","15":"instock","16":"taxable","17":"shipping-taxable","18":"product-type-simple"},"_links":{"self":[{"href":"https:\/\/swissbeautypro.com\/fr\/wp-json\/wp\/v2\/product\/3347","targetHints":{"allow":["GET"]}}],"collection":[{"href":"https:\/\/swissbeautypro.com\/fr\/wp-json\/wp\/v2\/product"}],"about":[{"href":"https:\/\/swissbeautypro.com\/fr\/wp-json\/wp\/v2\/types\/product"}],"replies":[{"embeddable":true,"href":"https:\/\/swissbeautypro.com\/fr\/wp-json\/wp\/v2\/comments?post=3347"}],"version-history":[{"count":4,"href":"https:\/\/swissbeautypro.com\/fr\/wp-json\/wp\/v2\/product\/3347\/revisions"}],"predecessor-version":[{"id":3355,"href":"https:\/\/swissbeautypro.com\/fr\/wp-json\/wp\/v2\/product\/3347\/revisions\/3355"}],"wp:featuredmedia":[{"embeddable":true,"href":"https:\/\/swissbeautypro.com\/fr\/wp-json\/wp\/v2\/media\/3349"}],"wp:attachment":[{"href":"https:\/\/swissbeautypro.com\/fr\/wp-json\/wp\/v2\/media?parent=3347"}],"wp:term":[{"taxonomy":"product_cat","embeddable":true,"href":"https:\/\/swissbeautypro.com\/fr\/wp-json\/wp\/v2\/product_cat?post=3347"},{"taxonomy":"product_tag","embeddable":true,"href":"https:\/\/swissbeautypro.com\/fr\/wp-json\/wp\/v2\/product_tag?post=3347"}],"curies":[{"name":"wp","href":"https:\/\/api.w.org\/{rel}","templated":true}]}}