{"id":3357,"date":"2025-02-12T16:18:52","date_gmt":"2025-02-12T16:18:52","guid":{"rendered":"https:\/\/swissbeautypro.com\/?post_type=product&#038;p=3357"},"modified":"2025-12-01T08:27:25","modified_gmt":"2025-12-01T08:27:25","slug":"collagen-sheet-mask","status":"publish","type":"product","link":"https:\/\/swissbeautypro.com\/fr\/produit\/collagen-sheet-mask\/","title":{"rendered":"COLLAGEN SHEET MASK"},"content":{"rendered":"<p><strong>SOLUTION POUR :<\/strong><br \/>\nStimuler les cellules de la peau<br \/>\nAmplifier la production de collag\u00e8ne<br \/>\nRides et ridules<br \/>\nRepulper et raffermir<br \/>\nAnti-\u00e2ge<\/p>\n<p><strong>DESCRIPTION:<\/strong><br \/>\nFabriqu\u00e9 \u00e0 partir de cellulose 100 % naturelle, biod\u00e9gradable et affinitaire pour la peau, ce masque<br \/>\nen feuille infuse des ingr\u00e9dients b\u00e9n\u00e9fiques dans la peau. Il cr\u00e9e une barri\u00e8re qui retient l'humidit\u00e9 et<br \/>\nemp\u00eache l'\u00e9vaporation. Pour de meilleurs r\u00e9sultats, utilisez-le le matin ou le soir apr\u00e8s avoir nettoy\u00e9<br \/>\net tonifi\u00e9 votre visage afin de pr\u00e9parer votre peau \u00e0 une absorption optimale des ingr\u00e9dients actifs.<br \/>\nAppliquez le masque sur votre visage pendant 10 \u00e0 15 minutes. Une fois le temps \u00e9coul\u00e9, retirez le<br \/>\nmasque et terminez par un soin hydratant, tel qu'un s\u00e9rum aux peptides.<\/p>\n<p>&nbsp;<\/p>\n<p><strong>TYPES DE PEAU\/PR\u00c9OCCUPATIONS:<\/strong>Vieillissement pr\u00e9matur\u00e9 de la peau, Tous types de \npeau<\/p>\n<p><strong>INGR\u00c9DIENTS ACTIFS :<\/strong><\/p>\n<p>\u2022 Collag\u00e8ne hydrolys<\/p>\n<p>&nbsp;<\/p>\n<p><strong>QUANTITY: 10 PCS<\/strong><\/p>","protected":false},"excerpt":{"rendered":"<p>SOLUTION FOR: Stimulating Skin Cells Amplifying Collagen Production Fine Lines &amp; Wrinkles Plumping &amp; Firming Anti-Aging DESCRIPTION: Made from 100% natural, biodegradable, and skin-affinitive cellulose, this sheet mask infuses beneficial<\/p>","protected":false},"featured_media":3359,"comment_status":"open","ping_status":"closed","template":"","meta":[],"product_cat":[157,139],"product_tag":[87,94,76],"class_list":{"0":"post-3357","1":"product","2":"type-product","3":"status-publish","4":"has-post-thumbnail","6":"product_cat-esthemax","7":"product_cat-sheet-masks","8":"product_tag-all-skin-types","9":"product_tag-anti-ageing","10":"product_tag-mature-skin","12":"first","13":"instock","14":"taxable","15":"shipping-taxable","16":"product-type-simple"},"_links":{"self":[{"href":"https:\/\/swissbeautypro.com\/fr\/wp-json\/wp\/v2\/product\/3357","targetHints":{"allow":["GET"]}}],"collection":[{"href":"https:\/\/swissbeautypro.com\/fr\/wp-json\/wp\/v2\/product"}],"about":[{"href":"https:\/\/swissbeautypro.com\/fr\/wp-json\/wp\/v2\/types\/product"}],"replies":[{"embeddable":true,"href":"https:\/\/swissbeautypro.com\/fr\/wp-json\/wp\/v2\/comments?post=3357"}],"version-history":[{"count":1,"href":"https:\/\/swissbeautypro.com\/fr\/wp-json\/wp\/v2\/product\/3357\/revisions"}],"predecessor-version":[{"id":3360,"href":"https:\/\/swissbeautypro.com\/fr\/wp-json\/wp\/v2\/product\/3357\/revisions\/3360"}],"wp:featuredmedia":[{"embeddable":true,"href":"https:\/\/swissbeautypro.com\/fr\/wp-json\/wp\/v2\/media\/3359"}],"wp:attachment":[{"href":"https:\/\/swissbeautypro.com\/fr\/wp-json\/wp\/v2\/media?parent=3357"}],"wp:term":[{"taxonomy":"product_cat","embeddable":true,"href":"https:\/\/swissbeautypro.com\/fr\/wp-json\/wp\/v2\/product_cat?post=3357"},{"taxonomy":"product_tag","embeddable":true,"href":"https:\/\/swissbeautypro.com\/fr\/wp-json\/wp\/v2\/product_tag?post=3357"}],"curies":[{"name":"wp","href":"https:\/\/api.w.org\/{rel}","templated":true}]}}