{"id":3361,"date":"2025-02-12T17:12:58","date_gmt":"2025-02-12T17:12:58","guid":{"rendered":"https:\/\/swissbeautypro.com\/?post_type=product&#038;p=3361"},"modified":"2025-04-28T08:26:47","modified_gmt":"2025-04-28T08:26:47","slug":"lemon-soft-peeling-gel","status":"publish","type":"product","link":"https:\/\/swissbeautypro.com\/fr\/produit\/lemon-soft-peeling-gel\/","title":{"rendered":"Lemon Soft Peeling Gel"},"content":{"rendered":"<p><strong>SOLUTION POUR :<\/strong><br \/>\nExfoliation des cellules mortes ou s\u00e8ches de la peau<br \/>\n\u00c9claircissement et rafra\u00eechissement<\/p>\n<p><strong>DESCRIPTION:<\/strong><br \/>\nLe niacinamide contribue \u00e0 am\u00e9liorer l'\u00e9lasticit\u00e9 de la peau et renforce consid\u00e9rablement sa fonction<br \/>\nde barri\u00e8re en augmentant la synth\u00e8se des lipides intercellulaires. Il aide \u00e9galement \u00e0 r\u00e9duire les<br \/>\nd\u00e9colorations et la rosac\u00e9e, en redonnant \u00e0 la peau un teint et une texture sains. L'extrait de citron<br \/>\nest un astringent qui aide \u00e0 d\u00e9toxifier les impuret\u00e9s. L'extrait de papaye agit comme un exfoliant \nnaturel, d\u00e9collant efficacement les peaux mortes et s\u00e8ches.<\/p>\n<p><strong>TYPE DE PEAU \/ PR\u00c9OCCUPATIONS CUTAN\u00c9ES :<\/strong> Peau terne, Teint in\u00e9gal, Tous types de peau<\/p>\n<p><strong>INGR\u00c9DIENTS ACTIFS :<\/strong><\/p>\n<p>Extrait de citron<br \/>\nMicrosph\u00e8res exfoliantes<\/p>\n<p><strong>MODE D\u2019EMPLOI :<\/strong><\/p>\n<p>Appliquer sur une peau propre.<br \/>\nLaisser agir 1 \u00e0 2 minutes.<br \/>\nMasser doucement pendant 5 minutes.<br \/>\nRetirer avec une serviette chaude.<\/p>\n<p><strong>MONTANT : 1000 ml<\/strong><\/p>","protected":false},"excerpt":{"rendered":"<p>SOLUTION FOR: Exfoliation of Dead or Dry Skin Cells Brightening and Refreshing DESCRIPTION: Niacinamide helps improve the skin&#8217;s elasticity and significantly enhances its barrier function by increasing intercellular lipid synthesis.<\/p>","protected":false},"featured_media":3363,"comment_status":"open","ping_status":"closed","template":"","meta":[],"product_cat":[157,92],"product_tag":[87,74,150,75],"class_list":{"0":"post-3361","1":"product","2":"type-product","3":"status-publish","4":"has-post-thumbnail","6":"product_cat-esthemax","7":"product_cat-cleansers","8":"product_tag-all-skin-types","9":"product_tag-dull-skin","10":"product_tag-peeling","11":"product_tag-skin-renewal","13":"first","14":"instock","15":"taxable","16":"shipping-taxable","17":"product-type-simple"},"_links":{"self":[{"href":"https:\/\/swissbeautypro.com\/fr\/wp-json\/wp\/v2\/product\/3361","targetHints":{"allow":["GET"]}}],"collection":[{"href":"https:\/\/swissbeautypro.com\/fr\/wp-json\/wp\/v2\/product"}],"about":[{"href":"https:\/\/swissbeautypro.com\/fr\/wp-json\/wp\/v2\/types\/product"}],"replies":[{"embeddable":true,"href":"https:\/\/swissbeautypro.com\/fr\/wp-json\/wp\/v2\/comments?post=3361"}],"version-history":[{"count":1,"href":"https:\/\/swissbeautypro.com\/fr\/wp-json\/wp\/v2\/product\/3361\/revisions"}],"predecessor-version":[{"id":3362,"href":"https:\/\/swissbeautypro.com\/fr\/wp-json\/wp\/v2\/product\/3361\/revisions\/3362"}],"wp:featuredmedia":[{"embeddable":true,"href":"https:\/\/swissbeautypro.com\/fr\/wp-json\/wp\/v2\/media\/3363"}],"wp:attachment":[{"href":"https:\/\/swissbeautypro.com\/fr\/wp-json\/wp\/v2\/media?parent=3361"}],"wp:term":[{"taxonomy":"product_cat","embeddable":true,"href":"https:\/\/swissbeautypro.com\/fr\/wp-json\/wp\/v2\/product_cat?post=3361"},{"taxonomy":"product_tag","embeddable":true,"href":"https:\/\/swissbeautypro.com\/fr\/wp-json\/wp\/v2\/product_tag?post=3361"}],"curies":[{"name":"wp","href":"https:\/\/api.w.org\/{rel}","templated":true}]}}