{"id":3371,"date":"2025-02-17T17:44:55","date_gmt":"2025-02-17T17:44:55","guid":{"rendered":"https:\/\/swissbeautypro.com\/?post_type=product&#038;p=3371"},"modified":"2025-09-27T09:34:19","modified_gmt":"2025-09-27T09:34:19","slug":"tesla-med-ion-stream-680-pro","status":"publish","type":"product","link":"https:\/\/swissbeautypro.com\/fr\/produit\/tesla-med-ion-stream-680-pro\/","title":{"rendered":"TESLA MED ION STREAM 680 PRO"},"content":{"rendered":"<p class=\" translation-block\">Le Tesla Med ION STREAM 680 PRO repr\u00e9sente une r\u00e9volution dans le secteur m\u00e9dical et \nesth\u00e9tique, fruit de plus de vingt ans de recherche et d'innovation par Tesla Med. Cet appareil \nunique au monde est le premier syst\u00e8me \u00e0 utiliser un g\u00e9n\u00e9rateur de flux ioniques et un \n\u00e9chantillonnage de micro-courants en paquets, int\u00e9grant jusqu'\u00e0 10 traitements non invasifs en \nune seule s\u00e9ance<\/p>\n<p><strong><span style=\"color: #000000;\">TECHNOLOGIE INNOVANTE AVEC 2 BREVETS MONDIAUX<strong><\/p>\n<p><strong><span style=\"color: #000000;\">\ufffd FLUX IONIQUES<\/span><\/strong><br \/>\n\u2022 Nanodermabrasion gr\u00e2ce \u00e0 l'\u00e9mission de flux ioniques<br \/>\n\u2022 Stimulation de la production de collag\u00e8ne et d\u2019\u00e9lastine de type r\u00e9ticulaire<br \/>\n\u2022 G\u00e9n\u00e9ration localis\u00e9e d\u2019ozone, exclusivement sur la zone trait\u00e9e<\/p>\n<p><strong><span style=\"color: #000000;\">\ufffd MICRO-COURANTS \u00c0 \u00c9CHANTILLONNAGE EN PAQUETS<\/span><\/strong><br \/>\n\u2022 Contraction des fibroblastes avec un raffermissement imm\u00e9diat des tissus<br \/>\n\u2022 Am\u00e9lioration du m\u00e9tabolisme cellulaire et de la qualit\u00e9 de la peau<\/p>\n<p><strong><span style=\"color: #000000;\">INDICATIONS TRAITABLES<\/span><\/strong><\/p>\n<p>\u2705 <strong><span style=\"color: #000000;\"><span style=\"color: #000000;\">VISAGE<\/span><\/span><\/strong><br \/>\n\u2022 Taches cutan\u00e9es et taches solaires<br \/>\n\u2022 Rides, signes du vieillissement et rides du code-barres<br \/>\n\u2022 Dyschromies cutan\u00e9es<br \/>\n\u2022 Traitement cibl\u00e9 des taches de vieillesse<br \/>\n\u2022 Double menton<br \/>\n\u2022 Paupi\u00e8res tombantes<br \/>\n\u2022 Cicatrices d\u2019acn\u00e9 et chirurgicales<br \/>\n\u2022 R\u00e9duction des poches sous les yeux et des cernes<br \/>\n\u2022 Repulpage des l\u00e8vres<\/p>\n<p>\u2705 <strong><span style=\"color: #000000;\">CORPS<\/span><\/strong><br \/>\n\u2022 Vergetures<br \/>\n\u2022 Graisse localis\u00e9e<br \/>\n\u2022 Rel\u00e2chement cutan\u00e9<br \/>\n\u2022 Am\u00e9lioration de l\u2019apparence de la cellulite<br \/>\n\u2022 Raffermissement des fessiers<br \/>\n\u2022 Remodelage et tonification du corps<br \/>\n\u2022 Drainage lymphatique<br \/>\n\u2022 Raffermissement de la poitrine<\/p>\n<p class=\" translation-block\"><strong><span style=\"color: #000000\">DES R\u00c9SULTATS IMPRESSIONNANTS D\u00c8S LA PREMI\u00c8RE S\u00c9ANCE<\/span><\/strong><br>\nLe Tesla Med ION STREAM 680 PRO propose une approche s\u00e9curis\u00e9e, efficace et non invasive, \ngarantissant des r\u00e9sultats visibles d\u00e8s la premi\u00e8re s\u00e9ance. Parfait pour les centres esth\u00e9tiques et \nm\u00e9dicaux de pointe, il est le choix id\u00e9al pour ceux qui souhaitent offrir des traitements de \nnouvelle g\u00e9n\u00e9ration avec une efficacit\u00e9 maximale.<\/p>\n<p><strong><span style=\"color: #000000;\">D\u00e9couvrez l\u2019avenir de la technologie esth\u00e9tique avec le Tesla Med ION STREAM 680 PRO !<\/span><\/strong><\/p>","protected":false},"excerpt":{"rendered":"<p>The Tesla Med ION STREAM 680 PRO represents a revolution in the medical and aesthetic sector, the result of over twenty years of research and innovation by Tesla Med. This<\/p>","protected":false},"featured_media":3373,"comment_status":"open","ping_status":"closed","template":"","meta":[],"product_cat":[158],"product_tag":[86,90,94,76,84],"class_list":{"0":"post-3371","1":"product","2":"type-product","3":"status-publish","4":"has-post-thumbnail","6":"product_cat-devices","7":"product_tag-acne","8":"product_tag-acne-scars","9":"product_tag-anti-ageing","10":"product_tag-mature-skin","11":"product_tag-pigmentation","13":"first","14":"instock","15":"taxable","16":"shipping-taxable","17":"product-type-external"},"_links":{"self":[{"href":"https:\/\/swissbeautypro.com\/fr\/wp-json\/wp\/v2\/product\/3371","targetHints":{"allow":["GET"]}}],"collection":[{"href":"https:\/\/swissbeautypro.com\/fr\/wp-json\/wp\/v2\/product"}],"about":[{"href":"https:\/\/swissbeautypro.com\/fr\/wp-json\/wp\/v2\/types\/product"}],"replies":[{"embeddable":true,"href":"https:\/\/swissbeautypro.com\/fr\/wp-json\/wp\/v2\/comments?post=3371"}],"version-history":[{"count":6,"href":"https:\/\/swissbeautypro.com\/fr\/wp-json\/wp\/v2\/product\/3371\/revisions"}],"predecessor-version":[{"id":3397,"href":"https:\/\/swissbeautypro.com\/fr\/wp-json\/wp\/v2\/product\/3371\/revisions\/3397"}],"wp:featuredmedia":[{"embeddable":true,"href":"https:\/\/swissbeautypro.com\/fr\/wp-json\/wp\/v2\/media\/3373"}],"wp:attachment":[{"href":"https:\/\/swissbeautypro.com\/fr\/wp-json\/wp\/v2\/media?parent=3371"}],"wp:term":[{"taxonomy":"product_cat","embeddable":true,"href":"https:\/\/swissbeautypro.com\/fr\/wp-json\/wp\/v2\/product_cat?post=3371"},{"taxonomy":"product_tag","embeddable":true,"href":"https:\/\/swissbeautypro.com\/fr\/wp-json\/wp\/v2\/product_tag?post=3371"}],"curies":[{"name":"wp","href":"https:\/\/api.w.org\/{rel}","templated":true}]}}