{"id":3424,"date":"2025-03-28T19:56:34","date_gmt":"2025-03-28T19:56:34","guid":{"rendered":"https:\/\/swissbeautypro.com\/?post_type=product&#038;p=3424"},"modified":"2025-10-10T16:12:14","modified_gmt":"2025-10-10T16:12:14","slug":"nuna-by-premier","status":"publish","type":"product","link":"https:\/\/swissbeautypro.com\/fr\/produit\/nuna-by-premier\/","title":{"rendered":"NUNA By Premier"},"content":{"rendered":"<p>CONTACTEZ-NOUS POUR PLUS DE D\u00c9TAILS<\/p>\n<p>D\u00e9couvrez Notre Derni\u00e8re Innovation \u2013 NUNA MAX<\/p>\n<p> D\u00e9couvrez la puissance des soins professionnels \u00e0 domicile avec NUNA MAX, un appareil de<br \/>\nsoin du visage avanc\u00e9, con\u00e7u pour une utilisation rapide, facile et s\u00fbre. Il s\u2019int\u00e8gre parfaitement \u00e0<br \/>\nvotre routine de soins et revitalise la peau en quelques minutes \u2013 \u00e0 tout moment et o\u00f9 que vous \nsoyez<\/p>\n<p> Technologie Avanc\u00e9e pour des R\u00e9sultats Visibles<\/p>\n<p>Gr\u00e2ce \u00e0 la th\u00e9rapie par lumi\u00e8re rouge, NUNA MAX p\u00e9n\u00e8tre en profondeur dans la peau pour<br \/>\nstimuler naturellement la production de collag\u00e8ne et de fibroblastes, aidant ainsi \u00e0 am\u00e9liorer :<\/p>\n<p>Rides &amp; ridules<br \/>\nTaches pigmentaires &amp; teint irr\u00e9gulier<br \/>\nTexture de la peau &amp; pores dilat\u00e9s<br \/>\nSant\u00e9 globale de la peau &amp; \u00e9clat<\/p>\n<p> Pour une Utilisation Professionnelle &amp; \u00e0 Domicile<\/p>\n<p>NUNA MAX peut \u00eatre utilis\u00e9 en cabine pour des soins professionnels et est \u00e9galement id\u00e9al pour<br \/>\nla revente dans les instituts de beaut\u00e9, permettant aux clients de poursuivre leur routine anti-\u00e2ge \u00e0 \ndomicile.<\/p>\n<p>Appareil M\u00e9dical Reconnu &amp; Prim\u00e9<\/p>\n<p>Finaliste des Pure Beauty Awards et dispositif m\u00e9dical anti-\u00e2ge certifi\u00e9 510(k) par la FDA,<br \/>\nNUNA MAX apporte des soins professionnels directement chez vous \u2013 pour des r\u00e9sultats visibles<br \/>\net une peau \u00e9clatante de jeunesse<\/p>\n<p> Peut \u00eatre utilis\u00e9 en cabine et vendu \u00e0 vos clients pour une utilisation \u00e0 domicile dans votre \ninstitut de beaut\u00e9.<\/p>","protected":false},"excerpt":{"rendered":"<p>CONTACT US FOR MORE DETAILS Meet Our Latest Innovation \u2013 NUNA MAX Experience the power of professional skincare at home with NUNA MAX, an advanced facial treatment device designed for<\/p>","protected":false},"featured_media":3427,"comment_status":"open","ping_status":"closed","template":"","meta":[],"product_cat":[158],"product_tag":[],"class_list":{"0":"post-3424","1":"product","2":"type-product","3":"status-publish","4":"has-post-thumbnail","6":"product_cat-devices","8":"first","9":"instock","10":"taxable","11":"shipping-taxable","12":"product-type-simple"},"_links":{"self":[{"href":"https:\/\/swissbeautypro.com\/fr\/wp-json\/wp\/v2\/product\/3424","targetHints":{"allow":["GET"]}}],"collection":[{"href":"https:\/\/swissbeautypro.com\/fr\/wp-json\/wp\/v2\/product"}],"about":[{"href":"https:\/\/swissbeautypro.com\/fr\/wp-json\/wp\/v2\/types\/product"}],"replies":[{"embeddable":true,"href":"https:\/\/swissbeautypro.com\/fr\/wp-json\/wp\/v2\/comments?post=3424"}],"version-history":[{"count":1,"href":"https:\/\/swissbeautypro.com\/fr\/wp-json\/wp\/v2\/product\/3424\/revisions"}],"predecessor-version":[{"id":3426,"href":"https:\/\/swissbeautypro.com\/fr\/wp-json\/wp\/v2\/product\/3424\/revisions\/3426"}],"wp:featuredmedia":[{"embeddable":true,"href":"https:\/\/swissbeautypro.com\/fr\/wp-json\/wp\/v2\/media\/3427"}],"wp:attachment":[{"href":"https:\/\/swissbeautypro.com\/fr\/wp-json\/wp\/v2\/media?parent=3424"}],"wp:term":[{"taxonomy":"product_cat","embeddable":true,"href":"https:\/\/swissbeautypro.com\/fr\/wp-json\/wp\/v2\/product_cat?post=3424"},{"taxonomy":"product_tag","embeddable":true,"href":"https:\/\/swissbeautypro.com\/fr\/wp-json\/wp\/v2\/product_tag?post=3424"}],"curies":[{"name":"wp","href":"https:\/\/api.w.org\/{rel}","templated":true}]}}