{"id":3548,"date":"2025-11-17T19:48:22","date_gmt":"2025-11-17T19:48:22","guid":{"rendered":"https:\/\/swissbeautypro.com\/?post_type=product&#038;p=3548"},"modified":"2026-01-27T15:14:08","modified_gmt":"2026-01-27T15:14:08","slug":"salmon-dna-pdrn","status":"publish","type":"product","link":"https:\/\/swissbeautypro.com\/fr\/produit\/salmon-dna-pdrn\/","title":{"rendered":"SALMON DNA PDRN"},"content":{"rendered":"<p><strong>DESCRIPTION:<\/strong><\/p>\n<p class=\" translation-block\">ADN de saumon (PDRN) : favorise le renouvellement cellulaire et stimule la production de \ncollag\u00e8ne.\n Anti-inflammatoire : aide \u00e0 r\u00e9duire les rougeurs, les gonflements et les irritations apr\u00e8s les \ntraitements.\n Effet \u00e9claircissant : contribue \u00e0 un teint uniforme et r\u00e9duit le teint terne.\n Soutien de la barri\u00e8re cutan\u00e9e : renforce et restaure la barri\u00e8re cutan\u00e9e affaiblie ou endommag\u00e9e<\/p>\n<p><strong>INGR\u00c9DIENTS ACTIFS :<\/strong><br \/>\nExtrait de PDRN (Polyd\u00e9soxyribonucl\u00e9otide), ADN de sodium<br \/>\nPoudre d\u2019ac\u00e9rola biologique<br \/>\nPoudre de fraise biologique<\/p>\n<p><strong>TYPE DE PEAU \/ PR\u00c9OCCUPATIONS CUTAN\u00c9ES :<\/strong><br \/>\nPeaux sensibles, ab\u00eem\u00e9es ou irrit\u00e9es<br \/>\nPeaux matures et affin\u00e9es<br \/>\nTeint terne, peau s\u00e8che et irr\u00e9guli\u00e8re<br \/>\nR\u00e9g\u00e9n\u00e9ration de la peau apr\u00e8s des soins intensifs<\/p>\n<p><strong>MODE D\u2019EMPLOI :<\/strong><br \/>\nMescolare 50 ml di prodotto con 40 ml d\u2019acqua. Applicare sulla zona cutanea da trattare.<br \/>\nLaisser poser pendant 20 minutes, puis retirer<\/p>\n<p><strong>APPLICAZIONI:<\/strong><br \/>\nViso: 17 applicazioni<br \/>\nViso e collo: 10 applicazioni<\/p>\n<p><strong>QUANTIT\u00c9 : 500 g<\/strong><\/p>","protected":false},"excerpt":{"rendered":"<p>DESCRIPTION: Salmon DNA (PDRN): promotes cell renewal and stimulates collagen production. Anti-inflammatory: helps reduce redness, swelling, and irritation after treatments. Brightening effect: promotes an even skin tone and reduces dullness.<\/p>","protected":false},"featured_media":3551,"comment_status":"open","ping_status":"closed","template":"","meta":[],"product_cat":[157,71],"product_tag":[94,74,76,80],"class_list":{"0":"post-3548","1":"product","2":"type-product","3":"status-publish","4":"has-post-thumbnail","6":"product_cat-esthemax","7":"product_cat-hydrojelly-mask","8":"product_tag-anti-ageing","9":"product_tag-dull-skin","10":"product_tag-mature-skin","11":"product_tag-sensitive-skin","13":"first","14":"outofstock","15":"taxable","16":"shipping-taxable","17":"product-type-simple"},"_links":{"self":[{"href":"https:\/\/swissbeautypro.com\/fr\/wp-json\/wp\/v2\/product\/3548","targetHints":{"allow":["GET"]}}],"collection":[{"href":"https:\/\/swissbeautypro.com\/fr\/wp-json\/wp\/v2\/product"}],"about":[{"href":"https:\/\/swissbeautypro.com\/fr\/wp-json\/wp\/v2\/types\/product"}],"replies":[{"embeddable":true,"href":"https:\/\/swissbeautypro.com\/fr\/wp-json\/wp\/v2\/comments?post=3548"}],"version-history":[{"count":1,"href":"https:\/\/swissbeautypro.com\/fr\/wp-json\/wp\/v2\/product\/3548\/revisions"}],"predecessor-version":[{"id":3552,"href":"https:\/\/swissbeautypro.com\/fr\/wp-json\/wp\/v2\/product\/3548\/revisions\/3552"}],"wp:featuredmedia":[{"embeddable":true,"href":"https:\/\/swissbeautypro.com\/fr\/wp-json\/wp\/v2\/media\/3551"}],"wp:attachment":[{"href":"https:\/\/swissbeautypro.com\/fr\/wp-json\/wp\/v2\/media?parent=3548"}],"wp:term":[{"taxonomy":"product_cat","embeddable":true,"href":"https:\/\/swissbeautypro.com\/fr\/wp-json\/wp\/v2\/product_cat?post=3548"},{"taxonomy":"product_tag","embeddable":true,"href":"https:\/\/swissbeautypro.com\/fr\/wp-json\/wp\/v2\/product_tag?post=3548"}],"curies":[{"name":"wp","href":"https:\/\/api.w.org\/{rel}","templated":true}]}}