{"id":919,"date":"2024-04-15T18:53:18","date_gmt":"2024-04-15T18:53:18","guid":{"rendered":"https:\/\/swissbeautypro.com\/?post_type=product&#038;p=919"},"modified":"2025-07-30T12:06:52","modified_gmt":"2025-07-30T12:06:52","slug":"esthepro-cryo-globes","status":"publish","type":"product","link":"https:\/\/swissbeautypro.com\/fr\/produit\/esthepro-cryo-globes\/","title":{"rendered":"ESTHEPRO CRYO GLOBES"},"content":{"rendered":"<p><span style=\"color: #000000;\"><strong>DESCRIPTION<\/strong>:<\/span><\/p>\n<p class=\" translation-block\">Fabriqu\u00e9 en acier inoxydable incassable, adapt\u00e9 \u00e0 la cong\u00e9lation. <br>\nPropri\u00e9t\u00e9s anti-inflammatoires : aide \u00e0 stimuler le flux sanguin et \u00e0 augmenter l'oxyg\u00e9nation de la peau pour r\u00e9duire l'inflammation.<br>\nAide \u00e0 drainer les toxines de la peau. Cette d\u00e9toxification de la peau permet \u00e9galement d'unifier le teint et d'\u00e9claircir la peau en r\u00e9duisant la pigmentation cutan\u00e9e. <br>\nPropri\u00e9t\u00e9s anti-\u00e2ge : favorise et stimule la production de collag\u00e8ne. Cela contribue en outre \u00e0 r\u00e9duire l'apparition des ridules, des rides et de l'acn\u00e9. Att\u00e9nue les pores dilat\u00e9s et combat les dommages caus\u00e9s par l'exposition aux UV\/au soleil. Aide \u00e0 obtenir une peau plus lisse, plus ferme et plus jeune, avec un \u00e9clat sain. <br>\nPropri\u00e9t\u00e9s apaisantes : Appliquer sur tout le corps pour soulager les douleurs musculaires, apaiser \nles coups de soleil, soigner les ecchymoses, engourdir les petites blessures et m\u00eame calmer la fi\u00e8vre. <br>\nId\u00e9al apr\u00e8s des traitements plus invasifs comme le laser, l'\u00e9pilation, les peelings.<\/p>\n<p><span style=\"color: #000000;\"><strong>MODE D\u2019EMPLOI :<\/strong><\/span><\/p>\n<p class=\" translation-block\">Ils sont tr\u00e8s faciles \u00e0 utiliser. Il suffit de le placer au r\u00e9frig\u00e9rateur 5 \u00e0 10 minutes avant le soin du \nvisage ou tout autre traitement souhait\u00e9. Peut \u00eatre conserv\u00e9 au r\u00e9frig\u00e9rateur, sur de la glace ou au \ncong\u00e9lateur.<\/p>","protected":false},"excerpt":{"rendered":"<p><span style=\"color: #000000;\">Livraison 2-3 jours ouvrables<\/span><\/p>","protected":false},"featured_media":920,"comment_status":"open","ping_status":"closed","template":"","meta":[],"product_cat":[104,71,70],"product_tag":[],"class_list":{"0":"post-919","1":"product","2":"type-product","3":"status-publish","4":"has-post-thumbnail","6":"product_brand-esthemax","7":"product_cat-accessories","8":"product_cat-hydrojelly-mask","9":"product_cat-products","11":"first","12":"outofstock","13":"taxable","14":"shipping-taxable","15":"product-type-variable"},"_links":{"self":[{"href":"https:\/\/swissbeautypro.com\/fr\/wp-json\/wp\/v2\/product\/919","targetHints":{"allow":["GET"]}}],"collection":[{"href":"https:\/\/swissbeautypro.com\/fr\/wp-json\/wp\/v2\/product"}],"about":[{"href":"https:\/\/swissbeautypro.com\/fr\/wp-json\/wp\/v2\/types\/product"}],"replies":[{"embeddable":true,"href":"https:\/\/swissbeautypro.com\/fr\/wp-json\/wp\/v2\/comments?post=919"}],"version-history":[{"count":8,"href":"https:\/\/swissbeautypro.com\/fr\/wp-json\/wp\/v2\/product\/919\/revisions"}],"predecessor-version":[{"id":2959,"href":"https:\/\/swissbeautypro.com\/fr\/wp-json\/wp\/v2\/product\/919\/revisions\/2959"}],"wp:featuredmedia":[{"embeddable":true,"href":"https:\/\/swissbeautypro.com\/fr\/wp-json\/wp\/v2\/media\/920"}],"wp:attachment":[{"href":"https:\/\/swissbeautypro.com\/fr\/wp-json\/wp\/v2\/media?parent=919"}],"wp:term":[{"taxonomy":"product_cat","embeddable":true,"href":"https:\/\/swissbeautypro.com\/fr\/wp-json\/wp\/v2\/product_cat?post=919"},{"taxonomy":"product_tag","embeddable":true,"href":"https:\/\/swissbeautypro.com\/fr\/wp-json\/wp\/v2\/product_tag?post=919"}],"curies":[{"name":"wp","href":"https:\/\/api.w.org\/{rel}","templated":true}]}}