{"id":930,"date":"2024-04-15T19:03:21","date_gmt":"2024-04-15T19:03:21","guid":{"rendered":"https:\/\/swissbeautypro.com\/?post_type=product&#038;p=930"},"modified":"2026-02-07T21:12:10","modified_gmt":"2026-02-07T21:12:10","slug":"mixing-bowl","status":"publish","type":"product","link":"https:\/\/swissbeautypro.com\/fr\/produit\/mixing-bowl\/","title":{"rendered":"MIXING BOWL"},"content":{"rendered":"<p><span style=\"color: #000000;\"><strong>DESCRIPTION<\/strong>:<\/span><\/p>\n<p>Bowl \u00e0 m\u00e9langer, fait avec du silicone 100% de qualit\u00e9 alimentaire (BPA, BPS, phtalate Latex sans. \nNon toxique<\/p>","protected":false},"excerpt":{"rendered":"<p><span style=\"color: #000000;\">Livraison 2-3 jours ouvrables<\/span><\/p>","protected":false},"featured_media":931,"comment_status":"open","ping_status":"closed","template":"","meta":[],"product_cat":[70,104,71],"product_tag":[],"class_list":{"0":"post-930","1":"product","2":"type-product","3":"status-publish","4":"has-post-thumbnail","6":"product_brand-esthemax","7":"product_cat-products","8":"product_cat-accessories","9":"product_cat-hydrojelly-mask","11":"first","12":"instock","13":"taxable","14":"shipping-taxable","15":"product-type-variable"},"_links":{"self":[{"href":"https:\/\/swissbeautypro.com\/fr\/wp-json\/wp\/v2\/product\/930","targetHints":{"allow":["GET"]}}],"collection":[{"href":"https:\/\/swissbeautypro.com\/fr\/wp-json\/wp\/v2\/product"}],"about":[{"href":"https:\/\/swissbeautypro.com\/fr\/wp-json\/wp\/v2\/types\/product"}],"replies":[{"embeddable":true,"href":"https:\/\/swissbeautypro.com\/fr\/wp-json\/wp\/v2\/comments?post=930"}],"version-history":[{"count":6,"href":"https:\/\/swissbeautypro.com\/fr\/wp-json\/wp\/v2\/product\/930\/revisions"}],"predecessor-version":[{"id":3492,"href":"https:\/\/swissbeautypro.com\/fr\/wp-json\/wp\/v2\/product\/930\/revisions\/3492"}],"wp:featuredmedia":[{"embeddable":true,"href":"https:\/\/swissbeautypro.com\/fr\/wp-json\/wp\/v2\/media\/931"}],"wp:attachment":[{"href":"https:\/\/swissbeautypro.com\/fr\/wp-json\/wp\/v2\/media?parent=930"}],"wp:term":[{"taxonomy":"product_cat","embeddable":true,"href":"https:\/\/swissbeautypro.com\/fr\/wp-json\/wp\/v2\/product_cat?post=930"},{"taxonomy":"product_tag","embeddable":true,"href":"https:\/\/swissbeautypro.com\/fr\/wp-json\/wp\/v2\/product_tag?post=930"}],"curies":[{"name":"wp","href":"https:\/\/api.w.org\/{rel}","templated":true}]}}