{"id":950,"date":"2024-04-15T21:44:31","date_gmt":"2024-04-15T21:44:31","guid":{"rendered":"https:\/\/swissbeautypro.com\/?post_type=product&#038;p=950"},"modified":"2026-03-11T19:22:58","modified_gmt":"2026-03-11T19:22:58","slug":"aha-bha-hydrojelly-mask","status":"publish","type":"product","link":"https:\/\/swissbeautypro.com\/fr\/produit\/aha-bha-hydrojelly-mask\/","title":{"rendered":"AHA BHA Hydrojelly Mask"},"content":{"rendered":"<p><span style=\"color: #000000;\"><strong>DESCRIPTION:<\/strong><\/span><\/p>\n<p class=\" translation-block\">Les acides alpha-hydroxyl\u00e9s (AHA) sont des mol\u00e9cules hydrosolubles qui aident \u00e0 exfolier la peau, \n\u00e0 \u00e9liminer les cellules mortes et \u00e0 produire une transformation \u00e9pidermique. <br>\nCe traitement exfoliant efficace aux enzymes de fruits hautement antioxydantes de citrouille (acide \nol\u00e9ique et linol\u00e9ique), de papaye (acide pantoth\u00e9nique) et de noix de coco (acide laurique et \ncaprique) am\u00e9liore l'apparence de la peau terne, vieillie, in\u00e9galement textur\u00e9e et s\u00e8che. Am\u00e9liore le \nteint de la peau, minimise l'apparence des ridules d'expression, favorisant une peau douce, \u00e9clatante \net revitalis\u00e9e.<\/p>\n<p><span style=\"color: #000000;\"><strong>TYPE DE PEAU \/ PR\u00c9OCCUPATIONS CUTAN\u00c9ES :<\/strong><\/span><\/p>\n<p class=\" translation-block\">Id\u00e9al pour les soins exfoliants de renouvellement \n\u00e9pidermique. <br>\nTexture in\u00e9gale <br>\nTonalit\u00e9 in\u00e9gale <br>\nPeau fatigu\u00e9e ou s\u00e8che<\/p>\n<p><span style=\"color: #000000;\"><strong>INGR\u00c9DIENTS ACTIFS :<\/strong><\/span><\/p>\n<p class=\" translation-block\">\u2022 Citrouille bio <br>\n\u2022 Papaye bio <br>\n\u2022 \u00c9lectrolyte organique<\/p>\n<p><span style=\"color: #000000;\"><strong>MODE D\u2019EMPLOI :<\/strong><\/span><br \/>\n\u2022 M\u00e9langer 50 ml du produit avec 40 ml d'eau.<br \/>\n\u2022 Appliquer sur la surface de la peau \u00e0 traiter.<br \/>\n\u2022 Laisser agir 20 minutes et retirer.<\/p>\n<p><strong><span style=\"color: #000000;\">APPLICATIONS:<\/span>:<\/strong><br \/>\nVisage : 17 applications.<br \/>\nVisage et cou : 10 applications.<\/p>\n<p><strong><span style=\"color: #000000;\">CONTENU:<\/span><\/strong><\/p>\n<p>500gr.<\/p>","protected":false},"excerpt":{"rendered":"<p><span style=\"color: #000000;\">Livraison 2-3 jours ouvrables<\/span><\/p>","protected":false},"featured_media":954,"comment_status":"open","ping_status":"closed","template":"","meta":[],"product_cat":[110,113,114,123,70,71],"product_tag":[94,73,74,75],"class_list":{"0":"post-950","1":"product","2":"type-product","3":"status-publish","4":"has-post-thumbnail","6":"product_brand-esthemax","7":"product_cat-anti-ageing","8":"product_cat-dry-skin","9":"product_cat-dull-skin","10":"product_cat-skin-renewal","11":"product_cat-products","12":"product_cat-hydrojelly-mask","13":"product_tag-anti-ageing","14":"product_tag-dry-skin","15":"product_tag-dull-skin","16":"product_tag-skin-renewal","18":"first","19":"outofstock","20":"taxable","21":"shipping-taxable","22":"product-type-simple"},"_links":{"self":[{"href":"https:\/\/swissbeautypro.com\/fr\/wp-json\/wp\/v2\/product\/950","targetHints":{"allow":["GET"]}}],"collection":[{"href":"https:\/\/swissbeautypro.com\/fr\/wp-json\/wp\/v2\/product"}],"about":[{"href":"https:\/\/swissbeautypro.com\/fr\/wp-json\/wp\/v2\/types\/product"}],"replies":[{"embeddable":true,"href":"https:\/\/swissbeautypro.com\/fr\/wp-json\/wp\/v2\/comments?post=950"}],"version-history":[{"count":5,"href":"https:\/\/swissbeautypro.com\/fr\/wp-json\/wp\/v2\/product\/950\/revisions"}],"predecessor-version":[{"id":2952,"href":"https:\/\/swissbeautypro.com\/fr\/wp-json\/wp\/v2\/product\/950\/revisions\/2952"}],"wp:featuredmedia":[{"embeddable":true,"href":"https:\/\/swissbeautypro.com\/fr\/wp-json\/wp\/v2\/media\/954"}],"wp:attachment":[{"href":"https:\/\/swissbeautypro.com\/fr\/wp-json\/wp\/v2\/media?parent=950"}],"wp:term":[{"taxonomy":"product_cat","embeddable":true,"href":"https:\/\/swissbeautypro.com\/fr\/wp-json\/wp\/v2\/product_cat?post=950"},{"taxonomy":"product_tag","embeddable":true,"href":"https:\/\/swissbeautypro.com\/fr\/wp-json\/wp\/v2\/product_tag?post=950"}],"curies":[{"name":"wp","href":"https:\/\/api.w.org\/{rel}","templated":true}]}}