{"id":953,"date":"2024-04-15T21:56:39","date_gmt":"2024-04-15T21:56:39","guid":{"rendered":"https:\/\/swissbeautypro.com\/?post_type=product&#038;p=953"},"modified":"2026-01-13T13:40:29","modified_gmt":"2026-01-13T13:40:29","slug":"antioxidant-goji","status":"publish","type":"product","link":"https:\/\/swissbeautypro.com\/fr\/produit\/antioxidant-goji\/","title":{"rendered":"ANTIOXIDANT GOJI"},"content":{"rendered":"<p><span style=\"color: #000000;\"><strong>DESCRIPTION:<\/strong><\/span><\/p>\n<p class=\" translation-block\">Le masque Antioxydant Goji Hydrojelly\u00ae Il a un effet antioxydant et anti-\u00e2ge en raison de sa \nconcentration \u00e9lev\u00e9e en vitamine C. <br>\n\u2022 Il favorise une peau translucide, lumineuse et uniforme de la peau. <br>\n\u2022 Favorise la r\u00e9paration de l'\u00e9piderme et du derme.<br> \n\u2022 Am\u00e9liore la vitalit\u00e9 et l'\u00e9nergie de la peau. <br>\n\u2022 Favorise la formation de collag\u00e8ne.<\/p>\n<p><span style=\"color: #000000;\"><strong>TYPE DE PEAU \/ PR\u00c9OCCUPATIONS CUTAN\u00c9ES :<\/strong><\/span><\/p>\n<p>Id\u00e9al pour les peaux matures, sec, sans luminosit\u00e9.<\/p>\n<p><span style=\"color: #000000;\"><strong>INGR\u00c9DIENTS ACTIFS :<\/strong><\/span><\/p>\n<p class=\" translation-block\">\u2022 Organic oat flour.<br>\r\n\u2022 Organic rice flour.<br>\r\n\u2022 Organic Goji berry powder.<br>\r\n\u2022 Organic pomegranate powder.<\/p>\n<p><span style=\"color: #000000;\"><strong>INGR\u00c9DIENTS:<\/strong><\/span><\/p>\n<p class=\" translation-block\">Baie de Goji bio Berry et grenade de potassium, alginate de potassium, alginate de sodium, farine d'avoine \u00e0 \ngrains entiers bio, farine de riz blanc biologique, glucose, silika, poudre d'\u00e9corce blanche biologique, graines \nde kiwi, poudre de baies de goji bio (lycium barbarum), poudre de grenade organique, calcium Sulfate, \npotassium, magn\u00e9sium, sodium, chlorure, bicarbonate, pyrophosphate de sodium, oxydes de fer, parfum.<\/p>\n<p><span style=\"color: #000000;\"><strong>MODE D\u2019EMPLOI :<\/strong><\/span><\/p>\n<p class=\" translation-block\">\u2022 M\u00e9langer 50 ml de produit avec 40 ml d'eau.<br>\n\u2022 Appliquer sur la surface cutan\u00e9e \u00e0 traiter.<br>\n\u2022 Laisser agir 20 minutes et retirer.<\/p>\n<p><span style=\"color: #000000;\"><strong>APPLICAZIONI:<\/strong><\/span><\/p>\n<p>Visage : 17 applications.<br \/>\nViso e collo: 10 applicazioni<\/p>\n<p><span style=\"color: #000000;\"><strong>CONTENU:<\/strong> <\/span><\/p>\n<p>500gr<\/p>","protected":false},"excerpt":{"rendered":"<p><span style=\"color: #000000;\">Livraison 2-3 jours ouvrables<\/span><\/p>","protected":false},"featured_media":957,"comment_status":"open","ping_status":"closed","template":"","meta":[],"product_cat":[110,113,114,71,116,117,70],"product_tag":[94,73,74,77,76],"class_list":{"0":"post-953","1":"product","2":"type-product","3":"status-publish","4":"has-post-thumbnail","6":"product_brand-esthemax","7":"product_cat-anti-ageing","8":"product_cat-dry-skin","9":"product_cat-dull-skin","10":"product_cat-hydrojelly-mask","11":"product_cat-led-lamp","12":"product_cat-mature-skin","13":"product_cat-products","14":"product_tag-anti-ageing","15":"product_tag-dry-skin","16":"product_tag-dull-skin","17":"product_tag-led-lamp","18":"product_tag-mature-skin","20":"first","21":"outofstock","22":"taxable","23":"shipping-taxable","24":"product-type-simple"},"_links":{"self":[{"href":"https:\/\/swissbeautypro.com\/fr\/wp-json\/wp\/v2\/product\/953","targetHints":{"allow":["GET"]}}],"collection":[{"href":"https:\/\/swissbeautypro.com\/fr\/wp-json\/wp\/v2\/product"}],"about":[{"href":"https:\/\/swissbeautypro.com\/fr\/wp-json\/wp\/v2\/types\/product"}],"replies":[{"embeddable":true,"href":"https:\/\/swissbeautypro.com\/fr\/wp-json\/wp\/v2\/comments?post=953"}],"version-history":[{"count":5,"href":"https:\/\/swissbeautypro.com\/fr\/wp-json\/wp\/v2\/product\/953\/revisions"}],"predecessor-version":[{"id":2480,"href":"https:\/\/swissbeautypro.com\/fr\/wp-json\/wp\/v2\/product\/953\/revisions\/2480"}],"wp:featuredmedia":[{"embeddable":true,"href":"https:\/\/swissbeautypro.com\/fr\/wp-json\/wp\/v2\/media\/957"}],"wp:attachment":[{"href":"https:\/\/swissbeautypro.com\/fr\/wp-json\/wp\/v2\/media?parent=953"}],"wp:term":[{"taxonomy":"product_cat","embeddable":true,"href":"https:\/\/swissbeautypro.com\/fr\/wp-json\/wp\/v2\/product_cat?post=953"},{"taxonomy":"product_tag","embeddable":true,"href":"https:\/\/swissbeautypro.com\/fr\/wp-json\/wp\/v2\/product_tag?post=953"}],"curies":[{"name":"wp","href":"https:\/\/api.w.org\/{rel}","templated":true}]}}